{"id":691,"date":"2012-04-03T14:23:15","date_gmt":"2012-04-03T13:23:15","guid":{"rendered":"https:\/\/www.gentrochema.nl\/?p=691"},"modified":"2019-07-16T10:20:58","modified_gmt":"2019-07-16T09:20:58","slug":"potassium-ferrocyanide","status":"publish","type":"page","link":"https:\/\/www.gentrochema.nl\/it\/potassium-ferrocyanide\/","title":{"rendered":"Ferrocianuro di Potassio"},"content":{"rendered":"<p>Il ferrocianuro di potassio \u00e8 disponibile nei nostri magazzini. Esportiamo con successo il nostro ferrocianuro di potassio in tutto il mondo.<br \/>\n<a href=\"https:\/\/www.gentrochema.nl\/en\/general-information\/\">Per favore clicca qui per inviarci la tua richiesta<\/a><\/p>\n<h2>&nbsp;<\/h2>\n<h2>Descrizione Prodotto Ferrocianuro di Potassio<\/h2>\n<p>\u00c8 anche conosciuto con il numero di additivo approvato dall\u2019UE: E536. Inoltre, il ferrocianuro di potassio \u00e8 anche chiamato tetrapotassio esacianoferrato (II) o giallo prussiato o potassa, con formula K4Fe(CN)<sub>6<\/sub>.3H<sub>2<\/sub>O<\/p>\n<h3>&nbsp;<\/h3>\n<h3>Informazioni sul Prodotto<\/h3>\n<p>Il ferrocianuro di potassio \u00e8 un sale fino color giallo (chiaro). Il composto ha un ampio uso come agente antiagglomerante nel sale da cucina, nella produzione del vino (per eliminare rame e ferro, uso enologico), in carta di sicurezza, in acciai da cementazione ed in altre applicazioni di nicchia.<\/p>\n<h3>&nbsp;<\/h3>\n<h3>Dettagli Prodotto<\/h3>\n<p>| Tetrapotassio esacianoferrato (II)&nbsp;| Numero CAS:13943-58-3 (anidro) o 14459-95-1 (triidrato) | Numero EINECS: 237-722-2 (anidro) |<\/p>\n<h3>&nbsp;<\/h3>\n<h3>Informazioni di Sicurezza<\/h3>\n<p>Attenzione! In caso di miscelazione con un acido forte, pu\u00f2 rilasciare acido cianidrico (HCN). Guarda sempre i simboli di rischio chimico e le schede di sicurezza dei materiali.<\/p>\n<h3>&nbsp;<\/h3>\n<h3>Riepilogo MSDS<\/h3>\n<table style=\"width: 792px;\">\n<tbody>\n<tr>\n<td style=\"width: 143px;\">\n<p>&nbsp;<\/p>\n<p><strong>Parola segnale<\/strong><\/p>\n<p>&nbsp;<\/td>\n<td style=\"width: 643px;\">&#8212;<\/td>\n<\/tr>\n<tr>\n<td style=\"width: 143px;\"><strong>Frasi H<\/strong><\/td>\n<td style=\"width: 643px;\">EUH032&nbsp;<\/td>\n<\/tr>\n<tr>\n<td style=\"width: 143px;\"><strong>Consigli P<\/strong><\/td>\n<td style=\"width: 643px;\">\n<p>&nbsp;<\/p>\n<p>P261 + P262<\/p>\n<p>&nbsp;<\/td>\n<\/tr>\n<tr>\n<td style=\"width: 143px;\"><strong>ADR \/ IMO \/ IATA<\/strong><\/td>\n<td style=\"width: 643px;\">n.a.<\/td>\n<\/tr>\n<\/tbody>\n<\/table>\n<div class=\"alert-yellow\" >\n<a href=\"https:\/\/www.gentrochema.nl\/en\/msds-potassium-ferrocyanide\/\">Guarda la scheda di sicurezza dei materiali completa (MSDS) per questo prodotto<\/a><\/div>\n<div class=\"clearall\" ><\/div>\n\n<h3>&nbsp;<\/h3>\n<h3>Qualit\u00e0<\/h3>\n<p>Il nostro ferrocianuro di potassio ha un minimo del 99% di K4Fe(CN)<sub>6<\/sub>.3H<sub>2<\/sub>O, con pochissime impurit\u00e0. Il nostro ferrocianuro di potassio E536 rispetta le direttive europee per gli additivi alimentari n\u00b0&nbsp;<a href=\"http:\/\/eur-lex.europa.eu\/LexUriServ\/LexUriServ.do?uri=OJ:L:2012:083:0001:0295:EN:PDF\">231\/2012<\/a>&nbsp;e n\u00b0 <a href=\"http:\/\/eur-lex.europa.eu\/LexUriServ\/LexUriServ.do?uri=OJ:L:2008:354:0016:0033:en:PDF\">1333\/2008<\/a>. Le dimensioni sono di 0 \u2013 1000 micron.<\/p>\n<h3>&nbsp;<\/h3>\n<h3>Regolamento REACH EC 1907\/2006<\/h3>\n<p>Gentrochema BV ha una pre-registrazione REACH e siamo intenzionati ad effettuare una registrazione completa nel 2018.<\/p>\n<div class=\"alert-yellow\" >\n<a href=\"https:\/\/www.gentrochema.nl\/en\/general-information\/\">Richiedi un preventivo personalizzato<\/a><\/div>\n<div class=\"clearall\" ><\/div>\n\n<h3>&nbsp;<\/h3>\n<h3>Consegna ed Imballaggio<\/h3>\n<p>Possiamo fornire il nostro ferrocianuro di potassio dai nostri magazzini nei Paesi Bassi. L\u2019ordine minimo \u00e8 di 25kg.<br \/>\nIl nostro ferrocianuro di potassio \u00e8 disponibile in sacchi in tessuto di 25kg. Altri imballaggi disponibili su richiesta. Possiamo fornire anche una <em>soluzione<\/em> di ferrocianuro di potassio.<br \/>\nGeneralmente la consegna avviene in 2-3 giorni lavorativi, ma questo dipende dal tuo ordine. Certo, siamo in grado di fornire la consegna gratuita verso qualsiasi destinazione nel mondo.<\/p>\n<h3>&nbsp;<\/h3>\n<h3>Acquista prodotti chimici da Gentrochema BV<\/h3>\n<p>Acquista i tuoi prodotti chimici all\u2019ingrosso da Gentrochema. Gentrochema BV \u00e8 specializzata nel commercio di prodotti chimici di nicchia su scala globale. Per poter acquistare prodotti chimici devi avere 18 anni di et\u00e0 o pi\u00f9 ed essere legalmente registrato come Societ\u00e0. Gentrochema NON vender\u00e0 nessun prodotto chimico a privati.<\/p>\n<div class=\"alert-yellow\" >\n<a href=\"https:\/\/www.gentrochema.nl\/en\/general-conditions-of-sale\/\">Leggi le condizioni generali di vendita<\/a><\/div>\n<div class=\"clearall\" ><\/div>\n<\/p>","protected":false},"excerpt":{"rendered":"<p>Il ferrocianuro di potassio \u00e8 disponibile nei nostri magazzini. Esportiamo con successo il nostro ferrocianuro di&#8230;<\/p>\n","protected":false},"author":8,"featured_media":0,"parent":0,"menu_order":0,"comment_status":"open","ping_status":"open","template":"","meta":{"footnotes":""},"categories":[4],"tags":[317,316,315,301,314,310,311,306,312,304,289,307,300,302,313,309,303,308,305],"yst_prominent_words":[826,821,1061,830,401,405,399,1058,1057,400,398,1060,825,822,601,407,406,831,1059,824],"class_list":["post-691","page","type-page","status-publish","hentry","category-products","tag-aditivo-alimentario","tag-agente-anti-aglomerante","tag-anti-caking-agent-salt","tag-anti-klontermiddel-in-zout","tag-antiagglomerant-dans-le-sel","tag-antibackmittel-bei-salz","tag-blauschonungen","tag-case-hardening-steel","tag-deferrage","tag-e536","tag-einsatzharten","tag-eliminate-copper-and-iron","tag-geel-bloedloogzout","tag-ijzer-en-koper-elimineren","tag-papier-de-securite","tag-sicherheitspapier","tag-temperen-van-staal","tag-tetrapotassium-hexacyanoferrate","tag-yellow-prussiate-of-potash"],"_links":{"self":[{"href":"https:\/\/www.gentrochema.nl\/it\/wp-json\/wp\/v2\/pages\/691","targetHints":{"allow":["GET"]}}],"collection":[{"href":"https:\/\/www.gentrochema.nl\/it\/wp-json\/wp\/v2\/pages"}],"about":[{"href":"https:\/\/www.gentrochema.nl\/it\/wp-json\/wp\/v2\/types\/page"}],"author":[{"embeddable":true,"href":"https:\/\/www.gentrochema.nl\/it\/wp-json\/wp\/v2\/users\/8"}],"replies":[{"embeddable":true,"href":"https:\/\/www.gentrochema.nl\/it\/wp-json\/wp\/v2\/comments?post=691"}],"version-history":[{"count":0,"href":"https:\/\/www.gentrochema.nl\/it\/wp-json\/wp\/v2\/pages\/691\/revisions"}],"wp:attachment":[{"href":"https:\/\/www.gentrochema.nl\/it\/wp-json\/wp\/v2\/media?parent=691"}],"wp:term":[{"taxonomy":"category","embeddable":true,"href":"https:\/\/www.gentrochema.nl\/it\/wp-json\/wp\/v2\/categories?post=691"},{"taxonomy":"post_tag","embeddable":true,"href":"https:\/\/www.gentrochema.nl\/it\/wp-json\/wp\/v2\/tags?post=691"},{"taxonomy":"yst_prominent_words","embeddable":true,"href":"https:\/\/www.gentrochema.nl\/it\/wp-json\/wp\/v2\/yst_prominent_words?post=691"}],"curies":[{"name":"wp","href":"https:\/\/api.w.org\/{rel}","templated":true}]}}