{"id":670,"date":"2012-04-03T14:07:22","date_gmt":"2012-04-03T13:07:22","guid":{"rendered":"https:\/\/www.gentrochema.nl\/?p=670"},"modified":"2025-05-30T12:10:39","modified_gmt":"2025-05-30T11:10:39","slug":"potassium-dichromate-2","status":"publish","type":"page","link":"https:\/\/www.gentrochema.nl\/it\/potassium-dichromate-2\/","title":{"rendered":"Bicromato di Potassio"},"content":{"rendered":"<p><\/p>\n<h1 id=\"tw-target-text\" class=\"tw-data-text tw-text-large tw-ta\" dir=\"ltr\" data-placeholder=\"Vertaling\" data-ved=\"2ahUKEwiUr76OhsuNAxX6hv0HHXhLNKYQ3ewLegQICRAV\" aria-label=\"Vertaalde tekst: disponibile solo al di fuori dell'Europa\"><strong><span class=\"Y2IQFc\" lang=\"it\">disponibile solo al di fuori dell&#8217;Europa !!<\/span><\/strong><\/h1>\n<p>&nbsp;<\/p>\n<p>Il bicromato di Potassio \u00e8 disponibile nei nostri magazzini. Esportiamo con successo il nostro bicromato di potassio in tutto il mondo.<br \/>\n<a href=\"https:\/\/www.gentrochema.nl\/en\/general-information\/\">Per favore clicca qui per inviarci la tua richiesta<\/a><\/p>\n<h2><\/h2>\n<h2>Descrizione Prodotto Bicromato di Potassio<\/h2>\n<p>Il bicromato di potassio \u00e8 conosciuto con molti nomi come bicromato di potassio, bicromato di potassa, bicromato bipotassio o con la sua formula K<sub>2<\/sub>Cr<sub>2<\/sub>O<sub>7<\/sub>. Il bicromato di potassio \u00e8 disponibile nei nostri magazzini nei paesi Bassi.<\/p>\n<h3>Informazioni sul Prodotto<\/h3>\n<p>Il bicromato di potassio (VI) \u00e8 un sale fine di color rosso luminoso. Grazie alle sue propriet\u00e0 ossidanti, pu\u00f2 essere usato come ossidante in molte industrie. Per esempio dai produttori di prodotti per la pulizia, superfici metalliche e fiammiferi o per stampare immagini in fotografia.<\/p>\n<h3><\/h3>\n<h3>Dettagli Prodotto<\/h3>\n<p>| Bicromato di Potassio (VI) | Numero CAS: 7778-50-9 | Numero EINECS: 231-906-6 |<\/p>\n<h3><\/h3>\n<h3>Informazioni di Sicurezza<\/h3>\n<p>Attenzione! Questo prodotto \u00e8 una sostanza tossica e pu\u00f2 danneggiare la tua salute e l\u2019ambiente se usato in modo scorretto. Guarda sempre i simboli di rischio chimico e le schede di sicurezza dei materiali. Solo per uso professionale!<\/p>\n<h3><\/h3>\n<h3>Simboli di rischio chimico<\/h3>\n<p><a href=\"https:\/\/www.gentrochema.nl\/wp-content\/uploads\/2019\/08\/images-2-e1566394880706.png\"><img loading=\"lazy\" decoding=\"async\" class=\"size-full wp-image-6661 alignnone\" src=\"https:\/\/www.gentrochema.nl\/wp-content\/uploads\/2019\/08\/images-2-e1566394880706.png\" alt=\"\" width=\"80\" height=\"80\" \/><\/a><a href=\"https:\/\/www.gentrochema.nl\/wp-content\/uploads\/2019\/08\/1024px-GHS-pictogram-rondflam.svg_-e1566394932135.png\"><img loading=\"lazy\" decoding=\"async\" class=\"size-full wp-image-6657 alignnone\" src=\"https:\/\/www.gentrochema.nl\/wp-content\/uploads\/2019\/08\/1024px-GHS-pictogram-rondflam.svg_-e1566394932135.png\" alt=\"\" width=\"80\" height=\"80\" \/><\/a><a href=\"https:\/\/www.gentrochema.nl\/wp-content\/uploads\/2019\/08\/hazard-98680_960_720-e1566394896917.png\"><img loading=\"lazy\" decoding=\"async\" class=\"size-full wp-image-6660 alignnone\" src=\"https:\/\/www.gentrochema.nl\/wp-content\/uploads\/2019\/08\/hazard-98680_960_720-e1566394896917.png\" alt=\"\" width=\"80\" height=\"80\" \/><\/a><a href=\"https:\/\/www.gentrochema.nl\/wp-content\/uploads\/2019\/08\/1024px-GHS-pictogram-acid.svg_-3-e1566394915344.png\"><img loading=\"lazy\" decoding=\"async\" class=\"size-full wp-image-6659 alignnone\" src=\"https:\/\/www.gentrochema.nl\/wp-content\/uploads\/2019\/08\/1024px-GHS-pictogram-acid.svg_-3-e1566394915344.png\" alt=\"\" width=\"80\" height=\"80\" \/><\/a><a href=\"https:\/\/www.gentrochema.nl\/wp-content\/uploads\/2019\/08\/GHS-pictogram-pollu.svg_-e1566395359710.png\"><img loading=\"lazy\" decoding=\"async\" class=\"size-full wp-image-6666 alignnone\" src=\"https:\/\/www.gentrochema.nl\/wp-content\/uploads\/2019\/08\/GHS-pictogram-pollu.svg_-e1566395359710.png\" alt=\"\" width=\"80\" height=\"80\" \/><\/a><\/p>\n<h3><\/h3>\n<h3>Riepilogo MSDS<\/h3>\n<table style=\"width: 792px\">\n<tbody>\n<tr>\n<td style=\"width: 143px\">&nbsp;<\/p>\n<p><strong>Parola segnale<\/strong><\/p>\n<p>&nbsp;<\/td>\n<td style=\"width: 643px\">Pericolo<\/td>\n<\/tr>\n<tr>\n<td style=\"width: 143px\"><strong>Frasi H<\/strong><\/td>\n<td style=\"width: 643px\">H272, H301, H312, H314, H317, H330, H334, H340, H350, H360, H372, H410<\/td>\n<\/tr>\n<tr>\n<td style=\"width: 143px\"><strong>Consigli P<\/strong><\/td>\n<td style=\"width: 643px\">&nbsp;<\/p>\n<p>P202, P281, P308+313, 501, P303+361+353, P301+330+331, P304+340, P305+351+338<\/p>\n<p>&nbsp;<\/td>\n<\/tr>\n<tr>\n<td style=\"width: 143px\"><strong>ADR \/ IMO \/ IATA<\/strong><\/td>\n<td style=\"width: 643px\">6.1 UN3288<\/td>\n<\/tr>\n<\/tbody>\n<\/table>\n<div class=\"alert-yellow\" >\n<a href=\"https:\/\/www.gentrochema.nl\/en\/msds-potassium-dichromate\/\">Guarda la scheda di sicurezza dei materiali completa (MSDS) per questo prodotto<\/a><\/div>\n<div class=\"clearall\" ><\/div>\n\n<h3><\/h3>\n<h3>Qualit\u00e0<\/h3>\n<p>Il nostro bicromato di potassio ha un minimo del 99.7% di K<sub>2<\/sub>Cr<sub>2<\/sub>O<sub>7<\/sub>, con pochissime impurit\u00e0.<br \/>\nLe dimensioni sono di 0 \u2013 600 micron<\/p>\n<h3><\/h3>\n<h3>Regolamento REACH EC 1907\/2006<\/h3>\n<p>Qui, puoi trovare alter informazioni su questa sostanza <a href=\"http:\/\/echa.europa.eu\/it\/brief-profile\/-\/briefprofile\/100.029.005\" rel=\"noopener noreferrer\">(Sito web ECHA)<\/a><\/p>\n<div class=\"alert-yellow\" >\n<a href=\"https:\/\/www.gentrochema.nl\/en\/general-information\/\">Richiedi un preventivo personalizzato<\/a><\/div>\n<div class=\"clearall\" ><\/div>\n\n<p><a href=\"https:\/\/www.gentrochema.nl\/wp-content\/uploads\/2016\/02\/Kabi.jpg\" rel=\"attachment wp-att-4303\"><img loading=\"lazy\" decoding=\"async\" class=\"aligncenter wp-image-4303\" title=\"Dicromato de Potasio en sac UN\" src=\"https:\/\/www.gentrochema.nl\/wp-content\/uploads\/2016\/02\/Kabi.jpg\" alt=\"Potassium dichromate - bicromato de Potassio \" width=\"213\" height=\"284\" srcset=\"https:\/\/www.gentrochema.nl\/wp-content\/uploads\/2016\/02\/Kabi.jpg 1944w, https:\/\/www.gentrochema.nl\/wp-content\/uploads\/2016\/02\/Kabi-225x300.jpg 225w, https:\/\/www.gentrochema.nl\/wp-content\/uploads\/2016\/02\/Kabi-768x1024.jpg 768w\" sizes=\"auto, (max-width: 213px) 100vw, 213px\" \/><\/a><\/p>\n<h3>Consegna ed Imballaggio<\/h3>\n<p>Possiamo fornire il nostro bicromato di potassio dai nostri magazzini nei Paesi Bassi. L\u2019ordine minimo \u00e8 di 25kg.<br \/>\nIl nostro bicromato di potassio \u00e8 disponibile in sacchi UN di 25kg (vedi foto a sinistra). Altri imballaggi disponibili su richiesta. Possiamo fornire anche una <em>soluzione<\/em> di bicromato di potassio.<br \/>\nGeneralmente la consegna avviene in 2-3 giorni lavorativi, ma questo dipende dal tuo ordine. Certo, siamo in grado di fornire la consegna gratuita verso qualsiasi destinazione nel mondo. Possiamo fornire anche una\u00a0<em>soluzione<\/em> di bicromato di sodio.<\/p>\n<h3><\/h3>\n<h3>Acquista prodotti chimici da Gentrochema BV<\/h3>\n<p>Acquista i tuoi prodotti chimici all\u2019ingrosso da Gentrochema. Gentrochema BV \u00e8 specializzata nel commercio di prodotti chimici di nicchia su scala globale. Per poter acquistare prodotti chimici devi avere 18 anni di et\u00e0 o pi\u00f9 ed essere legalmente registrato come Societ\u00e0. Gentrochema NON vender\u00e0 nessun prodotto chimico a privati.<\/p>\n<div class=\"alert-yellow\" >\n<a href=\"https:\/\/www.gentrochema.nl\/en\/general-conditions-of-sale\/\">Leggi le condizioni generali di vendita<\/a><\/div>\n<div class=\"clearall\" ><\/div>\n<\/p>","protected":false},"excerpt":{"rendered":"<p>disponibile solo al di fuori dell&#8217;Europa !! &nbsp; Il bicromato di Potassio \u00e8 disponibile nei nostri&#8230;<\/p>\n","protected":false},"author":8,"featured_media":0,"parent":0,"menu_order":0,"comment_status":"open","ping_status":"open","template":"","meta":{"footnotes":""},"categories":[4],"tags":[1079,1080,1007,140],"yst_prominent_words":[1232,1228,1224,1218,1229,1225,1219,1231,1227,1235,1221,1211,1216,365,1222,1223,1217,1230,1226,1220],"class_list":["post-670","page","type-page","status-publish","hentry","category-products","tag-bichromate-of-potash","tag-buy-potassium-dichromate","tag-e-sds-potassium-dichromate","tag-material-safety-datasheet-potassium-dichromate"],"_links":{"self":[{"href":"https:\/\/www.gentrochema.nl\/it\/wp-json\/wp\/v2\/pages\/670","targetHints":{"allow":["GET"]}}],"collection":[{"href":"https:\/\/www.gentrochema.nl\/it\/wp-json\/wp\/v2\/pages"}],"about":[{"href":"https:\/\/www.gentrochema.nl\/it\/wp-json\/wp\/v2\/types\/page"}],"author":[{"embeddable":true,"href":"https:\/\/www.gentrochema.nl\/it\/wp-json\/wp\/v2\/users\/8"}],"replies":[{"embeddable":true,"href":"https:\/\/www.gentrochema.nl\/it\/wp-json\/wp\/v2\/comments?post=670"}],"version-history":[{"count":10,"href":"https:\/\/www.gentrochema.nl\/it\/wp-json\/wp\/v2\/pages\/670\/revisions"}],"predecessor-version":[{"id":7016,"href":"https:\/\/www.gentrochema.nl\/it\/wp-json\/wp\/v2\/pages\/670\/revisions\/7016"}],"wp:attachment":[{"href":"https:\/\/www.gentrochema.nl\/it\/wp-json\/wp\/v2\/media?parent=670"}],"wp:term":[{"taxonomy":"category","embeddable":true,"href":"https:\/\/www.gentrochema.nl\/it\/wp-json\/wp\/v2\/categories?post=670"},{"taxonomy":"post_tag","embeddable":true,"href":"https:\/\/www.gentrochema.nl\/it\/wp-json\/wp\/v2\/tags?post=670"},{"taxonomy":"yst_prominent_words","embeddable":true,"href":"https:\/\/www.gentrochema.nl\/it\/wp-json\/wp\/v2\/yst_prominent_words?post=670"}],"curies":[{"name":"wp","href":"https:\/\/api.w.org\/{rel}","templated":true}]}}