{"id":554,"date":"2012-04-03T11:27:29","date_gmt":"2012-04-03T10:27:29","guid":{"rendered":"https:\/\/www.gentrochema.nl\/?p=554"},"modified":"2020-07-15T10:42:54","modified_gmt":"2020-07-15T09:42:54","slug":"msds-potassium-dichromate","status":"publish","type":"page","link":"https:\/\/www.gentrochema.nl\/it\/msds-potassium-dichromate\/","title":{"rendered":"Scheda Di Sicurezza Bicromato di Potassio"},"content":{"rendered":"<p class=\"qtranxs-available-languages-message qtranxs-available-languages-message-it\">Ci spiace, ma questo articolo \u00e8 disponibile soltanto in <a href=\"https:\/\/www.gentrochema.nl\/en\/wp-json\/wp\/v2\/pages\/554\" class=\"qtranxs-available-language-link qtranxs-available-language-link-en\" title=\"English\">English<\/a>, <a href=\"https:\/\/www.gentrochema.nl\/nl\/wp-json\/wp\/v2\/pages\/554\" class=\"qtranxs-available-language-link qtranxs-available-language-link-nl\" title=\"Nederlands\">Nederlands<\/a>, <a href=\"https:\/\/www.gentrochema.nl\/fr\/wp-json\/wp\/v2\/pages\/554\" class=\"qtranxs-available-language-link qtranxs-available-language-link-fr\" title=\"Fran\u00e7ais\">Fran\u00e7ais<\/a>, <a href=\"https:\/\/www.gentrochema.nl\/es\/wp-json\/wp\/v2\/pages\/554\" class=\"qtranxs-available-language-link qtranxs-available-language-link-es\" title=\"Espa\u00f1ol\">Espa\u00f1ol<\/a> e <a href=\"https:\/\/www.gentrochema.nl\/de\/wp-json\/wp\/v2\/pages\/554\" class=\"qtranxs-available-language-link qtranxs-available-language-link-de\" title=\"Deutsch\">Deutsch<\/a>.<\/p>","protected":false},"excerpt":{"rendered":"<p>Ci spiace, ma questo articolo \u00e8 disponibile soltanto in English, Nederlands, Fran\u00e7ais, Espa\u00f1ol e Deutsch.<\/p>\n","protected":false},"author":8,"featured_media":0,"parent":0,"menu_order":0,"comment_status":"open","ping_status":"open","template":"","meta":{"footnotes":""},"categories":[8],"tags":[183,148,142,140,139,141],"yst_prominent_words":[852,837,850,838,835,846,836,854,841,832,847,851,839,834,848,853,842,849,840,833],"class_list":["post-554","page","type-page","status-publish","hentry","category-msds","tag-dwuchromian-potasu","tag-ficha-de-datos-de-seguridad-dicromato-de-potasio","tag-fiche-de-donnees-de-securite-dichromate-de-potassium","tag-material-safety-datasheet-potassium-dichromate","tag-sicherheitsdatenblatt-kaliumdichromat","tag-veiligheidsinformatieblad-kaliumdichromaat"],"_links":{"self":[{"href":"https:\/\/www.gentrochema.nl\/it\/wp-json\/wp\/v2\/pages\/554","targetHints":{"allow":["GET"]}}],"collection":[{"href":"https:\/\/www.gentrochema.nl\/it\/wp-json\/wp\/v2\/pages"}],"about":[{"href":"https:\/\/www.gentrochema.nl\/it\/wp-json\/wp\/v2\/types\/page"}],"author":[{"embeddable":true,"href":"https:\/\/www.gentrochema.nl\/it\/wp-json\/wp\/v2\/users\/8"}],"replies":[{"embeddable":true,"href":"https:\/\/www.gentrochema.nl\/it\/wp-json\/wp\/v2\/comments?post=554"}],"version-history":[{"count":0,"href":"https:\/\/www.gentrochema.nl\/it\/wp-json\/wp\/v2\/pages\/554\/revisions"}],"wp:attachment":[{"href":"https:\/\/www.gentrochema.nl\/it\/wp-json\/wp\/v2\/media?parent=554"}],"wp:term":[{"taxonomy":"category","embeddable":true,"href":"https:\/\/www.gentrochema.nl\/it\/wp-json\/wp\/v2\/categories?post=554"},{"taxonomy":"post_tag","embeddable":true,"href":"https:\/\/www.gentrochema.nl\/it\/wp-json\/wp\/v2\/tags?post=554"},{"taxonomy":"yst_prominent_words","embeddable":true,"href":"https:\/\/www.gentrochema.nl\/it\/wp-json\/wp\/v2\/yst_prominent_words?post=554"}],"curies":[{"name":"wp","href":"https:\/\/api.w.org\/{rel}","templated":true}]}}