{"id":44,"date":"2012-02-16T09:04:48","date_gmt":"2012-02-16T09:04:48","guid":{"rendered":"https:\/\/www.gentrochema.nl\/?p=44"},"modified":"2019-08-13T08:21:09","modified_gmt":"2019-08-13T07:21:09","slug":"gentrochema","status":"publish","type":"page","link":"https:\/\/www.gentrochema.nl\/it\/","title":{"rendered":"Benvenuti! Presentazione della nostra societ\u00e0"},"content":{"rendered":"<p>Gentrochema BV \u00e8 una societ\u00e0 internazionale operante nella distribuzione di prodotti chimici, dimostrando nel corso degli anni di essere un partner affidabile per i nostri clienti\/fornitori in tutto il mondo.<\/p>\n<p class=\"p1\">Gentochema BV, principalmente operativo nel settore industriale, \u00e8 costantemente alla ricerca di nuove fonti per mantenere competitivi i prezzi dei prodotti richiesti dal mercato. I materiali hanno giacenza presso i nostri magazzini in Olanda per garantire il miglior servizio alla clientela, dato che la maggior parte delle nostre materie prime sono di provenienza russa e cinese.<\/p>\n<p class=\"p1\">I nostri prodotti vengono spediti in diversi Paesi d\u2019Europa dal nostro magazzino situato nella zona industriale di \u201cHazeldonk\u201d a Breda, Olanda. Per le destinazioni oltre oceano vengono utilizzati due porti in Europa, Antwerp e Rotterdam, dai quali spediamo a tariffe competitive in tutto il mondo, da imballi di 25 kg a container completi.<\/p>\n<p class=\"p1\">In collaborazione con il nostro partner logistico, Loodet BV, siamo in grado di fornire la maggior parte degli imballi richiesti dal mercato: piccoli packaging, fusti, big bag, materiale sfuso o altre soluzioni sono possibili.<\/p>\n<p>Il nostro approccio aperto e trasparente ci permette di migliorare costantemente la qualit\u00e0 del servizio offerto e di fornire ai nostri clienti soluzioni flessibili.<\/p>\n<p>Gentrochema BV \u00e8 a Vostra disposizione per fornirVi assistenza, proponendosi come fornitore affidabile per le Vostre richieste inerenti prodotti chimici.<\/p>\n<p class=\"p1\">Grazie!<\/p>\n<p><\/p>","protected":false},"excerpt":{"rendered":"<p class=\"qtranxs-available-languages-message qtranxs-available-languages-message-it\">Ci spiace, ma questo articolo \u00e8 disponibile soltanto in <a href=\"https:\/\/www.gentrochema.nl\/en\/wp-json\/wp\/v2\/pages\/44\" class=\"qtranxs-available-language-link qtranxs-available-language-link-en\" title=\"English\">English<\/a> e <a href=\"https:\/\/www.gentrochema.nl\/nl\/wp-json\/wp\/v2\/pages\/44\" class=\"qtranxs-available-language-link qtranxs-available-language-link-nl\" title=\"Nederlands\">Nederlands<\/a>.<\/p>\n","protected":false},"author":8,"featured_media":0,"parent":0,"menu_order":0,"comment_status":"open","ping_status":"open","template":"","meta":{"footnotes":""},"categories":[1185],"tags":[],"yst_prominent_words":[],"class_list":["post-44","page","type-page","status-publish","hentry","category-algemeen"],"_links":{"self":[{"href":"https:\/\/www.gentrochema.nl\/it\/wp-json\/wp\/v2\/pages\/44","targetHints":{"allow":["GET"]}}],"collection":[{"href":"https:\/\/www.gentrochema.nl\/it\/wp-json\/wp\/v2\/pages"}],"about":[{"href":"https:\/\/www.gentrochema.nl\/it\/wp-json\/wp\/v2\/types\/page"}],"author":[{"embeddable":true,"href":"https:\/\/www.gentrochema.nl\/it\/wp-json\/wp\/v2\/users\/8"}],"replies":[{"embeddable":true,"href":"https:\/\/www.gentrochema.nl\/it\/wp-json\/wp\/v2\/comments?post=44"}],"version-history":[{"count":0,"href":"https:\/\/www.gentrochema.nl\/it\/wp-json\/wp\/v2\/pages\/44\/revisions"}],"wp:attachment":[{"href":"https:\/\/www.gentrochema.nl\/it\/wp-json\/wp\/v2\/media?parent=44"}],"wp:term":[{"taxonomy":"category","embeddable":true,"href":"https:\/\/www.gentrochema.nl\/it\/wp-json\/wp\/v2\/categories?post=44"},{"taxonomy":"post_tag","embeddable":true,"href":"https:\/\/www.gentrochema.nl\/it\/wp-json\/wp\/v2\/tags?post=44"},{"taxonomy":"yst_prominent_words","embeddable":true,"href":"https:\/\/www.gentrochema.nl\/it\/wp-json\/wp\/v2\/yst_prominent_words?post=44"}],"curies":[{"name":"wp","href":"https:\/\/api.w.org\/{rel}","templated":true}]}}