{"id":3216,"date":"2015-03-04T13:42:27","date_gmt":"2015-03-04T12:42:27","guid":{"rendered":"https:\/\/www.gentrochema.nl\/?p=3216"},"modified":"2019-07-15T13:03:51","modified_gmt":"2019-07-15T12:03:51","slug":"msds-thiourea","status":"publish","type":"page","link":"https:\/\/www.gentrochema.nl\/it\/msds-thiourea\/","title":{"rendered":"Scheda di Securizza Tiourea"},"content":{"rendered":"<p class=\"qtranxs-available-languages-message qtranxs-available-languages-message-it\">Ci spiace, ma questo articolo \u00e8 disponibile soltanto in <a href=\"https:\/\/www.gentrochema.nl\/en\/wp-json\/wp\/v2\/pages\/3216\" class=\"qtranxs-available-language-link qtranxs-available-language-link-en\" title=\"English\">English<\/a>, <a href=\"https:\/\/www.gentrochema.nl\/nl\/wp-json\/wp\/v2\/pages\/3216\" class=\"qtranxs-available-language-link qtranxs-available-language-link-nl\" title=\"Nederlands\">Nederlands<\/a>, <a href=\"https:\/\/www.gentrochema.nl\/fr\/wp-json\/wp\/v2\/pages\/3216\" class=\"qtranxs-available-language-link qtranxs-available-language-link-fr\" title=\"Fran\u00e7ais\">Fran\u00e7ais<\/a> e <a href=\"https:\/\/www.gentrochema.nl\/es\/wp-json\/wp\/v2\/pages\/3216\" class=\"qtranxs-available-language-link qtranxs-available-language-link-es\" title=\"Espa\u00f1ol\">Espa\u00f1ol<\/a>.<\/p>","protected":false},"excerpt":{"rendered":"<p>Ci spiace, ma questo articolo \u00e8 disponibile soltanto in English, Nederlands, Fran\u00e7ais e Espa\u00f1ol.<\/p>\n","protected":false},"author":2,"featured_media":0,"parent":0,"menu_order":0,"comment_status":"open","ping_status":"open","template":"","meta":{"footnotes":""},"categories":[8],"tags":[223,175,224,176],"yst_prominent_words":[],"class_list":["post-3216","page","type-page","status-publish","hentry","category-msds","tag-fiche-de-donnees-de-securite-thiouree","tag-material-safety-datasheet-thiourea","tag-sicherheitsdatenblatt-thioharnstoff","tag-veiligheidsinformatieblad-thioureum"],"_links":{"self":[{"href":"https:\/\/www.gentrochema.nl\/it\/wp-json\/wp\/v2\/pages\/3216","targetHints":{"allow":["GET"]}}],"collection":[{"href":"https:\/\/www.gentrochema.nl\/it\/wp-json\/wp\/v2\/pages"}],"about":[{"href":"https:\/\/www.gentrochema.nl\/it\/wp-json\/wp\/v2\/types\/page"}],"author":[{"embeddable":true,"href":"https:\/\/www.gentrochema.nl\/it\/wp-json\/wp\/v2\/users\/2"}],"replies":[{"embeddable":true,"href":"https:\/\/www.gentrochema.nl\/it\/wp-json\/wp\/v2\/comments?post=3216"}],"version-history":[{"count":0,"href":"https:\/\/www.gentrochema.nl\/it\/wp-json\/wp\/v2\/pages\/3216\/revisions"}],"wp:attachment":[{"href":"https:\/\/www.gentrochema.nl\/it\/wp-json\/wp\/v2\/media?parent=3216"}],"wp:term":[{"taxonomy":"category","embeddable":true,"href":"https:\/\/www.gentrochema.nl\/it\/wp-json\/wp\/v2\/categories?post=3216"},{"taxonomy":"post_tag","embeddable":true,"href":"https:\/\/www.gentrochema.nl\/it\/wp-json\/wp\/v2\/tags?post=3216"},{"taxonomy":"yst_prominent_words","embeddable":true,"href":"https:\/\/www.gentrochema.nl\/it\/wp-json\/wp\/v2\/yst_prominent_words?post=3216"}],"curies":[{"name":"wp","href":"https:\/\/api.w.org\/{rel}","templated":true}]}}