{"id":2818,"date":"2014-08-25T12:37:58","date_gmt":"2014-08-25T11:37:58","guid":{"rendered":"https:\/\/www.gentrochema.nl\/\/?p=2818"},"modified":"2026-05-13T13:41:56","modified_gmt":"2026-05-13T12:41:56","slug":"thiourea","status":"publish","type":"page","link":"https:\/\/www.gentrochema.nl\/it\/thiourea\/","title":{"rendered":"Tiourea"},"content":{"rendered":"<p><\/p>\n<h1 data-section-id=\"vtrzhp\" data-start=\"0\" data-end=\"42\"><span role=\"text\"><strong data-start=\"2\" data-end=\"42\">Tiourea (CH\u2084N\u2082S) Fornitore in Europa<\/strong><\/span><\/h1>\n<div class=\"TyagGW_tableContainer\">\n<div class=\"group TyagGW_tableWrapper flex flex-col-reverse w-fit\">\n<table class=\"w-fit min-w-(--thread-content-width)\" data-start=\"44\" data-end=\"160\">\n<thead data-start=\"44\" data-end=\"70\">\n<tr data-start=\"44\" data-end=\"70\">\n<th class=\"last:pe-10\" data-start=\"44\" data-end=\"59\" data-col-size=\"sm\">Nome chimico<\/th>\n<th class=\"last:pe-10\" data-start=\"59\" data-end=\"70\" data-col-size=\"sm\">Tiourea<\/th>\n<\/tr>\n<\/thead>\n<tbody data-start=\"81\" data-end=\"160\">\n<tr data-start=\"81\" data-end=\"109\">\n<td data-start=\"81\" data-end=\"99\" data-col-size=\"sm\">Formula chimica<\/td>\n<td data-start=\"99\" data-end=\"109\" data-col-size=\"sm\">CH\u2084N\u2082S<\/td>\n<\/tr>\n<tr data-start=\"110\" data-end=\"134\">\n<td data-start=\"110\" data-end=\"123\" data-col-size=\"sm\">Numero CAS<\/td>\n<td data-start=\"123\" data-end=\"134\" data-col-size=\"sm\">62-56-6<\/td>\n<\/tr>\n<tr data-start=\"135\" data-end=\"160\">\n<td data-start=\"135\" data-end=\"147\" data-col-size=\"sm\">Numero CE<\/td>\n<td data-start=\"147\" data-end=\"160\" data-col-size=\"sm\">200-543-5<\/td>\n<\/tr>\n<\/tbody>\n<\/table>\n<\/div>\n<\/div>\n<p data-start=\"162\" data-end=\"552\">Gentrochema \u00e8 un fornitore europeo affidabile di <strong data-start=\"211\" data-end=\"231\">tiourea (CH\u2084N\u2082S)<\/strong>, un composto organico contenente zolfo ad alta purezza ampiamente utilizzato in applicazioni industriali, chimiche, minerarie e tecniche. Offriamo qualit\u00e0 costante, fornitura conforme REACH e soluzioni logistiche efficienti in tutta Europa per clienti che richiedono approvvigionamento affidabile e conformit\u00e0 normativa.<\/p>\n<h2 data-section-id=\"8rfhza\" data-start=\"554\" data-end=\"578\">Che cos\u2019\u00e8 la tiourea?<\/h2>\n<p data-start=\"580\" data-end=\"854\">La tiourea, con formula chimica <strong data-start=\"612\" data-end=\"622\">CH\u2084N\u2082S<\/strong>, \u00e8 un composto cristallino bianco facilmente solubile in acqua e alcol. Chimicamente \u00e8 correlata all\u2019urea, nella quale l\u2019atomo di ossigeno \u00e8 sostituito dallo zolfo, conferendo alla tiourea propriet\u00e0 riducenti e complessanti uniche.<\/p>\n<p data-start=\"856\" data-end=\"1076\">Grazie al suo comportamento chimico versatile, la tiourea viene ampiamente utilizzata come intermedio chimico, agente riducente, reagente di flottazione e componente chimico specializzato in numerosi settori industriali.<\/p>\n<h2 data-section-id=\"3nqf61\" data-start=\"1078\" data-end=\"1107\">Applicazioni della tiourea<\/h2>\n<p data-start=\"1109\" data-end=\"1444\">La tiourea trova impiego in un\u2019ampia gamma di applicazioni industriali e tecniche. Nell\u2019industria mineraria viene utilizzata come <strong data-start=\"1239\" data-end=\"1287\">agente di lisciviazione per metalli preziosi<\/strong>, in particolare nei processi di estrazione di oro e argento, dove rappresenta in determinate applicazioni un\u2019alternativa alle tecnologie basate sul cianuro.<\/p>\n<p data-start=\"1446\" data-end=\"1758\">Nei processi galvanici e nel trattamento superficiale dei metalli, la tiourea viene utilizzata in formulazioni per lucidatura e finitura dei metalli, soprattutto per argento e metalli preziosi. Viene inoltre impiegata nei sistemi anticorrosione e in prodotti chimici specializzati per il trattamento dei metalli.<\/p>\n<p data-start=\"1760\" data-end=\"2063\">Nell\u2019industria chimica, la tiourea svolge un ruolo importante come intermedio nella sintesi di resine, prodotti farmaceutici, agrochimici e composti organici contenenti zolfo. Inoltre, la tiourea viene utilizzata nella lavorazione tessile, nei prodotti chimici fotografici e nei reagenti di laboratorio.<\/p>\n<p data-start=\"2065\" data-end=\"2328\">La tiourea viene inoltre impiegata nella produzione di <strong data-start=\"2120\" data-end=\"2207\">ritardanti di fiamma, acceleratori di vulcanizzazione e catalizzatori specializzati<\/strong>, dove la chimica dello zolfo svolge un ruolo fondamentale nelle prestazioni del prodotto e nell\u2019efficienza dei processi.<\/p>\n<h2 data-section-id=\"1nh90so\" data-start=\"2330\" data-end=\"2354\">Normative &amp; Sicurezza<\/h2>\n<p data-start=\"2356\" data-end=\"2647\">La tiourea deve essere manipolata in conformit\u00e0 alle procedure standard di sicurezza chimica industriale. Si raccomanda l\u2019utilizzo di adeguati dispositivi di protezione individuale, inclusi guanti, indumenti protettivi, occhiali di sicurezza e ventilazione adeguata durante la manipolazione.<\/p>\n<p data-start=\"2649\" data-end=\"2793\">La sostanza deve essere conservata in un ambiente asciutto, fresco e ben ventilato, lontano da materiali incompatibili e forti agenti ossidanti.<\/p>\n<p data-start=\"2795\" data-end=\"2849\">Ai fini del trasporto, la tiourea \u00e8 classificata come:<\/p>\n<ul data-start=\"2851\" data-end=\"2940\">\n<li data-section-id=\"u4hdw0\" data-start=\"2851\" data-end=\"2864\"><strong data-start=\"2853\" data-end=\"2864\">UN 3077<\/strong><\/li>\n<li data-section-id=\"1ptulth\" data-start=\"2865\" data-end=\"2921\"><strong data-start=\"2867\" data-end=\"2921\">Sostanza pericolosa per l\u2019ambiente, solida, N.A.S.<\/strong><\/li>\n<li data-section-id=\"6hvqa5\" data-start=\"2922\" data-end=\"2940\"><strong data-start=\"2924\" data-end=\"2940\">Classe ADR 9<\/strong><\/li>\n<\/ul>\n<p data-start=\"2942\" data-end=\"3095\">Il prodotto deve pertanto essere trasportato e manipolato in conformit\u00e0 alle normative ADR e internazionali applicabili al trasporto di merci pericolose.<\/p>\n<p data-start=\"3097\" data-end=\"3191\">La tiourea fornita da Gentrochema \u00e8 pienamente conforme al <strong data-start=\"3156\" data-end=\"3190\">Regolamento REACH CE 1907\/2006<\/strong>.<\/p>\n<p data-start=\"3193\" data-end=\"3312\"><strong data-start=\"3193\" data-end=\"3312\">Gentrochema BV dispone di una registrazione REACH completa che copre tutti gli usi identificati noti della tiourea.<\/strong><\/p>\n<h2 data-section-id=\"13von6\" data-start=\"3314\" data-end=\"3340\">Imballaggio &amp; Logistica<\/h2>\n<p data-start=\"3342\" data-end=\"3612\">La tiourea viene fornita in imballaggi industriali idonei, progettati per una movimentazione e un trasporto sicuri conformemente alla normativa vigente. La quantit\u00e0 minima d\u2019ordine \u00e8 di <strong data-start=\"3528\" data-end=\"3537\">25 kg<\/strong>, con opzioni di imballaggio adatte ad applicazioni industriali e tecniche.<\/p>\n<p data-start=\"3614\" data-end=\"3720\"><strong data-start=\"3614\" data-end=\"3720\">La tiourea \u00e8 disponibile per consegne in tutta Europa, con fornitura globale disponibile su richiesta.<\/strong><\/p>\n<h2 data-section-id=\"12wl125\" data-start=\"3722\" data-end=\"3754\">Perch\u00e9 scegliere Gentrochema?<\/h2>\n<p data-start=\"3756\" data-end=\"4070\">Gentrochema garantisce che la tiourea venga fornita secondo rigorosi standard qualitativi e normativi. In qualit\u00e0 di <strong data-start=\"3873\" data-end=\"3903\">fornitore registrato REACH<\/strong>, garantiamo piena conformit\u00e0 alla legislazione chimica europea, offrendo ai clienti sicurezza in termini di tracciabilit\u00e0 del prodotto e affidabilit\u00e0 della fornitura.<\/p>\n<p data-start=\"4072\" data-end=\"4340\">Scegliendo Gentrochema, beneficiate di un fornitore europeo di prodotti chimici affidabile, con qualit\u00e0 costante, prezzi competitivi e un servizio orientato al cliente. Il nostro team \u00e8 impegnato a fornire soluzioni logistiche affidabili e partnership a lungo termine.<\/p>\n<h2 data-section-id=\"1ba1owh\" data-start=\"4342\" data-end=\"4367\">Richiedi un preventivo<\/h2>\n<p data-start=\"4369\" data-end=\"4597\">Per ulteriori informazioni, specifiche tecniche o una richiesta di preventivo per la tiourea, non esitate a contattare il nostro team. Saremo lieti di supportarvi con tempi di risposta rapidi e soluzioni di fornitura flessibili.<\/p>\n<p data-start=\"4599\" data-end=\"4645\" data-is-last-node=\"\" data-is-only-node=\"\">&#x1f449; <a class=\"decorated-link cursor-pointer\" rel=\"noopener\" data-start=\"4602\" data-end=\"4621\">info@gentrochema.nl<\/a><br data-start=\"4621\" data-end=\"4624\" \/>&#x1f449; <a class=\"decorated-link\" href=\"http:\/\/www.gentrochema.nl\/\" target=\"_new\" rel=\"noopener\" data-start=\"4627\" data-end=\"4645\" data-is-last-node=\"\">www.gentrochema.nl<\/a><\/p>\n<p><span style=\"font-size: 1rem\"><div class=\"alert-yellow\" >\n<\/span><a style=\"font-size: 1rem\" href=\"https:\/\/www.gentrochema.nl\/\/en\/general-conditions-of-sale\/\">Leggi le condizioni generali di vendita<\/a><span style=\"font-size: 1rem\"><\/div>\n<div class=\"clearall\" ><\/div>\n<\/span><\/p>","protected":false},"excerpt":{"rendered":"<p>Tiourea (CH\u2084N\u2082S) Fornitore in Europa Nome chimico Tiourea Formula chimica CH\u2084N\u2082S Numero CAS 62-56-6 Numero CE&#8230;<\/p>\n","protected":false},"author":2,"featured_media":0,"parent":0,"menu_order":0,"comment_status":"closed","ping_status":"closed","template":"","meta":{"footnotes":""},"categories":[4],"tags":[274,261,271,343,284,342,339,273,266,341,318,297],"yst_prominent_words":[1289,1331,1335],"class_list":["post-2818","page","type-page","status-publish","hentry","category-products","tag-fluides-metalliques","tag-fotografie","tag-fotoindustrie","tag-industrie-textile","tag-metaalveredeling","tag-metallveredelung","tag-photographic","tag-photographique","tag-surface-treatment","tag-textile-industry","tag-traitement-surface","tag-tratamiento-de-metals"],"_links":{"self":[{"href":"https:\/\/www.gentrochema.nl\/it\/wp-json\/wp\/v2\/pages\/2818","targetHints":{"allow":["GET"]}}],"collection":[{"href":"https:\/\/www.gentrochema.nl\/it\/wp-json\/wp\/v2\/pages"}],"about":[{"href":"https:\/\/www.gentrochema.nl\/it\/wp-json\/wp\/v2\/types\/page"}],"author":[{"embeddable":true,"href":"https:\/\/www.gentrochema.nl\/it\/wp-json\/wp\/v2\/users\/2"}],"replies":[{"embeddable":true,"href":"https:\/\/www.gentrochema.nl\/it\/wp-json\/wp\/v2\/comments?post=2818"}],"version-history":[{"count":10,"href":"https:\/\/www.gentrochema.nl\/it\/wp-json\/wp\/v2\/pages\/2818\/revisions"}],"predecessor-version":[{"id":7108,"href":"https:\/\/www.gentrochema.nl\/it\/wp-json\/wp\/v2\/pages\/2818\/revisions\/7108"}],"wp:attachment":[{"href":"https:\/\/www.gentrochema.nl\/it\/wp-json\/wp\/v2\/media?parent=2818"}],"wp:term":[{"taxonomy":"category","embeddable":true,"href":"https:\/\/www.gentrochema.nl\/it\/wp-json\/wp\/v2\/categories?post=2818"},{"taxonomy":"post_tag","embeddable":true,"href":"https:\/\/www.gentrochema.nl\/it\/wp-json\/wp\/v2\/tags?post=2818"},{"taxonomy":"yst_prominent_words","embeddable":true,"href":"https:\/\/www.gentrochema.nl\/it\/wp-json\/wp\/v2\/yst_prominent_words?post=2818"}],"curies":[{"name":"wp","href":"https:\/\/api.w.org\/{rel}","templated":true}]}}