{"id":715,"date":"2012-04-03T14:33:03","date_gmt":"2012-04-03T13:33:03","guid":{"rendered":"https:\/\/www.gentrochema.nl\/?p=715"},"modified":"2026-05-13T16:42:10","modified_gmt":"2026-05-13T15:42:10","slug":"sodium-ferrocyanide","status":"publish","type":"page","link":"https:\/\/www.gentrochema.nl\/fr\/sodium-ferrocyanide\/","title":{"rendered":"Ferrocyanure de Sodium"},"content":{"rendered":"<p><\/p>\n<h1 data-section-id=\"7cnvrv\" data-start=\"0\" data-end=\"73\"><span role=\"text\"><strong data-start=\"2\" data-end=\"73\">Ferrocyanure de sodium (Na\u2084[Fe(CN)\u2086] \u00b7 10H\u2082O) Fournisseur en Europe<\/strong><\/span><\/h1>\n<div class=\"TyagGW_tableContainer\">\n<div class=\"group TyagGW_tableWrapper flex flex-col-reverse w-fit\">\n<table class=\"w-fit min-w-(--thread-content-width)\" data-start=\"75\" data-end=\"263\">\n<thead data-start=\"75\" data-end=\"141\">\n<tr data-start=\"75\" data-end=\"141\">\n<th class=\"last:pe-10\" data-start=\"75\" data-end=\"90\" data-col-size=\"sm\">Nom chimique<\/th>\n<th class=\"last:pe-10\" data-start=\"90\" data-end=\"141\" data-col-size=\"md\">Hexacyanoferrate(II) de t\u00e9trasodium d\u00e9cahydrat\u00e9<\/th>\n<\/tr>\n<\/thead>\n<tbody data-start=\"152\" data-end=\"263\">\n<tr data-start=\"152\" data-end=\"195\">\n<td data-start=\"152\" data-end=\"171\" data-col-size=\"sm\">Formule chimique<\/td>\n<td data-start=\"171\" data-end=\"195\" data-col-size=\"md\">Na\u2084[Fe(CN)\u2086] \u00b7 10H\u2082O<\/td>\n<\/tr>\n<tr data-start=\"196\" data-end=\"237\">\n<td data-start=\"196\" data-end=\"209\" data-col-size=\"sm\">Num\u00e9ro CAS<\/td>\n<td data-start=\"209\" data-end=\"237\" data-col-size=\"md\">13601-19-9 (d\u00e9cahydrat\u00e9)<\/td>\n<\/tr>\n<tr data-start=\"238\" data-end=\"263\">\n<td data-start=\"238\" data-end=\"250\" data-col-size=\"sm\">Num\u00e9ro CE<\/td>\n<td data-start=\"250\" data-end=\"263\" data-col-size=\"md\">237-081-9<\/td>\n<\/tr>\n<\/tbody>\n<\/table>\n<\/div>\n<\/div>\n<p data-start=\"265\" data-end=\"745\">Gentrochema est un fournisseur europ\u00e9en fiable de <strong data-start=\"315\" data-end=\"364\">ferrocyanure de sodium (Na\u2084[Fe(CN)\u2086] \u00b7 10H\u2082O)<\/strong>, un compos\u00e9 de coordination inorganique de haute puret\u00e9 largement utilis\u00e9 dans des applications industrielles, techniques, alimentaires et chimiques sp\u00e9cialis\u00e9es. Nous fournissons une qualit\u00e9 constante, des produits conformes REACH et des solutions logistiques efficaces dans toute l\u2019Europe pour les clients recherchant un approvisionnement fiable et conforme \u00e0 la r\u00e9glementation.<\/p>\n<h2 data-section-id=\"1h2qu5x\" data-start=\"747\" data-end=\"791\">Qu\u2019est-ce que le ferrocyanure de sodium ?<\/h2>\n<p data-start=\"793\" data-end=\"1144\">Le ferrocyanure de sodium, de formule chimique <strong data-start=\"840\" data-end=\"864\">Na\u2084[Fe(CN)\u2086] \u00b7 10H\u2082O<\/strong>, est un compos\u00e9 cristallin jaune hautement soluble dans l\u2019eau. Le produit est \u00e9galement connu sous le nom de <strong data-start=\"974\" data-end=\"1020\">hexacyanoferrate(II) de sodium d\u00e9cahydrat\u00e9<\/strong> et est appr\u00e9ci\u00e9 pour son excellente stabilit\u00e9 chimique et sa r\u00e9activit\u00e9 contr\u00f4l\u00e9e dans des conditions neutres et alcalines.<\/p>\n<p data-start=\"1146\" data-end=\"1474\">La substance est g\u00e9n\u00e9ralement fournie sous forme de <strong data-start=\"1198\" data-end=\"1222\">d\u00e9cahydrate (10 H\u2082O)<\/strong>, ce qui signifie que des mol\u00e9cules d\u2019eau sont int\u00e9gr\u00e9es dans la structure cristalline. Cette forme hydrat\u00e9e contribue \u00e0 la stabilit\u00e9, \u00e0 la solubilit\u00e9 et aux caract\u00e9ristiques de manipulation du produit dans les applications industrielles et techniques.<\/p>\n<p data-start=\"1476\" data-end=\"1878\">Malgr\u00e9 la pr\u00e9sence de groupes cyanure, le ferrocyanure de sodium est consid\u00e9r\u00e9 comme un complexe de coordination stable dans des conditions normales de manipulation industrielle gr\u00e2ce \u00e0 la forte liaison entre les ions fer et cyanure. Toutefois, dans des conditions fortement acides et \u00e0 temp\u00e9ratures \u00e9lev\u00e9es, des produits de d\u00e9composition dangereux tels que le cyanure d\u2019hydrog\u00e8ne peuvent \u00eatre lib\u00e9r\u00e9s.<\/p>\n<h2 data-section-id=\"l4a5n2\" data-start=\"1880\" data-end=\"1921\">Applications du ferrocyanure de sodium<\/h2>\n<p data-start=\"1923\" data-end=\"2237\">Le ferrocyanure de sodium est utilis\u00e9 dans un large \u00e9ventail de secteurs industriels et techniques. Dans l\u2019industrie chimique, il est utilis\u00e9 dans les synth\u00e8ses chimiques sp\u00e9cialis\u00e9es, les formulations de traitement des m\u00e9taux et certaines applications de laboratoire n\u00e9cessitant une chimie ferrocyanure contr\u00f4l\u00e9e.<\/p>\n<p data-start=\"2239\" data-end=\"2468\">Dans l\u2019industrie des pigments, le ferrocyanure de sodium est utilis\u00e9 dans la production du <strong data-start=\"2330\" data-end=\"2356\">pigment Bleu de Prusse<\/strong>, largement appliqu\u00e9 dans les rev\u00eatements, encres, pigments techniques et formulations colorantes industrielles.<\/p>\n<p data-start=\"2470\" data-end=\"2831\">Le ferrocyanure de sodium est \u00e9galement largement utilis\u00e9 en Europe comme <strong data-start=\"2544\" data-end=\"2593\">agent antiagglom\u00e9rant alimentaire dans le sel<\/strong>, o\u00f9 il est connu sous le nom de <strong data-start=\"2626\" data-end=\"2634\">E535<\/strong>. Dans cette application, de petites quantit\u00e9s sont ajout\u00e9es au sel de table et aux sels industriels afin d\u2019\u00e9viter l\u2019agglom\u00e9ration et d\u2019am\u00e9liorer la fluidit\u00e9 pendant le stockage et la manipulation.<\/p>\n<p data-start=\"2833\" data-end=\"3052\">Notre <strong data-start=\"2839\" data-end=\"2890\">ferrocyanure de sodium E535 qualit\u00e9 alimentaire<\/strong> est conforme \u00e0 la l\u00e9gislation europ\u00e9enne applicable aux additifs alimentaires, notamment le <strong data-start=\"2983\" data-end=\"3014\">R\u00e8glement (CE) n\u00b0 1333\/2008<\/strong> et le <strong data-start=\"3021\" data-end=\"3051\">R\u00e8glement (UE) n\u00b0 231\/2012<\/strong>.<\/p>\n<p data-start=\"3054\" data-end=\"3219\">Le ferrocyanure de sodium fourni par Gentrochema est \u00e9galement disponible avec une <strong data-start=\"3137\" data-end=\"3161\">certification casher<\/strong>, et une <strong data-start=\"3170\" data-end=\"3191\">d\u00e9claration Halal<\/strong> est disponible sur demande.<\/p>\n<p data-start=\"3221\" data-end=\"3790\">Le ferrocyanure de sodium est \u00e9galement utilis\u00e9 dans les syst\u00e8mes de <strong data-start=\"3290\" data-end=\"3336\">stockage d\u2019\u00e9nergie par batteries iron-flow<\/strong>, une technologie \u00e9mergente pour le stockage d\u2019\u00e9nergie \u00e0 grande \u00e9chelle. Dans ces syst\u00e8mes, les compos\u00e9s ferro-\/ferricyanures agissent comme composants \u00e9lectroactifs dans des batteries redox-flow aqueuses. Gr\u00e2ce \u00e0 leur excellente solubilit\u00e9, leur stabilit\u00e9 \u00e9lectrochimique et leur longue dur\u00e9e de vie cyclique, ces compos\u00e9s sont consid\u00e9r\u00e9s comme prometteurs pour les applications de stockage d\u2019\u00e9nergie durable et de stabilisation des r\u00e9seaux \u00e9lectriques.<\/p>\n<p data-start=\"3792\" data-end=\"4054\">Plus d\u2019informations sur ces applications sont disponibles sur notre page consacr\u00e9e aux :<br data-start=\"3880\" data-end=\"3883\" \/>&#x1f449;<a href=\"https:\/\/www.gentrochema.nl\/fr\/ferrocyanide-compounds-for-iron-flow-battery-energy-storage\/\"> Compos\u00e9s ferrocyanures pour le stockage d\u2019\u00e9nergie par batteries iron-flow.<\/a><\/p>\n<p data-start=\"4056\" data-end=\"4235\">Le ferrocyanure de sodium a \u00e9galement \u00e9t\u00e9 utilis\u00e9 historiquement dans le traitement textile, les applications de plans techniques et certaines chimies de laboratoire sp\u00e9cialis\u00e9es.<\/p>\n<h2 data-section-id=\"1mmxmnn\" data-start=\"4237\" data-end=\"4265\">R\u00e9glementation &amp; S\u00e9curit\u00e9<\/h2>\n<p data-start=\"4267\" data-end=\"4546\">Le ferrocyanure de sodium doit \u00eatre manipul\u00e9 conform\u00e9ment aux proc\u00e9dures standard de s\u00e9curit\u00e9 chimique industrielle. Dans des conditions normales de stockage et d\u2019utilisation, le produit est consid\u00e9r\u00e9 comme stable et pr\u00e9sente un risque limit\u00e9 lorsqu\u2019il est manipul\u00e9 correctement.<\/p>\n<p data-start=\"4548\" data-end=\"4950\">La substance doit \u00eatre stock\u00e9e dans un endroit sec et bien ventil\u00e9, \u00e0 l\u2019\u00e9cart des acides forts, des temp\u00e9ratures excessives et des mat\u00e9riaux incompatibles. Le contact avec des acides peut entra\u00eener la lib\u00e9ration de cyanure d\u2019hydrog\u00e8ne toxique. L\u2019utilisation d\u2019\u00e9quipements de protection individuelle appropri\u00e9s, notamment des gants, des lunettes de s\u00e9curit\u00e9 et une ventilation ad\u00e9quate, est recommand\u00e9e.<\/p>\n<p data-start=\"4952\" data-end=\"5062\">Le ferrocyanure de sodium fourni par Gentrochema est enti\u00e8rement conforme au <strong data-start=\"5029\" data-end=\"5061\">R\u00e8glement REACH CE 1907\/2006<\/strong>.<\/p>\n<p data-start=\"5064\" data-end=\"5204\"><strong data-start=\"5064\" data-end=\"5204\">Gentrochema BV dispose d\u2019un enregistrement REACH complet couvrant toutes les utilisations identifi\u00e9es connues du ferrocyanure de sodium.<\/strong><\/p>\n<h2 data-section-id=\"ft6osp\" data-start=\"5206\" data-end=\"5231\">Emballage &amp; Logistique<\/h2>\n<p data-start=\"5233\" data-end=\"5558\">Le ferrocyanure de sodium est fourni dans des emballages industriels adapt\u00e9s, con\u00e7us pour une manipulation et un transport s\u00fbrs conform\u00e9ment \u00e0 la r\u00e9glementation applicable. La quantit\u00e9 minimale de commande est de <strong data-start=\"5446\" data-end=\"5455\">25 kg<\/strong>, avec des options d\u2019emballage adapt\u00e9es aux applications industrielles, de laboratoire et alimentaires.<\/p>\n<p data-start=\"5560\" data-end=\"5671\">Selon les sp\u00e9cifications du produit et les exigences du client, le ferrocyanure de sodium peut \u00eatre fourni en :<\/p>\n<ul data-start=\"5672\" data-end=\"5728\">\n<li data-section-id=\"1j4djre\" data-start=\"5672\" data-end=\"5678\">Sacs<\/li>\n<li data-section-id=\"174gjsb\" data-start=\"5679\" data-end=\"5690\">F\u00fbts HDPE<\/li>\n<li data-section-id=\"3gotn7\" data-start=\"5691\" data-end=\"5701\">Big bags<\/li>\n<li data-section-id=\"1cythh0\" data-start=\"5702\" data-end=\"5728\">Exp\u00e9ditions sur palettes<\/li>\n<\/ul>\n<p data-start=\"5730\" data-end=\"5863\"><strong data-start=\"5730\" data-end=\"5863\">Le ferrocyanure de sodium est disponible pour livraison dans toute l\u2019Europe, avec une fourniture mondiale disponible sur demande.<\/strong><\/p>\n<h2 data-section-id=\"1e09iua\" data-start=\"5865\" data-end=\"5898\">Pourquoi choisir Gentrochema ?<\/h2>\n<p data-start=\"5900\" data-end=\"6266\">Gentrochema veille \u00e0 ce que le ferrocyanure de sodium soit fourni conform\u00e9ment \u00e0 des normes strictes de qualit\u00e9 et de s\u00e9curit\u00e9. En tant que <strong data-start=\"6040\" data-end=\"6072\">fournisseur enregistr\u00e9 REACH<\/strong>, nous garantissons une conformit\u00e9 totale avec la r\u00e9glementation chimique europ\u00e9enne et offrons \u00e0 nos clients une s\u00e9curit\u00e9 maximale en mati\u00e8re de tra\u00e7abilit\u00e9 et de fiabilit\u00e9 d\u2019approvisionnement.<\/p>\n<p data-start=\"6268\" data-end=\"6551\">En choisissant Gentrochema, vous b\u00e9n\u00e9ficiez d\u2019un fournisseur europ\u00e9en fiable de produits chimiques, proposant une qualit\u00e9 constante, des prix comp\u00e9titifs et un service orient\u00e9 client. Notre \u00e9quipe s\u2019engage \u00e0 fournir des solutions logistiques fiables et des partenariats \u00e0 long terme.<\/p>\n<h2 data-section-id=\"2k98rn\" data-start=\"6553\" data-end=\"6573\">Demander un devis<\/h2>\n<p data-start=\"6575\" data-end=\"6838\">Pour plus d\u2019informations, des sp\u00e9cifications techniques ou une demande de devis pour le ferrocyanure de sodium, n\u2019h\u00e9sitez pas \u00e0 contacter notre \u00e9quipe. Nous serons ravis de vous accompagner avec des r\u00e9ponses rapides et des solutions d\u2019approvisionnement flexibles.<\/p>\n<p data-start=\"6840\" data-end=\"6886\" data-is-last-node=\"\" data-is-only-node=\"\">&#x1f449; <a class=\"decorated-link cursor-pointer\" rel=\"noopener\" data-start=\"6843\" data-end=\"6862\">info@gentrochema.nl<\/a><br data-start=\"6862\" data-end=\"6865\" \/>&#x1f449; <a class=\"decorated-link\" href=\"http:\/\/www.gentrochema.nl\/\" target=\"_new\" rel=\"noopener\" data-start=\"6868\" data-end=\"6886\" data-is-last-node=\"\">www.gentrochema.nl<\/a><\/p>\n<p><span style=\"font-size: 1rem\"><div class=\"alert-yellow\" >\n<\/span><a style=\"font-size: 1rem\" href=\"https:\/\/www.gentrochema.nl\/fr\/general-conditions-of-sale\/\" rel=\"noopener noreferrer\">Nos conditions g\u00e9n\u00e9rales de vente<\/a><span style=\"font-size: 1rem\"><\/div>\n<div class=\"clearall\" ><\/div>\n<\/span><\/p>\n<p>&nbsp;<\/p>","protected":false},"excerpt":{"rendered":"<p>Ferrocyanure de sodium (Na\u2084[Fe(CN)\u2086] \u00b7 10H\u2082O) Fournisseur en Europe Nom chimique Hexacyanoferrate(II) de t\u00e9trasodium d\u00e9cahydrat\u00e9 Formule&#8230;<\/p>\n","protected":false},"author":8,"featured_media":0,"parent":0,"menu_order":0,"comment_status":"open","ping_status":"open","template":"","meta":{"footnotes":""},"categories":[4],"tags":[316,315,301,314,310,298,334,277,300,294,234,287,276,275,279,278,335],"yst_prominent_words":[1118,1119],"class_list":["post-715","page","type-page","status-publish","hentry","category-products","tag-agente-anti-aglomerante","tag-anti-caking-agent-salt","tag-anti-klontermiddel-in-zout","tag-antiagglomerant-dans-le-sel","tag-antibackmittel-bei-salz","tag-azul-prusiano","tag-e535","tag-enregistrement-reach","tag-geel-bloedloogzout","tag-le-bleu-de-prusse","tag-pigment","tag-prussian-blue","tag-reach-compliant","tag-reach-enregistre","tag-reach-registered","tag-reach-registriert","tag-tetranatrium-hexacyanoferraat-decahydraat"],"_links":{"self":[{"href":"https:\/\/www.gentrochema.nl\/fr\/wp-json\/wp\/v2\/pages\/715","targetHints":{"allow":["GET"]}}],"collection":[{"href":"https:\/\/www.gentrochema.nl\/fr\/wp-json\/wp\/v2\/pages"}],"about":[{"href":"https:\/\/www.gentrochema.nl\/fr\/wp-json\/wp\/v2\/types\/page"}],"author":[{"embeddable":true,"href":"https:\/\/www.gentrochema.nl\/fr\/wp-json\/wp\/v2\/users\/8"}],"replies":[{"embeddable":true,"href":"https:\/\/www.gentrochema.nl\/fr\/wp-json\/wp\/v2\/comments?post=715"}],"version-history":[{"count":8,"href":"https:\/\/www.gentrochema.nl\/fr\/wp-json\/wp\/v2\/pages\/715\/revisions"}],"predecessor-version":[{"id":7136,"href":"https:\/\/www.gentrochema.nl\/fr\/wp-json\/wp\/v2\/pages\/715\/revisions\/7136"}],"wp:attachment":[{"href":"https:\/\/www.gentrochema.nl\/fr\/wp-json\/wp\/v2\/media?parent=715"}],"wp:term":[{"taxonomy":"category","embeddable":true,"href":"https:\/\/www.gentrochema.nl\/fr\/wp-json\/wp\/v2\/categories?post=715"},{"taxonomy":"post_tag","embeddable":true,"href":"https:\/\/www.gentrochema.nl\/fr\/wp-json\/wp\/v2\/tags?post=715"},{"taxonomy":"yst_prominent_words","embeddable":true,"href":"https:\/\/www.gentrochema.nl\/fr\/wp-json\/wp\/v2\/yst_prominent_words?post=715"}],"curies":[{"name":"wp","href":"https:\/\/api.w.org\/{rel}","templated":true}]}}