{"id":698,"date":"2012-04-03T14:26:02","date_gmt":"2012-04-03T13:26:02","guid":{"rendered":"https:\/\/www.gentrochema.nl\/?p=698"},"modified":"2026-04-01T16:39:42","modified_gmt":"2026-04-01T15:39:42","slug":"potassium-nitrite","status":"publish","type":"page","link":"https:\/\/www.gentrochema.nl\/fr\/potassium-nitrite\/","title":{"rendered":"Nitrite de Potassium"},"content":{"rendered":"<p><\/p>\n<h1 data-section-id=\"b5ujhw\" data-start=\"127\" data-end=\"182\"><span role=\"text\"><strong data-start=\"129\" data-end=\"182\">Nitrite de potassium (KNO\u2082) Fournisseur en Europe<\/strong><\/span><\/h1>\n<p data-start=\"184\" data-end=\"596\">Gentrochema est un fournisseur europ\u00e9en fiable de <strong data-start=\"234\" data-end=\"265\">nitrite de potassium (KNO\u2082)<\/strong>, un sel inorganique de haute puret\u00e9 utilis\u00e9 dans des applications industrielles, chimiques et de laboratoire. Nous garantissons une qualit\u00e9 constante, des produits conformes REACH et une livraison efficace dans toute l\u2019Europe, pour les clients qui recherchent une source d\u2019approvisionnement fiable et conforme \u00e0 la r\u00e9glementation.<\/p>\n<h2 data-section-id=\"18hbuh1\" data-start=\"598\" data-end=\"640\">Qu\u2019est-ce que le nitrite de potassium ?<\/h2>\n<p data-start=\"642\" data-end=\"1128\">Le nitrite de potassium, de formule chimique KNO\u2082 et num\u00e9ro CAS 7758-09-0, est un compos\u00e9 cristallin blanc \u00e0 l\u00e9g\u00e8rement jaun\u00e2tre, hautement soluble dans l\u2019eau. Gr\u00e2ce \u00e0 ses propri\u00e9t\u00e9s chimiques, il est largement utilis\u00e9 comme interm\u00e9diaire dans la synth\u00e8se chimique et comme r\u00e9actif dans les applications analytiques et de laboratoire. Sa r\u00e9activit\u00e9 et sa solubilit\u00e9 le rendent particuli\u00e8rement adapt\u00e9 aux proc\u00e9d\u00e9s industriels contr\u00f4l\u00e9s o\u00f9 la pr\u00e9cision et la fiabilit\u00e9 sont essentielles.<\/p>\n<h2 data-section-id=\"relq7y\" data-start=\"1130\" data-end=\"1169\">Applications du nitrite de potassium<\/h2>\n<p data-start=\"1171\" data-end=\"1563\">Le nitrite de potassium est utilis\u00e9 dans divers secteurs industriels et techniques. Il joue un r\u00f4le important comme interm\u00e9diaire dans l\u2019industrie chimique et est largement utilis\u00e9 dans les environnements de laboratoire et de recherche. Il est \u00e9galement utilis\u00e9 dans les syst\u00e8mes de transfert thermique, o\u00f9 les sels \u00e0 base de nitrite contribuent \u00e0 une gestion efficace de l\u2019\u00e9nergie thermique.<\/p>\n<p data-start=\"1565\" data-end=\"2182\">Dans des applications industrielles plus sp\u00e9cialis\u00e9es, le nitrite de potassium est utilis\u00e9 comme <strong data-start=\"1662\" data-end=\"1729\">inhibiteur de corrosion dans les syst\u00e8mes de traitement des gaz<\/strong>, y compris les <strong data-start=\"1745\" data-end=\"1774\">proc\u00e9d\u00e9s de type Benfield<\/strong> pour l\u2019\u00e9limination du CO\u2082. Dans ces syst\u00e8mes, des solutions chaudes de carbonate de potassium sont utilis\u00e9es dans des conditions alcalines, ce qui peut entra\u00eener la corrosion des \u00e9quipements en acier au carbone. L\u2019ajout d\u2019ions nitrite favorise la formation d\u2019une couche d\u2019oxyde protectrice sur les surfaces m\u00e9talliques, r\u00e9duisant ainsi les taux de corrosion et prolongeant la dur\u00e9e de vie des installations.<\/p>\n<p data-start=\"2184\" data-end=\"2623\">Le nitrite de potassium est \u00e9galement utilis\u00e9 dans les <strong data-start=\"2239\" data-end=\"2283\">circuits d\u2019eau de refroidissement ferm\u00e9s<\/strong> comme inhibiteur de corrosion pour les composants en acier et en fer. Dans ces syst\u00e8mes, les ions nitrite contribuent au maintien d\u2019une couche passive protectrice, r\u00e9duisant ainsi le risque de formation de rouille et de d\u00e9gradation des mat\u00e9riaux, notamment dans les circuits industriels de refroidissement et les syst\u00e8mes d\u2019eau de process.<\/p>\n<p data-start=\"2625\" data-end=\"2971\">Dans le domaine du <strong data-start=\"2644\" data-end=\"2698\">traitement des m\u00e9taux et de la finition de surface<\/strong>, le nitrite de potassium est utilis\u00e9 dans certaines formulations pour des processus d\u2019oxydation contr\u00f4l\u00e9e et de traitement chimique. Ses propri\u00e9t\u00e9s oxydantes le rendent adapt\u00e9 aux applications n\u00e9cessitant une modification pr\u00e9cise des surfaces ou un contr\u00f4le des r\u00e9actions.<\/p>\n<p data-start=\"2973\" data-end=\"3323\">En outre, le nitrite de potassium est utilis\u00e9 dans des <strong data-start=\"3028\" data-end=\"3073\">proc\u00e9d\u00e9s de synth\u00e8se chimique sp\u00e9cialis\u00e9s<\/strong>, o\u00f9 il agit comme agent nitrosant ou oxydant. Cela le rend pr\u00e9cieux dans la production d\u2019interm\u00e9diaires pour les colorants, les produits pharmaceutiques et d\u2019autres produits chimiques fins, o\u00f9 des conditions de r\u00e9action contr\u00f4l\u00e9es sont essentielles.<\/p>\n<p data-start=\"3325\" data-end=\"3482\">Sa polyvalence fait du nitrite de potassium un produit pr\u00e9cieux pour l\u2019industrie manufacturi\u00e8re, les industries de proc\u00e9d\u00e9s et les applications sp\u00e9cialis\u00e9es.<\/p>\n<h2 data-section-id=\"h6o7pd\" data-start=\"3484\" data-end=\"3511\">S\u00e9curit\u00e9 et manipulation<\/h2>\n<p data-start=\"3513\" data-end=\"4046\">En tant que substance chimique, le nitrite de potassium doit \u00eatre manipul\u00e9 avec pr\u00e9caution. Il est class\u00e9 comme agent oxydant et peut intensifier la combustion de mat\u00e9riaux inflammables. L\u2019exposition doit \u00eatre limit\u00e9e, car la substance peut \u00eatre nocive en cas d\u2019ingestion ou de mauvaise manipulation. En pr\u00e9sence d\u2019acides, elle peut former des oxydes d\u2019azote toxiques. Il est donc essentiel d\u2019utiliser des \u00e9quipements de protection individuelle appropri\u00e9s, notamment des gants, des lunettes de protection et une ventilation ad\u00e9quate.<\/p>\n<h2 data-section-id=\"1q20erg\" data-start=\"4048\" data-end=\"4080\">Conditionnement et logistique<\/h2>\n<p data-start=\"4082\" data-end=\"4385\">Le nitrite de potassium est fourni en <strong data-start=\"4120\" data-end=\"4147\">f\u00fbts HDPE homologu\u00e9s UN<\/strong>, garantissant un stockage et un transport s\u00fbrs conform\u00e9ment aux r\u00e9glementations internationales. La quantit\u00e9 minimale de commande est de <strong data-start=\"4285\" data-end=\"4294\">25 kg<\/strong>, avec un conditionnement con\u00e7u pour une manipulation s\u00e9curis\u00e9e et une logistique efficace.<\/p>\n<p data-start=\"4387\" data-end=\"4525\">Le nitrite de potassium est disponible pour livraison dans toute l\u2019Europe, notamment en Allemagne, en France, en Belgique et aux Pays-Bas.<\/p>\n<div id=\"attachment_7061\" style=\"width: 1522px\" class=\"wp-caption aligncenter\"><a href=\"https:\/\/www.gentrochema.nl\/wp-content\/uploads\/2026\/03\/PHOTO-2025-07-31-10-20-08.jpg\"><img loading=\"lazy\" decoding=\"async\" aria-describedby=\"caption-attachment-7061\" class=\"size-full wp-image-7061\" src=\"https:\/\/www.gentrochema.nl\/wp-content\/uploads\/2026\/03\/PHOTO-2025-07-31-10-20-08.jpg\" alt=\"Potassium Nitrite UN approved HDPE drums packaging Gentrochema Europe\" width=\"1512\" height=\"2016\" srcset=\"https:\/\/www.gentrochema.nl\/wp-content\/uploads\/2026\/03\/PHOTO-2025-07-31-10-20-08.jpg 1512w, https:\/\/www.gentrochema.nl\/wp-content\/uploads\/2026\/03\/PHOTO-2025-07-31-10-20-08-225x300.jpg 225w, https:\/\/www.gentrochema.nl\/wp-content\/uploads\/2026\/03\/PHOTO-2025-07-31-10-20-08-768x1024.jpg 768w, https:\/\/www.gentrochema.nl\/wp-content\/uploads\/2026\/03\/PHOTO-2025-07-31-10-20-08-1152x1536.jpg 1152w\" sizes=\"auto, (max-width: 1512px) 100vw, 1512px\" \/><\/a><p id=\"caption-attachment-7061\" class=\"wp-caption-text\">UN-approved HDPE drums of Potassium Nitrite (KNO\u2082) ready for safe transport and delivery across Europe<\/p><\/div>\n<div id=\"attachment_7060\" style=\"width: 787px\" class=\"wp-caption aligncenter\"><a href=\"https:\/\/www.gentrochema.nl\/wp-content\/uploads\/2026\/03\/IMG-20200121-WA0015.jpg\"><img loading=\"lazy\" decoding=\"async\" aria-describedby=\"caption-attachment-7060\" class=\"size-full wp-image-7060\" src=\"https:\/\/www.gentrochema.nl\/wp-content\/uploads\/2026\/03\/IMG-20200121-WA0015.jpg\" alt=\"Potassium Nitrite UN 1488 in HDPE drum 25 kg oxidizer class 5.1\" width=\"777\" height=\"1600\" srcset=\"https:\/\/www.gentrochema.nl\/wp-content\/uploads\/2026\/03\/IMG-20200121-WA0015.jpg 777w, https:\/\/www.gentrochema.nl\/wp-content\/uploads\/2026\/03\/IMG-20200121-WA0015-146x300.jpg 146w, https:\/\/www.gentrochema.nl\/wp-content\/uploads\/2026\/03\/IMG-20200121-WA0015-497x1024.jpg 497w, https:\/\/www.gentrochema.nl\/wp-content\/uploads\/2026\/03\/IMG-20200121-WA0015-768x1581.jpg 768w, https:\/\/www.gentrochema.nl\/wp-content\/uploads\/2026\/03\/IMG-20200121-WA0015-746x1536.jpg 746w\" sizes=\"auto, (max-width: 777px) 100vw, 777px\" \/><\/a><p id=\"caption-attachment-7060\" class=\"wp-caption-text\">Close-up of a 25 kg UN-approved HDPE drum of Potassium Nitrite (UN 1488, oxidizer class 5.1)<\/p><\/div>\n<h2 data-section-id=\"1e09iua\" data-start=\"4624\" data-end=\"4657\">Pourquoi choisir Gentrochema ?<\/h2>\n<p data-start=\"4659\" data-end=\"5012\">Gentrochema veille \u00e0 ce que le nitrite de potassium soit fourni conform\u00e9ment \u00e0 des normes strictes de qualit\u00e9 et de s\u00e9curit\u00e9. En tant que <strong data-start=\"4797\" data-end=\"4829\">fournisseur enregistr\u00e9 REACH<\/strong>, nous garantissons la conformit\u00e9 totale \u00e0 la r\u00e9glementation chimique europ\u00e9enne, offrant \u00e0 nos clients une s\u00e9curit\u00e9 maximale en mati\u00e8re de tra\u00e7abilit\u00e9 et de conformit\u00e9 r\u00e9glementaire.<\/p>\n<p data-start=\"5014\" data-end=\"5327\">En choisissant Gentrochema, vous b\u00e9n\u00e9ficiez d\u2019un fournisseur de produits chimiques fiable, d\u2019un solide r\u00e9seau europ\u00e9en, d\u2019une qualit\u00e9 constante et d\u2019une approche orient\u00e9e client. Notre \u00e9quipe s\u2019engage \u00e0 fournir un service fiable, des prix comp\u00e9titifs et des solutions logistiques efficaces adapt\u00e9es \u00e0 vos besoins.<\/p>\n<h2 data-section-id=\"2k98rn\" data-start=\"5329\" data-end=\"5349\">Demander un devis<\/h2>\n<p data-start=\"5351\" data-end=\"5612\">Pour plus d\u2019informations, des sp\u00e9cifications techniques ou une demande de devis pour le nitrite de potassium, n\u2019h\u00e9sitez pas \u00e0 contacter notre \u00e9quipe. Nous serons ravis de vous accompagner avec des r\u00e9ponses rapides et des solutions d\u2019approvisionnement flexibles.<\/p>\n<p data-start=\"5614\" data-end=\"5662\">&#x1f449; <a class=\"decorated-link cursor-pointer\" rel=\"noopener\" data-start=\"5617\" data-end=\"5636\">info@gentrochema.nl<\/a><br data-start=\"5636\" data-end=\"5639\" \/>&#x1f449; <a class=\"decorated-link\" href=\"http:\/\/www.gentrochema.nl\/\" target=\"_new\" rel=\"noopener\" data-start=\"5642\" data-end=\"5660\">www.gentrochema.nl<\/a><\/p>\n<p><span style=\"font-size: 1rem\"><div class=\"alert-yellow\" >\n<\/span><a style=\"font-size: 1rem\" href=\"https:\/\/www.gentrochema.nl\/fr\/general-conditions-of-sale\/\" rel=\"noopener noreferrer\">Nos conditions g\u00e9n\u00e9rales de vente<\/a><span style=\"font-size: 1rem\"><\/div>\n<div class=\"clearall\" ><\/div>\n<\/span><\/p>\n<p>&nbsp;<\/p>","protected":false},"excerpt":{"rendered":"<p>Nitrite de potassium (KNO\u2082) Fournisseur en Europe Gentrochema est un fournisseur europ\u00e9en fiable de nitrite de&#8230;<\/p>\n","protected":false},"author":8,"featured_media":0,"parent":0,"menu_order":0,"comment_status":"closed","ping_status":"closed","template":"","meta":{"footnotes":""},"categories":[4],"tags":[320],"yst_prominent_words":[1118,1117,1127,950,1119],"class_list":["post-698","page","type-page","status-publish","hentry","category-products","tag-benfield-process"],"_links":{"self":[{"href":"https:\/\/www.gentrochema.nl\/fr\/wp-json\/wp\/v2\/pages\/698","targetHints":{"allow":["GET"]}}],"collection":[{"href":"https:\/\/www.gentrochema.nl\/fr\/wp-json\/wp\/v2\/pages"}],"about":[{"href":"https:\/\/www.gentrochema.nl\/fr\/wp-json\/wp\/v2\/types\/page"}],"author":[{"embeddable":true,"href":"https:\/\/www.gentrochema.nl\/fr\/wp-json\/wp\/v2\/users\/8"}],"replies":[{"embeddable":true,"href":"https:\/\/www.gentrochema.nl\/fr\/wp-json\/wp\/v2\/comments?post=698"}],"version-history":[{"count":10,"href":"https:\/\/www.gentrochema.nl\/fr\/wp-json\/wp\/v2\/pages\/698\/revisions"}],"predecessor-version":[{"id":7073,"href":"https:\/\/www.gentrochema.nl\/fr\/wp-json\/wp\/v2\/pages\/698\/revisions\/7073"}],"wp:attachment":[{"href":"https:\/\/www.gentrochema.nl\/fr\/wp-json\/wp\/v2\/media?parent=698"}],"wp:term":[{"taxonomy":"category","embeddable":true,"href":"https:\/\/www.gentrochema.nl\/fr\/wp-json\/wp\/v2\/categories?post=698"},{"taxonomy":"post_tag","embeddable":true,"href":"https:\/\/www.gentrochema.nl\/fr\/wp-json\/wp\/v2\/tags?post=698"},{"taxonomy":"yst_prominent_words","embeddable":true,"href":"https:\/\/www.gentrochema.nl\/fr\/wp-json\/wp\/v2\/yst_prominent_words?post=698"}],"curies":[{"name":"wp","href":"https:\/\/api.w.org\/{rel}","templated":true}]}}