{"id":670,"date":"2012-04-03T14:07:22","date_gmt":"2012-04-03T13:07:22","guid":{"rendered":"https:\/\/www.gentrochema.nl\/?p=670"},"modified":"2026-05-14T14:33:08","modified_gmt":"2026-05-14T13:33:08","slug":"potassium-dichromate-2","status":"publish","type":"page","link":"https:\/\/www.gentrochema.nl\/fr\/potassium-dichromate-2\/","title":{"rendered":"Dichromate de Potassium"},"content":{"rendered":"<p><\/p>\n<h1 data-section-id=\"16gml3s\" data-start=\"0\" data-end=\"101\"><span role=\"text\"><strong data-start=\"2\" data-end=\"101\">Dichromate de Potassium (K\u2082Cr\u2082O\u2087) Fournisseur pour les March\u00e9s Hors UE &amp; Utilisateurs Autoris\u00e9s<\/strong><\/span><\/h1>\n<div class=\"TyagGW_tableContainer\">\n<div class=\"group TyagGW_tableWrapper flex flex-col-reverse w-fit\">\n<table class=\"w-fit min-w-(--thread-content-width)\" data-start=\"103\" data-end=\"360\">\n<thead data-start=\"103\" data-end=\"145\">\n<tr data-start=\"103\" data-end=\"145\">\n<th class=\"last:pe-10\" data-start=\"103\" data-end=\"118\" data-col-size=\"sm\">Nom chimique<\/th>\n<th class=\"last:pe-10\" data-start=\"118\" data-end=\"145\" data-col-size=\"md\">Dichromate de potassium<\/th>\n<\/tr>\n<\/thead>\n<tbody data-start=\"156\" data-end=\"360\">\n<tr data-start=\"156\" data-end=\"186\">\n<td data-start=\"156\" data-end=\"175\" data-col-size=\"sm\">Formule chimique<\/td>\n<td data-col-size=\"md\" data-start=\"175\" data-end=\"186\">K\u2082Cr\u2082O\u2087<\/td>\n<\/tr>\n<tr data-start=\"187\" data-end=\"213\">\n<td data-start=\"187\" data-end=\"200\" data-col-size=\"sm\">Num\u00e9ro CAS<\/td>\n<td data-start=\"200\" data-end=\"213\" data-col-size=\"md\">7778-50-9<\/td>\n<\/tr>\n<tr data-start=\"214\" data-end=\"239\">\n<td data-start=\"214\" data-end=\"226\" data-col-size=\"sm\">Num\u00e9ro CE<\/td>\n<td data-col-size=\"md\" data-start=\"226\" data-end=\"239\">231-906-6<\/td>\n<\/tr>\n<tr data-start=\"240\" data-end=\"263\">\n<td data-start=\"240\" data-end=\"252\" data-col-size=\"sm\">Num\u00e9ro UN<\/td>\n<td data-start=\"252\" data-end=\"263\" data-col-size=\"md\">UN 3086<\/td>\n<\/tr>\n<tr data-start=\"264\" data-end=\"332\">\n<td data-start=\"264\" data-end=\"285\" data-col-size=\"sm\">Classification ADR<\/td>\n<td data-col-size=\"md\" data-start=\"285\" data-end=\"332\">Classe 6.1 (5.1) \u2013 Solide toxique comburant<\/td>\n<\/tr>\n<tr data-start=\"333\" data-end=\"360\">\n<td data-start=\"333\" data-end=\"354\" data-col-size=\"sm\">Groupe d\u2019emballage<\/td>\n<td data-start=\"354\" data-end=\"360\" data-col-size=\"md\">II<\/td>\n<\/tr>\n<\/tbody>\n<\/table>\n<\/div>\n<\/div>\n<p data-start=\"362\" data-end=\"616\">Gentrochema fournit le <strong data-start=\"385\" data-end=\"422\">dichromate de potassium (K\u2082Cr\u2082O\u2087)<\/strong> exclusivement sous certaines conditions r\u00e9glementaires sp\u00e9cifiques et conform\u00e9ment \u00e0 la l\u00e9gislation internationale applicable aux produits chimiques et au transport de marchandises dangereuses.<\/p>\n<p data-start=\"618\" data-end=\"874\">Le dichromate de potassium est un compos\u00e9 du chrome hexavalent (Cr VI) inscrit \u00e0 l\u2019<strong data-start=\"701\" data-end=\"781\">Annexe XIV du r\u00e8glement REACH (liste des substances soumises \u00e0 autorisation)<\/strong> et class\u00e9 comme <strong data-start=\"798\" data-end=\"843\">Substance extr\u00eamement pr\u00e9occupante (SVHC)<\/strong> au sein de l\u2019Union europ\u00e9enne.<\/p>\n<h2 data-section-id=\"lshe9a\" data-start=\"876\" data-end=\"899\">Statut R\u00e9glementaire<\/h2>\n<p data-start=\"901\" data-end=\"1018\">Gentrochema BV ne dispose plus d\u2019une autorisation REACH active de l\u2019Union europ\u00e9enne pour le dichromate de potassium.<\/p>\n<p data-start=\"1020\" data-end=\"1114\">Par cons\u00e9quent, Gentrochema peut uniquement fournir ce produit dans les conditions suivantes :<\/p>\n<ul data-start=\"1116\" data-end=\"1415\">\n<li data-section-id=\"1tvn4jl\" data-start=\"1116\" data-end=\"1210\">Fourniture \u00e0 des clients situ\u00e9s en dehors de l\u2019Union europ\u00e9enne \/ Espace \u00e9conomique europ\u00e9en<\/li>\n<li data-section-id=\"1ecuihi\" data-start=\"1211\" data-end=\"1291\">Fourniture sous statut douanier <strong data-start=\"1245\" data-end=\"1251\">T1<\/strong> (marchandises non d\u00e9douan\u00e9es dans l\u2019UE)<\/li>\n<li data-section-id=\"5rm56n\" data-start=\"1292\" data-end=\"1415\">Fourniture \u00e0 des clients disposant de leur propre autorisation REACH valide pour l\u2019utilisation pr\u00e9vue au sein de l\u2019UE\/EEE<\/li>\n<\/ul>\n<p data-start=\"1417\" data-end=\"1644\">Le dichromate de potassium ne peut donc \u00eatre fourni que lorsque toutes les obligations r\u00e9glementaires applicables sont remplies par le client ou lorsque le produit reste hors libre circulation douani\u00e8re dans l\u2019Union europ\u00e9enne.<\/p>\n<h2 data-section-id=\"1magm1m\" data-start=\"1646\" data-end=\"1691\">Qu\u2019est-ce que le Dichromate de Potassium ?<\/h2>\n<p data-start=\"1693\" data-end=\"1983\">Le dichromate de potassium (K\u2082Cr\u2082O\u2087) est un compos\u00e9 inorganique cristallin orange-rouge contenant du chrome hexavalent (Cr VI). Le produit est un puissant agent oxydant historiquement utilis\u00e9 dans des proc\u00e9d\u00e9s chimiques industriels et des applications sp\u00e9cialis\u00e9es de traitement de surface.<\/p>\n<p data-start=\"1985\" data-end=\"2189\">La substance est hautement soluble dans l\u2019eau et appr\u00e9ci\u00e9e pour ses propri\u00e9t\u00e9s oxydantes, inhibitrices de corrosion et de traitement des m\u00e9taux. Le produit est fourni sous forme solide cristalline orange.<\/p>\n<p data-start=\"2191\" data-end=\"2403\">En raison de sa classification toxicologique et de ses dangers environnementaux, le dichromate de potassium est soumis \u00e0 une r\u00e9glementation stricte dans le cadre des r\u00e9glementations REACH, CLP, ADR, IMDG et IATA.<\/p>\n<p data-start=\"2405\" data-end=\"2437\">La substance est class\u00e9e comme :<\/p>\n<ul data-start=\"2438\" data-end=\"2558\">\n<li data-section-id=\"13cve83\" data-start=\"2438\" data-end=\"2447\">Toxique<\/li>\n<li data-section-id=\"baadxz\" data-start=\"2448\" data-end=\"2461\">Canc\u00e9rog\u00e8ne<\/li>\n<li data-section-id=\"1mo07i9\" data-start=\"2462\" data-end=\"2472\">Mutag\u00e8ne<\/li>\n<li data-section-id=\"1wx3bvm\" data-start=\"2473\" data-end=\"2503\">Toxique pour la reproduction<\/li>\n<li data-section-id=\"1hs3ajq\" data-start=\"2504\" data-end=\"2537\">Dangereuse pour l\u2019environnement<\/li>\n<li data-section-id=\"10zcn1g\" data-start=\"2538\" data-end=\"2558\">Fortement oxydante<\/li>\n<\/ul>\n<p data-start=\"2560\" data-end=\"2597\">Mention d\u2019avertissement : <strong data-start=\"2586\" data-end=\"2596\">Danger<\/strong>.<\/p>\n<h2 data-section-id=\"1gcogwl\" data-start=\"2599\" data-end=\"2628\">Applications Industrielles<\/h2>\n<p data-start=\"2630\" data-end=\"2747\">Le dichromate de potassium a historiquement \u00e9t\u00e9 utilis\u00e9 dans des applications industrielles sp\u00e9cialis\u00e9es telles que :<\/p>\n<ul data-start=\"2749\" data-end=\"3145\">\n<li data-section-id=\"ftun3g\" data-start=\"2749\" data-end=\"2826\">Industrie des allumettes de s\u00e9curit\u00e9 (\u201csafety matches\u201d) comme agent oxydant<\/li>\n<li data-section-id=\"12jk33z\" data-start=\"2827\" data-end=\"2861\">Traitement de surface des m\u00e9taux<\/li>\n<li data-section-id=\"b6sjsm\" data-start=\"2862\" data-end=\"2904\">Applications a\u00e9rospatiales et de d\u00e9fense<\/li>\n<li data-section-id=\"b9ra2v\" data-start=\"2905\" data-end=\"2940\">Syst\u00e8mes inhibiteurs de corrosion<\/li>\n<li data-section-id=\"82rsku\" data-start=\"2941\" data-end=\"2966\">R\u00e9actifs de laboratoire<\/li>\n<li data-section-id=\"c4f0ss\" data-start=\"2967\" data-end=\"3026\">Fabrication de pigments et produits chimiques sp\u00e9cialis\u00e9s<\/li>\n<li data-section-id=\"19a5v79\" data-start=\"3027\" data-end=\"3061\">Syst\u00e8mes de pr\u00e9servation du bois<\/li>\n<li data-section-id=\"16xll9u\" data-start=\"3062\" data-end=\"3096\">Production de compos\u00e9s du chrome<\/li>\n<li data-section-id=\"mgr9ge\" data-start=\"3097\" data-end=\"3145\">Proc\u00e9d\u00e9s d\u2019oxydation dans l\u2019industrie chimique<\/li>\n<\/ul>\n<p data-start=\"3147\" data-end=\"3331\">Dans l\u2019industrie des allumettes de s\u00e9curit\u00e9, le dichromate de potassium est utilis\u00e9 comme puissant agent oxydant dans des compositions sp\u00e9cialis\u00e9es d\u2019allumettes et syst\u00e8mes d\u2019allumage.<\/p>\n<p data-start=\"3333\" data-end=\"3552\">Certaines applications industrielles au sein de l\u2019UE\/EEE peuvent uniquement \u00eatre autoris\u00e9es lorsqu\u2019elles sont couvertes par une autorisation REACH valide d\u00e9tenue par l\u2019utilisateur ou la cha\u00eene d\u2019approvisionnement amont.<\/p>\n<h2 data-section-id=\"px4xkm\" data-start=\"3554\" data-end=\"3580\">S\u00e9curit\u00e9 &amp; Manipulation<\/h2>\n<p data-start=\"3582\" data-end=\"3781\">Le dichromate de potassium doit exclusivement \u00eatre manipul\u00e9 par du personnel form\u00e9 utilisant des proc\u00e9dures de s\u00e9curit\u00e9 industrielle appropri\u00e9es et des \u00e9quipements de protection individuelle adapt\u00e9s.<\/p>\n<p data-start=\"3783\" data-end=\"4087\">L\u2019inhalation des poussi\u00e8res ainsi que le contact avec la peau et les yeux doivent \u00eatre \u00e9vit\u00e9s. Le produit doit \u00eatre stock\u00e9 dans des emballages d\u2019origine herm\u00e9tiquement ferm\u00e9s, dans un endroit sec et bien ventil\u00e9, \u00e0 l\u2019\u00e9cart des mati\u00e8res combustibles, agents r\u00e9ducteurs, acides et substances incompatibles.<\/p>\n<p data-start=\"4089\" data-end=\"4137\">Pour le transport, le produit est class\u00e9 comme :<\/p>\n<ul data-start=\"4139\" data-end=\"4251\">\n<li data-section-id=\"u4jw8u\" data-start=\"4139\" data-end=\"4152\"><strong data-start=\"4141\" data-end=\"4152\">UN 3086<\/strong><\/li>\n<li data-section-id=\"m8ob92\" data-start=\"4153\" data-end=\"4179\"><strong data-start=\"4155\" data-end=\"4179\">ADR Classe 6.1 (5.1)<\/strong><\/li>\n<li data-section-id=\"kffaiv\" data-start=\"4180\" data-end=\"4207\"><strong data-start=\"4182\" data-end=\"4207\">Groupe d\u2019emballage II<\/strong><\/li>\n<li data-section-id=\"1whjvu4\" data-start=\"4208\" data-end=\"4251\">Substance dangereuse pour l\u2019environnement<\/li>\n<\/ul>\n<h2 data-section-id=\"ft6osp\" data-start=\"4253\" data-end=\"4278\">Emballage &amp; Logistique<\/h2>\n<p data-start=\"4280\" data-end=\"4336\">Le dichromate de potassium est fourni exclusivement en :<\/p>\n<ul data-start=\"4338\" data-end=\"4383\">\n<li data-section-id=\"1dpbdnk\" data-start=\"4338\" data-end=\"4357\"><strong data-start=\"4340\" data-end=\"4357\">Sacs de 25 kg<\/strong><\/li>\n<li data-section-id=\"a5atyi\" data-start=\"4358\" data-end=\"4383\"><strong data-start=\"4360\" data-end=\"4383\">Palettes de 1000 kg<\/strong><\/li>\n<\/ul>\n<p data-start=\"4385\" data-end=\"4416\">Quantit\u00e9 minimale de commande :<\/p>\n<ul data-start=\"4418\" data-end=\"4457\">\n<li data-section-id=\"t0yaqm\" data-start=\"4418\" data-end=\"4457\"><strong data-start=\"4420\" data-end=\"4457\">1000 kg par commande \/ exp\u00e9dition<\/strong><\/li>\n<\/ul>\n<p data-start=\"4459\" data-end=\"4708\">Le produit est emball\u00e9 dans des emballages homologu\u00e9s pour marchandises dangereuses destin\u00e9s au transport international et aux applications d\u2019exportation, sous r\u00e9serve des restrictions l\u00e9gales applicables et des obligations r\u00e9glementaires du client.<\/p>\n<p data-start=\"4710\" data-end=\"4848\">Les possibilit\u00e9s de fourniture sont \u00e9valu\u00e9es au cas par cas selon le pays de destination, le statut r\u00e9glementaire et l\u2019application pr\u00e9vue.<\/p>\n<h2 data-section-id=\"h1ttdv\" data-start=\"4850\" data-end=\"4891\">Fourniture Internationale &amp; Conformit\u00e9<\/h2>\n<p data-start=\"4893\" data-end=\"4949\">Gentrochema accompagne ses clients internationaux avec :<\/p>\n<ul data-start=\"4951\" data-end=\"5115\">\n<li data-section-id=\"1uwtdhq\" data-start=\"4951\" data-end=\"4970\">Logistique export<\/li>\n<li data-section-id=\"1jhzh9n\" data-start=\"4971\" data-end=\"4997\">Proc\u00e9dures douani\u00e8res T1<\/li>\n<li data-section-id=\"kmf5by\" data-start=\"4998\" data-end=\"5043\">Documentation pour marchandises dangereuses<\/li>\n<li data-section-id=\"1hjjy1b\" data-start=\"5044\" data-end=\"5085\">Coordination du transport international<\/li>\n<li data-section-id=\"cz49hs\" data-start=\"5086\" data-end=\"5115\">Communication r\u00e9glementaire<\/li>\n<\/ul>\n<p data-start=\"5117\" data-end=\"5344\">Les clients sont seuls responsables du respect de toutes les r\u00e9glementations locales, nationales et internationales applicables concernant l\u2019importation, l\u2019utilisation, le stockage et la manipulation du dichromate de potassium.<\/p>\n<h2 data-section-id=\"1nqcacl\" data-start=\"5346\" data-end=\"5371\">Demande d\u2019Informations<\/h2>\n<p data-start=\"5373\" data-end=\"5582\">Pour toute question r\u00e9glementaire, possibilit\u00e9 d\u2019exportation, sp\u00e9cification technique ou demande de fourniture internationale concernant le dichromate de potassium, veuillez contacter directement notre \u00e9quipe.<\/p>\n<p data-start=\"5584\" data-end=\"5630\" data-is-last-node=\"\" data-is-only-node=\"\">&#x1f449; <a class=\"decorated-link cursor-pointer\" rel=\"noopener\" data-start=\"5587\" data-end=\"5606\">info@gentrochema.nl<\/a><br data-start=\"5606\" data-end=\"5609\" \/>&#x1f449; <a class=\"decorated-link\" href=\"http:\/\/www.gentrochema.nl\/\" target=\"_new\" rel=\"noopener\" data-start=\"5612\" data-end=\"5630\" data-is-last-node=\"\">www.gentrochema.nl<\/a><\/p>\n<div class=\"alert-yellow\" >\n<a href=\"https:\/\/www.gentrochema.nl\/fr\/general-conditions-of-sale\/\" rel=\"noopener noreferrer\">Nos conditions g\u00e9n\u00e9rales de vente<\/a><\/div>\n<div class=\"clearall\" ><\/div>\n<\/p>","protected":false},"excerpt":{"rendered":"<p>Dichromate de Potassium (K\u2082Cr\u2082O\u2087) Fournisseur pour les March\u00e9s Hors UE &amp; Utilisateurs Autoris\u00e9s Nom chimique Dichromate&#8230;<\/p>\n","protected":false},"author":8,"featured_media":0,"parent":0,"menu_order":0,"comment_status":"open","ping_status":"open","template":"","meta":{"footnotes":""},"categories":[4],"tags":[1079,1080,1007,140],"yst_prominent_words":[1289,1331],"class_list":["post-670","page","type-page","status-publish","hentry","category-products","tag-bichromate-of-potash","tag-buy-potassium-dichromate","tag-e-sds-potassium-dichromate","tag-material-safety-datasheet-potassium-dichromate"],"_links":{"self":[{"href":"https:\/\/www.gentrochema.nl\/fr\/wp-json\/wp\/v2\/pages\/670","targetHints":{"allow":["GET"]}}],"collection":[{"href":"https:\/\/www.gentrochema.nl\/fr\/wp-json\/wp\/v2\/pages"}],"about":[{"href":"https:\/\/www.gentrochema.nl\/fr\/wp-json\/wp\/v2\/types\/page"}],"author":[{"embeddable":true,"href":"https:\/\/www.gentrochema.nl\/fr\/wp-json\/wp\/v2\/users\/8"}],"replies":[{"embeddable":true,"href":"https:\/\/www.gentrochema.nl\/fr\/wp-json\/wp\/v2\/comments?post=670"}],"version-history":[{"count":10,"href":"https:\/\/www.gentrochema.nl\/fr\/wp-json\/wp\/v2\/pages\/670\/revisions"}],"predecessor-version":[{"id":7162,"href":"https:\/\/www.gentrochema.nl\/fr\/wp-json\/wp\/v2\/pages\/670\/revisions\/7162"}],"wp:attachment":[{"href":"https:\/\/www.gentrochema.nl\/fr\/wp-json\/wp\/v2\/media?parent=670"}],"wp:term":[{"taxonomy":"category","embeddable":true,"href":"https:\/\/www.gentrochema.nl\/fr\/wp-json\/wp\/v2\/categories?post=670"},{"taxonomy":"post_tag","embeddable":true,"href":"https:\/\/www.gentrochema.nl\/fr\/wp-json\/wp\/v2\/tags?post=670"},{"taxonomy":"yst_prominent_words","embeddable":true,"href":"https:\/\/www.gentrochema.nl\/fr\/wp-json\/wp\/v2\/yst_prominent_words?post=670"}],"curies":[{"name":"wp","href":"https:\/\/api.w.org\/{rel}","templated":true}]}}