{"id":67,"date":"2012-02-16T09:20:41","date_gmt":"2012-02-16T09:20:41","guid":{"rendered":"https:\/\/www.gentrochema.nl\/?p=67"},"modified":"2026-05-13T14:06:27","modified_gmt":"2026-05-13T13:06:27","slug":"links","status":"publish","type":"page","link":"https:\/\/www.gentrochema.nl\/fr\/links\/","title":{"rendered":"Ressources de l\u2019Industrie Chimique &amp; Informations R\u00e9glementaires"},"content":{"rendered":"<p><\/p>\n<h1 data-section-id=\"qpd4yq\" data-start=\"0\" data-end=\"70\"><span role=\"text\"><strong data-start=\"2\" data-end=\"70\">Ressources de l\u2019Industrie Chimique &amp; Informations R\u00e9glementaires<\/strong><\/span><\/h1>\n<p data-start=\"72\" data-end=\"484\">Gentrochema fournit des produits chimiques conform\u00e9ment aux r\u00e9glementations europ\u00e9ennes et internationales applicables. Vous trouverez ci-dessous une s\u00e9lection de ressources utiles concernant la r\u00e9glementation, la s\u00e9curit\u00e9, le transport et les applications industrielles dans le secteur chimique, la conformit\u00e9 REACH, le transport de marchandises dangereuses, les additifs alimentaires et la chimie industrielle.<\/p>\n<h2 data-section-id=\"12zsctc\" data-start=\"486\" data-end=\"536\">Agence Europ\u00e9enne des Produits Chimiques (ECHA)<\/h2>\n<p data-start=\"538\" data-end=\"918\">L\u2019Agence europ\u00e9enne des produits chimiques (ECHA) est responsable de la mise en \u0153uvre de la l\u00e9gislation chimique de l\u2019Union europ\u00e9enne, notamment REACH, CLP et le r\u00e8glement sur les produits biocides (BPR). L\u2019ECHA fournit des informations officielles concernant l\u2019enregistrement des substances, les donn\u00e9es de s\u00e9curit\u00e9, les classifications de danger et la conformit\u00e9 r\u00e9glementaire.<\/p>\n<p data-start=\"920\" data-end=\"946\">&#x1f449; <a class=\"decorated-link\" href=\"https:\/\/echa.europa.eu\/\" target=\"_new\" rel=\"noopener\" data-start=\"923\" data-end=\"946\">https:\/\/echa.europa.eu\/<\/a><\/p>\n<hr data-start=\"948\" data-end=\"951\" \/>\n<h2 data-section-id=\"tra02l\" data-start=\"953\" data-end=\"986\">R\u00e8glement REACH (CE 1907\/2006)<\/h2>\n<p data-start=\"988\" data-end=\"1264\">R\u00e9glementation europ\u00e9enne officielle concernant l\u2019Enregistrement, l\u2019\u00c9valuation, l\u2019Autorisation et la Restriction des substances chimiques (REACH). Ce r\u00e8glement encadre la fabrication, l\u2019importation et l\u2019utilisation s\u00fbres des substances chimiques au sein de l\u2019Union europ\u00e9enne.<\/p>\n<p data-start=\"1266\" data-end=\"1295\">&#x1f449; <a class=\"decorated-link\" href=\"https:\/\/eur-lex.europa.eu\/\" target=\"_new\" rel=\"noopener\" data-start=\"1269\" data-end=\"1295\">https:\/\/eur-lex.europa.eu\/<\/a><\/p>\n<hr data-start=\"1297\" data-end=\"1300\" \/>\n<h2 data-section-id=\"1f8dmrc\" data-start=\"1302\" data-end=\"1333\">R\u00e8glement CLP (CE 1272\/2008)<\/h2>\n<p data-start=\"1335\" data-end=\"1564\">Le r\u00e8glement CLP couvre la classification, l\u2019\u00e9tiquetage et l\u2019emballage des substances et m\u00e9langes au sein de l\u2019Union europ\u00e9enne et harmonise la l\u00e9gislation europ\u00e9enne avec le Syst\u00e8me G\u00e9n\u00e9ral Harmonis\u00e9 (SGH\/GHS) des Nations Unies.<\/p>\n<p data-start=\"1566\" data-end=\"1625\">&#x1f449; <a class=\"decorated-link\" href=\"https:\/\/echa.europa.eu\/regulations\/clp\/understanding-clp\" target=\"_new\" rel=\"noopener\" data-start=\"1569\" data-end=\"1625\">https:\/\/echa.europa.eu\/regulations\/clp\/understanding-clp<\/a><\/p>\n<hr data-start=\"1627\" data-end=\"1630\" \/>\n<h2 data-section-id=\"v6mva7\" data-start=\"1632\" data-end=\"1678\">ADR \u2013 Transport de marchandises dangereuses<\/h2>\n<p data-start=\"1680\" data-end=\"1819\">Informations officielles concernant le transport international de marchandises dangereuses par route en Europe selon la r\u00e9glementation ADR.<\/p>\n<p data-start=\"1821\" data-end=\"1867\">&#x1f449; <a class=\"decorated-link\" href=\"https:\/\/unece.org\/transport\/dangerous-goods\" target=\"_new\" rel=\"noopener\" data-start=\"1824\" data-end=\"1867\">https:\/\/unece.org\/transport\/dangerous-goods<\/a><\/p>\n<hr data-start=\"1869\" data-end=\"1872\" \/>\n<h2 data-section-id=\"51jtev\" data-start=\"1874\" data-end=\"1908\">Syst\u00e8me G\u00e9n\u00e9ral Harmonis\u00e9 (GHS)<\/h2>\n<p data-start=\"1910\" data-end=\"2061\">Le syst\u00e8me GHS des Nations Unies fournit des crit\u00e8res harmonis\u00e9s au niveau international pour la classification et l\u2019\u00e9tiquetage des produits chimiques.<\/p>\n<p data-start=\"2063\" data-end=\"2098\">&#x1f449; <a class=\"decorated-link cursor-pointer\" target=\"_new\" rel=\"noopener\" data-start=\"2066\" data-end=\"2098\">https:\/\/unece.org\/ghs-rev10-2023<\/a><\/p>\n<hr data-start=\"2100\" data-end=\"2103\" \/>\n<h2 data-section-id=\"1wwngwk\" data-start=\"2105\" data-end=\"2159\">Autorit\u00e9 Europ\u00e9enne de S\u00e9curit\u00e9 des Aliments (EFSA)<\/h2>\n<p data-start=\"2161\" data-end=\"2433\">L\u2019Autorit\u00e9 europ\u00e9enne de s\u00e9curit\u00e9 des aliments (EFSA) fournit des avis scientifiques et des \u00e9valuations des risques concernant la s\u00e9curit\u00e9 alimentaire, les additifs alimentaires, les contaminants et les mat\u00e9riaux en contact avec les aliments au sein de l\u2019Union europ\u00e9enne.<\/p>\n<p data-start=\"2435\" data-end=\"2465\">&#x1f449; <a class=\"decorated-link\" href=\"https:\/\/www.efsa.europa.eu\/\" target=\"_new\" rel=\"noopener\" data-start=\"2438\" data-end=\"2465\">https:\/\/www.efsa.europa.eu\/<\/a><\/p>\n<hr data-start=\"2467\" data-end=\"2470\" \/>\n<h2 data-section-id=\"kt0k6v\" data-start=\"2472\" data-end=\"2529\">R\u00e8glement sur les Additifs Alimentaires (CE 1333\/2008)<\/h2>\n<p data-start=\"2531\" data-end=\"2708\">R\u00e9glementation europ\u00e9enne concernant l\u2019utilisation des additifs alimentaires dans l\u2019Union europ\u00e9enne, y compris les classifications des num\u00e9ros E et les applications autoris\u00e9es.<\/p>\n<p data-start=\"2710\" data-end=\"2739\">&#x1f449; <a class=\"decorated-link\" href=\"https:\/\/eur-lex.europa.eu\/\" target=\"_new\" rel=\"noopener\" data-start=\"2713\" data-end=\"2739\">https:\/\/eur-lex.europa.eu\/<\/a><\/p>\n<hr data-start=\"2741\" data-end=\"2744\" \/>\n<h2 data-section-id=\"11cz3go\" data-start=\"2746\" data-end=\"2821\">R\u00e8glement sur les Sp\u00e9cifications des Additifs Alimentaires (UE 231\/2012)<\/h2>\n<p data-start=\"2823\" data-end=\"2971\">Ce r\u00e8glement d\u00e9finit les crit\u00e8res de puret\u00e9 et les sp\u00e9cifications techniques applicables aux additifs alimentaires utilis\u00e9s dans l\u2019Union europ\u00e9enne.<\/p>\n<p data-start=\"2973\" data-end=\"3002\">&#x1f449; <a class=\"decorated-link\" href=\"https:\/\/eur-lex.europa.eu\/\" target=\"_new\" rel=\"noopener\" data-start=\"2976\" data-end=\"3002\">https:\/\/eur-lex.europa.eu\/<\/a><\/p>\n<hr data-start=\"3004\" data-end=\"3007\" \/>\n<h2 data-section-id=\"199vu3t\" data-start=\"3009\" data-end=\"3054\">Commission Europ\u00e9enne \u2013 Produits Chimiques<\/h2>\n<p data-start=\"3056\" data-end=\"3240\">Informations officielles de la Commission europ\u00e9enne concernant la s\u00e9curit\u00e9 chimique, la durabilit\u00e9, la politique industrielle et la l\u00e9gislation chimique au sein de l\u2019Union europ\u00e9enne.<\/p>\n<p data-start=\"3242\" data-end=\"3297\">&#x1f449; <a class=\"decorated-link\" href=\"https:\/\/environment.ec.europa.eu\/topics\/chemicals_en\" target=\"_new\" rel=\"noopener\" data-start=\"3245\" data-end=\"3297\">https:\/\/environment.ec.europa.eu\/topics\/chemicals_en<\/a><\/p>\n<hr data-start=\"3299\" data-end=\"3302\" \/>\n<h2 data-section-id=\"1cpj04m\" data-start=\"3304\" data-end=\"3345\">Programme Produits Chimiques de l\u2019OCDE<\/h2>\n<p data-start=\"3347\" data-end=\"3538\">L\u2019OCDE d\u00e9veloppe des normes internationales et des lignes directrices relatives \u00e0 la s\u00e9curit\u00e9 chimique, aux m\u00e9thodes d\u2019essai, \u00e0 l\u2019\u00e9valuation des risques et \u00e0 la protection de l\u2019environnement.<\/p>\n<p data-start=\"3540\" data-end=\"3579\">&#x1f449; <a class=\"decorated-link\" href=\"https:\/\/www.oecd.org\/chemicalsafety\/\" target=\"_new\" rel=\"noopener\" data-start=\"3543\" data-end=\"3579\">https:\/\/www.oecd.org\/chemicalsafety\/<\/a><\/p>\n<hr data-start=\"3581\" data-end=\"3584\" \/>\n<h2 data-section-id=\"1p4logj\" data-start=\"3586\" data-end=\"3648\">Code IMDG \u2013 Transport Maritime des Marchandises Dangereuses<\/h2>\n<p data-start=\"3650\" data-end=\"3740\">R\u00e9glementation internationale relative au transport maritime des marchandises dangereuses.<\/p>\n<p data-start=\"3742\" data-end=\"3765\">&#x1f449; <a class=\"decorated-link\" href=\"https:\/\/www.imo.org\/\" target=\"_new\" rel=\"noopener\" data-start=\"3745\" data-end=\"3765\">https:\/\/www.imo.org\/<\/a><\/p>\n<hr data-start=\"3767\" data-end=\"3770\" \/>\n<h2 data-section-id=\"1mzzcol\" data-start=\"3772\" data-end=\"3828\">Association Internationale du Transport A\u00e9rien (IATA)<\/h2>\n<p data-start=\"3830\" data-end=\"3951\">Informations relatives \u00e0 la r\u00e9glementation internationale du transport a\u00e9rien des substances et marchandises dangereuses.<\/p>\n<p data-start=\"3953\" data-end=\"3977\">&#x1f449; <a class=\"decorated-link\" href=\"https:\/\/www.iata.org\/\" target=\"_new\" rel=\"noopener\" data-start=\"3956\" data-end=\"3977\">https:\/\/www.iata.org\/<\/a><\/p>\n<hr data-start=\"3979\" data-end=\"3982\" \/>\n<h2 data-section-id=\"gimaq6\" data-start=\"3984\" data-end=\"4039\">Occupational Safety and Health Administration (OSHA)<\/h2>\n<p data-start=\"4041\" data-end=\"4206\">L\u2019OSHA fournit des informations relatives \u00e0 la s\u00e9curit\u00e9 au travail, \u00e0 l\u2019exposition professionnelle et \u00e0 la s\u00e9curit\u00e9 industrielle concernant les substances chimiques.<\/p>\n<p data-start=\"4208\" data-end=\"4232\">&#x1f449; <a class=\"decorated-link\" href=\"https:\/\/www.osha.gov\/\" target=\"_new\" rel=\"noopener\" data-start=\"4211\" data-end=\"4232\">https:\/\/www.osha.gov\/<\/a><\/p>\n<hr data-start=\"4234\" data-end=\"4237\" \/>\n<h2 data-section-id=\"1t7ky3e\" data-start=\"4239\" data-end=\"4303\">National Institute for Occupational Safety and Health (NIOSH)<\/h2>\n<p data-start=\"4305\" data-end=\"4444\">Le NIOSH m\u00e8ne des recherches et publie des recommandations concernant l\u2019exposition professionnelle, la toxicologie et la s\u00e9curit\u00e9 chimique.<\/p>\n<p data-start=\"4446\" data-end=\"4475\">&#x1f449; <a class=\"decorated-link\" href=\"https:\/\/www.cdc.gov\/niosh\/\" target=\"_new\" rel=\"noopener\" data-start=\"4449\" data-end=\"4475\">https:\/\/www.cdc.gov\/niosh\/<\/a><\/p>\n<hr data-start=\"4477\" data-end=\"4480\" \/>\n<h2 data-section-id=\"134agva\" data-start=\"4482\" data-end=\"4517\">Base de Donn\u00e9es Chimique PubChem<\/h2>\n<p data-start=\"4519\" data-end=\"4695\">PubChem est une base de donn\u00e9es chimique publique fournissant des informations sur les substances chimiques, les structures, la toxicologie et les propri\u00e9t\u00e9s physico-chimiques.<\/p>\n<p data-start=\"4697\" data-end=\"4733\">&#x1f449; <a class=\"decorated-link\" href=\"https:\/\/pubchem.ncbi.nlm.nih.gov\/\" target=\"_new\" rel=\"noopener\" data-start=\"4700\" data-end=\"4733\">https:\/\/pubchem.ncbi.nlm.nih.gov\/<\/a><\/p>\n<hr data-start=\"4735\" data-end=\"4738\" \/>\n<h2 data-section-id=\"qxvwlz\" data-start=\"4740\" data-end=\"4756\">ChemSafetyPro<\/h2>\n<p data-start=\"4758\" data-end=\"4943\">ChemSafetyPro fournit des informations pratiques concernant le GHS, la r\u00e9daction de FDS (SDS), le transport de marchandises dangereuses et les r\u00e9glementations chimiques internationales.<\/p>\n<p data-start=\"4945\" data-end=\"4978\">&#x1f449; <a class=\"decorated-link\" href=\"https:\/\/www.chemsafetypro.com\/\" target=\"_new\" rel=\"noopener\" data-start=\"4948\" data-end=\"4978\">https:\/\/www.chemsafetypro.com\/<\/a><\/p>\n<hr data-start=\"4980\" data-end=\"4983\" \/>\n<h2 data-section-id=\"gr0nmm\" data-start=\"4985\" data-end=\"5043\">Stockage d\u2019\u00c9nergie par Batteries &amp; Batteries Redox-Flow<\/h2>\n<p data-start=\"5045\" data-end=\"5232\">Informations concernant les technologies \u00e9mergentes de stockage d\u2019\u00e9nergie, notamment les syst\u00e8mes de batteries iron-flow et redox-flow li\u00e9s \u00e0 la chimie des ferrocyanures et ferricyanures.<\/p>\n<p data-start=\"5234\" data-end=\"5269\" data-is-last-node=\"\" data-is-only-node=\"\">&#x1f449; <a class=\"decorated-link\" href=\"https:\/\/www.energy-storage.news\/\" target=\"_new\" rel=\"noopener\" data-start=\"5237\" data-end=\"5269\" data-is-last-node=\"\">https:\/\/www.energy-storage.news\/<\/a><\/p>\n<p><\/p>","protected":false},"excerpt":{"rendered":"<p>Ressources de l\u2019Industrie Chimique &amp; Informations R\u00e9glementaires Gentrochema fournit des produits chimiques conform\u00e9ment aux r\u00e9glementations europ\u00e9ennes&#8230;<\/p>\n","protected":false},"author":8,"featured_media":0,"parent":0,"menu_order":0,"comment_status":"open","ping_status":"open","template":"","meta":{"footnotes":""},"categories":[1185],"tags":[],"yst_prominent_words":[804],"class_list":["post-67","page","type-page","status-publish","hentry","category-algemeen"],"_links":{"self":[{"href":"https:\/\/www.gentrochema.nl\/fr\/wp-json\/wp\/v2\/pages\/67","targetHints":{"allow":["GET"]}}],"collection":[{"href":"https:\/\/www.gentrochema.nl\/fr\/wp-json\/wp\/v2\/pages"}],"about":[{"href":"https:\/\/www.gentrochema.nl\/fr\/wp-json\/wp\/v2\/types\/page"}],"author":[{"embeddable":true,"href":"https:\/\/www.gentrochema.nl\/fr\/wp-json\/wp\/v2\/users\/8"}],"replies":[{"embeddable":true,"href":"https:\/\/www.gentrochema.nl\/fr\/wp-json\/wp\/v2\/comments?post=67"}],"version-history":[{"count":10,"href":"https:\/\/www.gentrochema.nl\/fr\/wp-json\/wp\/v2\/pages\/67\/revisions"}],"predecessor-version":[{"id":7119,"href":"https:\/\/www.gentrochema.nl\/fr\/wp-json\/wp\/v2\/pages\/67\/revisions\/7119"}],"wp:attachment":[{"href":"https:\/\/www.gentrochema.nl\/fr\/wp-json\/wp\/v2\/media?parent=67"}],"wp:term":[{"taxonomy":"category","embeddable":true,"href":"https:\/\/www.gentrochema.nl\/fr\/wp-json\/wp\/v2\/categories?post=67"},{"taxonomy":"post_tag","embeddable":true,"href":"https:\/\/www.gentrochema.nl\/fr\/wp-json\/wp\/v2\/tags?post=67"},{"taxonomy":"yst_prominent_words","embeddable":true,"href":"https:\/\/www.gentrochema.nl\/fr\/wp-json\/wp\/v2\/yst_prominent_words?post=67"}],"curies":[{"name":"wp","href":"https:\/\/api.w.org\/{rel}","templated":true}]}}