{"id":657,"date":"2012-04-03T13:57:03","date_gmt":"2012-04-03T12:57:03","guid":{"rendered":"https:\/\/www.gentrochema.nl\/?p=657"},"modified":"2026-04-01T17:22:34","modified_gmt":"2026-04-01T16:22:34","slug":"manganese-carbonate","status":"publish","type":"page","link":"https:\/\/www.gentrochema.nl\/fr\/manganese-carbonate\/","title":{"rendered":"Carbonate de Mangan\u00e8se"},"content":{"rendered":"<p>Carbonate de Mangan\u00e8se est disponible dans notre entrep\u00f4t \u00e0 Breda aux Pays bas. Nous exportons avec succ\u00e8s notre carbonate de mangan\u00e8se \u00e0 de nombreux clients dans le monde entier<\/p>\n<p><a href=\"https:\/\/www.gentrochema.nl\/fr\/general-information\/\" rel=\"noopener noreferrer\">cliquer ici, pour envoyer votre demande<\/a><\/p>\n<h2>Description du produit Carbonate de Mangan\u00e8se<\/h2>\n<p>Carbonate de mangan\u00e8se (II) ou le minerai \u00ab\u00a0Rhodocrosite\u00a0\u00bb a la formule MnCO<sub>3<\/sub><\/p>\n<h3><\/h3>\n<h3>Informations sur le produit<\/h3>\n<p>Carbonate de Mangan\u00e8se est une poudre brune clair et est utilis\u00e9 en c\u00e9ramique comme colorant gla\u00e7ure et le flux, et dans le b\u00e9ton. En outre il est utilis\u00e9 en engrais chimiques<\/p>\n<h3>D\u00e9tails\u00a0du produit<\/h3>\n<p>| Manganese (II) Carbonate | no.CAS : 598-62-9 | no. EC: 209-942-9 |<\/p>\n<h2>S\u00e9curit\u00e9<\/h2>\n<p>Nous vous conseillons de ne pas le manipuler avant d\u2019avoir lu et compris toutes les pr\u00e9cautions de s\u00e9curit\u00e9 ce que vous trouverez dans la Fiche de Donn\u00e9es de S\u00e9curit\u00e9.<\/p>\n<h3>Bref\u00a0r\u00e9sum\u00e9\u00a0de la FDS<\/h3>\n<table style=\"width: 775px;height: 146px\">\n<tbody>\n<tr>\n<td><strong>Mention d&rsquo;avertissement<\/strong><\/td>\n<td>non<\/td>\n<\/tr>\n<tr>\n<td><strong>Mentions de danger<\/strong><\/td>\n<td>non applicable<\/td>\n<\/tr>\n<tr>\n<td><strong>Conseils de prudence<\/strong><\/td>\n<td>non applicable<\/td>\n<\/tr>\n<tr>\n<td><strong>ADR \/ IMO \/ IATA<\/strong><\/td>\n<td>non applicable<\/td>\n<\/tr>\n<\/tbody>\n<\/table>\n<div class=\"alert-yellow\" >\n<a href=\"https:\/\/www.gentrochema.nl\/fr\/msds-manganese-carbonate\/\" rel=\"noopener noreferrer\">Voir la Fiche de Donn\u00e9es de S\u00e9curit\u00e9 de ce produit<\/a><\/div>\n<div class=\"clearall\" ><\/div>\n\n<h2>Qualit\u00e9<\/h2>\n<p>Carbonate de Mangan\u00e8se de Gentrochema BV \u00a0a un minimum de 44% Mn\u00a0avec un tr\u00e8s faible pourcentage de m\u00e9taux lourds. \u00a0La granulom\u00e9trie est de min. 90 % &lt; 300 mesh<\/p>\n<h3>REACH directive CE 1907\/2006<\/h3>\n<p>Gentrochema BV a une registration compl\u00e8te pour toutes les applications connues<\/p>\n<div class=\"alert-yellow\" >\n<a href=\"https:\/\/www.gentrochema.nl\/fr\/general-information\/\" rel=\"noopener noreferrer\">Cliquer ici, pour envoyer votre demande<\/a><\/div>\n<div class=\"clearall\" ><\/div>\n\n<h2>Emballage et livraison<\/h2>\n<p>Notre Carbonate de Mangan\u00e8se est disponible en sac de 25 kg . \u00a0Les commandes minimums sont de 25 kg. D\u2019 autres emballages sont disponibles sur demande. G\u00e9n\u00e9ralement, les d\u00e9lais de\u00a0livraison, en Europe, sont dans 2 &#8211; 3 jours ouvrables et nous pouvons livrer \u00e9galement\u00a0dans le monde entier.<\/p>\n<h3><\/h3>\n<h3>Acheter des produits chimiques\u00a0aupr\u00e8s\u00a0de la soci\u00e9t\u00e9 Gentrochema BV<\/h3>\n<p>Pour une\u00a0meilleure qualit\u00e9 et service, achetez le Carbonate de Mangan\u00e8se aupr\u00e8s de commerce de gros de produits chimiques chez Gentrochema BV. Nous sommes sp\u00e9cialis\u00e9s dans le commerce des produits chimiques rares dans le monde entier. Veuillez noter que ce produit est vendu uniquement aux Soci\u00e9t\u00e9s d\u00fbment enregistr\u00e9es, nous ne vendons pas aux particuliers.<\/p>\n<div class=\"alert-yellow\" >\n<a href=\"https:\/\/www.gentrochema.nl\/fr\/general-conditions-of-sale\/\" rel=\"noopener noreferrer\">Nos conditions g\u00e9n\u00e9rales de vente<\/a><\/div>\n<div class=\"clearall\" ><\/div>\n\n<p>&nbsp;<\/p>","protected":false},"excerpt":{"rendered":"<p>Carbonate de Mangan\u00e8se est disponible dans notre entrep\u00f4t \u00e0 Breda aux Pays bas. Nous exportons avec&#8230;<\/p>\n","protected":false},"author":8,"featured_media":0,"parent":0,"menu_order":0,"comment_status":"open","ping_status":"open","template":"","meta":{"footnotes":""},"categories":[4],"tags":[],"yst_prominent_words":[735,744,924,944],"class_list":["post-657","page","type-page","status-publish","hentry","category-products"],"_links":{"self":[{"href":"https:\/\/www.gentrochema.nl\/fr\/wp-json\/wp\/v2\/pages\/657","targetHints":{"allow":["GET"]}}],"collection":[{"href":"https:\/\/www.gentrochema.nl\/fr\/wp-json\/wp\/v2\/pages"}],"about":[{"href":"https:\/\/www.gentrochema.nl\/fr\/wp-json\/wp\/v2\/types\/page"}],"author":[{"embeddable":true,"href":"https:\/\/www.gentrochema.nl\/fr\/wp-json\/wp\/v2\/users\/8"}],"replies":[{"embeddable":true,"href":"https:\/\/www.gentrochema.nl\/fr\/wp-json\/wp\/v2\/comments?post=657"}],"version-history":[{"count":6,"href":"https:\/\/www.gentrochema.nl\/fr\/wp-json\/wp\/v2\/pages\/657\/revisions"}],"predecessor-version":[{"id":7081,"href":"https:\/\/www.gentrochema.nl\/fr\/wp-json\/wp\/v2\/pages\/657\/revisions\/7081"}],"wp:attachment":[{"href":"https:\/\/www.gentrochema.nl\/fr\/wp-json\/wp\/v2\/media?parent=657"}],"wp:term":[{"taxonomy":"category","embeddable":true,"href":"https:\/\/www.gentrochema.nl\/fr\/wp-json\/wp\/v2\/categories?post=657"},{"taxonomy":"post_tag","embeddable":true,"href":"https:\/\/www.gentrochema.nl\/fr\/wp-json\/wp\/v2\/tags?post=657"},{"taxonomy":"yst_prominent_words","embeddable":true,"href":"https:\/\/www.gentrochema.nl\/fr\/wp-json\/wp\/v2\/yst_prominent_words?post=657"}],"curies":[{"name":"wp","href":"https:\/\/api.w.org\/{rel}","templated":true}]}}