{"id":646,"date":"2012-04-03T13:38:47","date_gmt":"2012-04-03T12:38:47","guid":{"rendered":"https:\/\/www.gentrochema.nl\/?p=646"},"modified":"2019-08-21T15:48:16","modified_gmt":"2019-08-21T14:48:16","slug":"chromium-oxide-green","status":"publish","type":"page","link":"https:\/\/www.gentrochema.nl\/fr\/chromium-oxide-green\/","title":{"rendered":"Oxyde de chrome vert"},"content":{"rendered":"<p>Oxyde de Chrome vert ou Chromium oxide green est disponible dans notre entrep\u00f4t \u00e0 Breda aux Pays bas. Nous exportons avec succ\u00e8s notre oxyde de chrome vert de nombreux clients dans le monde entier<\/p>\n<p><a href=\"https:\/\/www.gentrochema.nl\/fr\/general-information\/\" rel=\"noopener noreferrer\">cliquer ici, pour envoyer votre demande<\/a><\/p>\n<h2>Description du produit Oxyde de Chrome vert<\/h2>\n<p>Oxyde de chrome vert est bien connu par Oxyde de chrome (III) et a la formule Cr<sub>2<\/sub>O<sub>3<\/sub><\/p>\n<h3>Informations sur le produit<\/h3>\n<p>Oxyde de chrome est une poudre fine verte. &nbsp;Il est l&rsquo;un des principaux oxydes de chrome et est utilis\u00e9 comme pigment (dans les peintures, les encres, c\u00e9ramiques et verres) et un \u00e9l\u00e9ment essentiel dans certaines applications r\u00e9fractaires.<\/p>\n<h3>D\u00e9tails&nbsp;du produit<\/h3>\n<p>| Chromium(III)oxyde | No. CAS :1308-38-9 | No. EC : 215-160-9 |<\/p>\n<h2>S\u00e9curit\u00e9<\/h2>\n<p>Nous vous conseillons de ne pas le manipuler avant d\u2019avoir lu et compris toutes les pr\u00e9cautions de s\u00e9curit\u00e9 ce que vous trouverez dans la Fiche de Donn\u00e9es de S\u00e9curit\u00e9.<\/p>\n<h3>Bref&nbsp;r\u00e9sum\u00e9&nbsp;de la FDS<\/h3>\n<table style=\"width: 775px; height: 146px;\">\n<tbody>\n<tr>\n<td><strong>Mention d&rsquo;avertissement<\/strong><\/td>\n<td>non<\/td>\n<\/tr>\n<tr>\n<td><strong>Mentions de danger<\/strong><\/td>\n<td>non applicable<\/td>\n<\/tr>\n<tr>\n<td><strong>Conseils de prudence<\/strong><\/td>\n<td>non applicable<\/td>\n<\/tr>\n<tr>\n<td><strong>ADR \/ IMO \/ IATA<\/strong><\/td>\n<td>non applicable<\/td>\n<\/tr>\n<\/tbody>\n<\/table>\n<div class=\"alert-yellow\" >\n<a href=\"https:\/\/www.gentrochema.nl\/fr\/msds-chrome-oxide-green\/\" rel=\"noopener noreferrer\">Voir la Fiche de Donn\u00e9es de S\u00e9curit\u00e9 de ce produit<\/a><\/div>\n<div class=\"clearall\" ><\/div>\n\n<h2>Qualit\u00e9<\/h2>\n<p>Oxyde de chrome vert de Gentrochema BV &nbsp;a un minimum de 99% Cr<sub>2<\/sub>O<sub>3<\/sub>avec un tr\u00e8s faible pourcentage de Cr<sup>6+<\/sup> (Chrome hexavalent &#8211; CrVI). La granulom\u00e9trie est de &nbsp;0 &#8211; 45 microns.<\/p>\n<h3>REACH directive CE 1907\/2006<\/h3>\n<p>Gentrochema BV a l&rsquo; intention de faire les d\u00e9marches n\u00e9cessaires pour \u00eatre en conformit\u00e9 avec REACH en 2018.<\/p>\n<div class=\"alert-yellow\" >\n<a href=\"https:\/\/www.gentrochema.nl\/fr\/general-information\/\" rel=\"noopener noreferrer\">Cliquer ici, pour envoyer votre demande<\/a><\/div>\n<div class=\"clearall\" ><\/div>\n\n<h2>Emballage et livraison<\/h2>\n<p>Notre oxyde de chrome vert est disponible en sac 25 kg. D\u2019 autres emballages sont disponibles sur demande. G\u00e9n\u00e9ralement, les d\u00e9lais de&nbsp;livraison, en Europe, sont dans 2 &#8211; 3 jours ouvrables et nous pouvons livrer \u00e9galement dans le monde entier.<\/p>\n<h3>Acheter des produits chimiques&nbsp;aupr\u00e8s&nbsp;de la soci\u00e9t\u00e9 Gentrochema BV<\/h3>\n<p>Pour une&nbsp;meilleure qualit\u00e9 et service, achetez l&rsquo; oxyde de chrome vert aupr\u00e8s de commerce de gros de produits chimiques chez Gentrochema BV. Nous sommes sp\u00e9cialis\u00e9s dans le commerce des produits chimiques rares dans le monde entier. Veuillez noter que ce produit est vendu uniquement aux Soci\u00e9t\u00e9s d\u00fbment enregistr\u00e9es, nous ne vendons pas aux particuliers.<\/p>\n<div class=\"alert-yellow\" >\n<a href=\"https:\/\/www.gentrochema.nl\/fr\/general-conditions-of-sale\/\" rel=\"noopener noreferrer\">Nos conditions g\u00e9n\u00e9rales de vente<\/a><\/div>\n<div class=\"clearall\" ><\/div>\n<\/p>","protected":false},"excerpt":{"rendered":"<p>Oxyde de Chrome vert ou Chromium oxide green est disponible dans notre entrep\u00f4t \u00e0 Breda aux&#8230;<\/p>\n","protected":false},"author":8,"featured_media":0,"parent":0,"menu_order":0,"comment_status":"open","ping_status":"open","template":"page_sidebar.php","meta":{"footnotes":""},"categories":[4],"tags":[231,236,232,230,226,228,227,233,235,234,229],"yst_prominent_words":[1232,1228,1224,1218,1281,1280,1229,1225,1219,1231,1227,1221,1211,1216,1222,1223,1217,1230,1226,1220],"class_list":["post-646","page","type-page","status-publish","hentry","category-products","tag-ceramics","tag-ceramique","tag-chrome-green","tag-chromium-sesquioxide","tag-chromiumiiioxide","tag-chroom-groen","tag-cr2o3","tag-dichromtrioxid","tag-keramik","tag-pigment","tag-vuurvaste-toepassingen"],"_links":{"self":[{"href":"https:\/\/www.gentrochema.nl\/fr\/wp-json\/wp\/v2\/pages\/646","targetHints":{"allow":["GET"]}}],"collection":[{"href":"https:\/\/www.gentrochema.nl\/fr\/wp-json\/wp\/v2\/pages"}],"about":[{"href":"https:\/\/www.gentrochema.nl\/fr\/wp-json\/wp\/v2\/types\/page"}],"author":[{"embeddable":true,"href":"https:\/\/www.gentrochema.nl\/fr\/wp-json\/wp\/v2\/users\/8"}],"replies":[{"embeddable":true,"href":"https:\/\/www.gentrochema.nl\/fr\/wp-json\/wp\/v2\/comments?post=646"}],"version-history":[{"count":0,"href":"https:\/\/www.gentrochema.nl\/fr\/wp-json\/wp\/v2\/pages\/646\/revisions"}],"wp:attachment":[{"href":"https:\/\/www.gentrochema.nl\/fr\/wp-json\/wp\/v2\/media?parent=646"}],"wp:term":[{"taxonomy":"category","embeddable":true,"href":"https:\/\/www.gentrochema.nl\/fr\/wp-json\/wp\/v2\/categories?post=646"},{"taxonomy":"post_tag","embeddable":true,"href":"https:\/\/www.gentrochema.nl\/fr\/wp-json\/wp\/v2\/tags?post=646"},{"taxonomy":"yst_prominent_words","embeddable":true,"href":"https:\/\/www.gentrochema.nl\/fr\/wp-json\/wp\/v2\/yst_prominent_words?post=646"}],"curies":[{"name":"wp","href":"https:\/\/api.w.org\/{rel}","templated":true}]}}