{"id":572,"date":"2012-04-03T11:35:49","date_gmt":"2012-04-03T10:35:49","guid":{"rendered":"https:\/\/www.gentrochema.nl\/?p=572"},"modified":"2019-07-15T13:04:58","modified_gmt":"2019-07-15T12:04:58","slug":"msds-sodium-ferrocyanide","status":"publish","type":"page","link":"https:\/\/www.gentrochema.nl\/fr\/msds-sodium-ferrocyanide\/","title":{"rendered":"FDS Ferrocyanure de Sodium"},"content":{"rendered":"<p>Veuillez cliquer\u00a0pour t\u00e9l\u00e9charger la fds dans la langue de votre choix sur le c\u00f4t\u00e9 droit.<\/p>\n<p>Est-ce que votre langue\u00a0 n&rsquo;est pas disponible?<\/p>\n<p><a title=\"Contact\" href=\"https:\/\/www.gentrochema.nl\/fr\/general-information\/\" rel=\"noopener noreferrer\">Communiquer<\/a> avec nous!<\/p>\n<div class=\"alert-yellow\" >\n<a title=\"1, 2, 3 Benzotriazole\" href=\"https:\/\/www.gentrochema.nl\/fr\/sodium-ferrocyanide\/\" rel=\"noopener noreferrer\">Plus d&rsquo;informations sur ce produit.<\/a><\/div>\n<div class=\"clearall\" ><\/div>\n\n<ul>\n<li><a href=\"https:\/\/www.gentrochema.nl\/wp-content\/uploads\/2012\/04\/nfc-nl.20130521.pdf\" rel=\"noopener noreferrer\">N\u00e9erlandais<\/a><\/li>\n<li><a href=\"https:\/\/www.gentrochema.nl\/wp-content\/uploads\/2012\/04\/NFC.en_.pdf\" rel=\"noopener noreferrer\">Anglais<\/a><\/li>\n<li><a href=\"https:\/\/www.gentrochema.nl\/wp-content\/uploads\/2012\/04\/NFC-du.20131112.pdf\" rel=\"noopener noreferrer\">Allemand<\/a><\/li>\n<li><a href=\"https:\/\/www.gentrochema.nl\/wp-content\/uploads\/2012\/04\/NFC-fr-20131114.pdf\" rel=\"noopener noreferrer\">Fran\u00e7ais<\/a><\/li>\n<li><a href=\"https:\/\/www.gentrochema.nl\/wp-content\/uploads\/2012\/04\/SFC-es-20150408.pdf\" rel=\"noopener noreferrer\">Espagnol<\/a><\/li>\n<li><a href=\"https:\/\/www.gentrochema.nl\/wp-content\/uploads\/2015\/10\/sfc-it-20151005.pdf\" rel=\"noopener noreferrer\">Italien<\/a><\/li>\n<\/ul>\n<p><\/p>","protected":false},"excerpt":{"rendered":"<p>Veuillez cliquer\u00a0pour t\u00e9l\u00e9charger la fds dans la langue de votre choix sur le c\u00f4t\u00e9 droit. Est-ce&#8230;<\/p>\n","protected":false},"author":8,"featured_media":0,"parent":0,"menu_order":0,"comment_status":"open","ping_status":"open","template":"","meta":{"footnotes":""},"categories":[8],"tags":[181,179,177,182,180,178],"yst_prominent_words":[],"class_list":["post-572","page","type-page","status-publish","hentry","category-msds","tag-fichas-de-seguridad-e-higiene-ferrocianuro-sodico","tag-fiche-de-donnees-de-securite-ferrocyanure-de-sodium","tag-material-safety-datasheet-sodium-ferrocyanide","tag-scheda-di-sicurezza-ferrocianuro-di-sodio","tag-sicherheitsdatenblatt-natriumferrocyanid","tag-veiligheidsinformatieblad-natrium-ferrocyanide"],"_links":{"self":[{"href":"https:\/\/www.gentrochema.nl\/fr\/wp-json\/wp\/v2\/pages\/572","targetHints":{"allow":["GET"]}}],"collection":[{"href":"https:\/\/www.gentrochema.nl\/fr\/wp-json\/wp\/v2\/pages"}],"about":[{"href":"https:\/\/www.gentrochema.nl\/fr\/wp-json\/wp\/v2\/types\/page"}],"author":[{"embeddable":true,"href":"https:\/\/www.gentrochema.nl\/fr\/wp-json\/wp\/v2\/users\/8"}],"replies":[{"embeddable":true,"href":"https:\/\/www.gentrochema.nl\/fr\/wp-json\/wp\/v2\/comments?post=572"}],"version-history":[{"count":0,"href":"https:\/\/www.gentrochema.nl\/fr\/wp-json\/wp\/v2\/pages\/572\/revisions"}],"wp:attachment":[{"href":"https:\/\/www.gentrochema.nl\/fr\/wp-json\/wp\/v2\/media?parent=572"}],"wp:term":[{"taxonomy":"category","embeddable":true,"href":"https:\/\/www.gentrochema.nl\/fr\/wp-json\/wp\/v2\/categories?post=572"},{"taxonomy":"post_tag","embeddable":true,"href":"https:\/\/www.gentrochema.nl\/fr\/wp-json\/wp\/v2\/tags?post=572"},{"taxonomy":"yst_prominent_words","embeddable":true,"href":"https:\/\/www.gentrochema.nl\/fr\/wp-json\/wp\/v2\/yst_prominent_words?post=572"}],"curies":[{"name":"wp","href":"https:\/\/api.w.org\/{rel}","templated":true}]}}