{"id":562,"date":"2012-04-03T11:30:14","date_gmt":"2012-04-03T10:30:14","guid":{"rendered":"https:\/\/www.gentrochema.nl\/?p=562"},"modified":"2019-07-15T13:05:25","modified_gmt":"2019-07-15T12:05:25","slug":"msds-potassium-nitrite","status":"publish","type":"page","link":"https:\/\/www.gentrochema.nl\/fr\/msds-potassium-nitrite\/","title":{"rendered":"FDS Nitrite de Potassium"},"content":{"rendered":"<p>&nbsp;<\/p>\n<p>Veuillez cliquer pour t\u00e9l\u00e9charger la fds dans la langue de votre choix sur le c\u00f4t\u00e9 droit.<\/p>\n<p>Est-ce que votre langue&nbsp;n&rsquo;est pas disponible?<\/p>\n<p><a title=\"Contact\" href=\"https:\/\/www.gentrochema.nl\/fr\/general-information\/\" rel=\"noopener noreferrer\">Communiquer<\/a> avec nous!<\/p>\n<div class=\"alert-yellow\" >\n<a title=\"1, 2, 3 Benzotriazole\" href=\"https:\/\/www.gentrochema.nl\/fr\/potassium-nitrite\/\" rel=\"noopener noreferrer\">Plus d&rsquo;informations sur ce produit.<\/a><\/div>\n<div class=\"clearall\" ><\/div>\n\n<ul>\n<li><a href=\"https:\/\/www.gentrochema.nl\/wp-content\/uploads\/2018\/02\/SDS-POTASSIUM-NITRITE-nl-20180228.pdf\" rel=\"noopener noreferrer\">N\u00e9erlandais<\/a><\/li>\n<li><a href=\"https:\/\/www.gentrochema.nl\/wp-content\/uploads\/2018\/02\/SDS-POTASSIUM-NITRITE-en-20180213.pdf\" rel=\"noopener noreferrer\">Anglais<\/a><\/li>\n<li><a href=\"https:\/\/www.gentrochema.nl\/wp-content\/uploads\/2018\/02\/SDS-POTASSIUM-NITRITE-fr-20180228.pdf\" rel=\"noopener noreferrer\">Fran\u00e7ais<\/a><\/li>\n<li><a href=\"https:\/\/www.gentrochema.nl\/wp-content\/uploads\/2018\/02\/SDS-POTASSIUM-NITRITE-du-20180228.pdf\" rel=\"noopener noreferrer\">Allemand<\/a><\/li>\n<li><a href=\"https:\/\/www.gentrochema.nl\/wp-content\/uploads\/2012\/04\/SDS-POTASSIUM-NITRITE-es-20180702.pdf\" rel=\"noopener noreferrer\">Espagnol<\/a><\/li>\n<\/ul>\n<p>&nbsp;<\/p>","protected":false},"excerpt":{"rendered":"<p>Veuillez cliquer pour t\u00e9l\u00e9charger la fds dans la langue de votre choix sur le c\u00f4t\u00e9&#8230;<\/p>\n","protected":false},"author":8,"featured_media":0,"parent":0,"menu_order":0,"comment_status":"open","ping_status":"open","template":"","meta":{"footnotes":""},"categories":[8],"tags":[164,162,163,165],"yst_prominent_words":[348,349],"class_list":["post-562","page","type-page","status-publish","hentry","category-msds","tag-fiche-de-donnees-de-securite-nitrite-de-potassium","tag-material-safety-datasheet-potassium-nitrite","tag-sicherheitsdatenblatt-kaliumnitrit","tag-veiligheidsinformatieblad-kaliumnitriet"],"_links":{"self":[{"href":"https:\/\/www.gentrochema.nl\/fr\/wp-json\/wp\/v2\/pages\/562","targetHints":{"allow":["GET"]}}],"collection":[{"href":"https:\/\/www.gentrochema.nl\/fr\/wp-json\/wp\/v2\/pages"}],"about":[{"href":"https:\/\/www.gentrochema.nl\/fr\/wp-json\/wp\/v2\/types\/page"}],"author":[{"embeddable":true,"href":"https:\/\/www.gentrochema.nl\/fr\/wp-json\/wp\/v2\/users\/8"}],"replies":[{"embeddable":true,"href":"https:\/\/www.gentrochema.nl\/fr\/wp-json\/wp\/v2\/comments?post=562"}],"version-history":[{"count":0,"href":"https:\/\/www.gentrochema.nl\/fr\/wp-json\/wp\/v2\/pages\/562\/revisions"}],"wp:attachment":[{"href":"https:\/\/www.gentrochema.nl\/fr\/wp-json\/wp\/v2\/media?parent=562"}],"wp:term":[{"taxonomy":"category","embeddable":true,"href":"https:\/\/www.gentrochema.nl\/fr\/wp-json\/wp\/v2\/categories?post=562"},{"taxonomy":"post_tag","embeddable":true,"href":"https:\/\/www.gentrochema.nl\/fr\/wp-json\/wp\/v2\/tags?post=562"},{"taxonomy":"yst_prominent_words","embeddable":true,"href":"https:\/\/www.gentrochema.nl\/fr\/wp-json\/wp\/v2\/yst_prominent_words?post=562"}],"curies":[{"name":"wp","href":"https:\/\/api.w.org\/{rel}","templated":true}]}}