{"id":551,"date":"2012-04-03T11:26:27","date_gmt":"2012-04-03T10:26:27","guid":{"rendered":"https:\/\/www.gentrochema.nl\/?p=551"},"modified":"2019-07-15T13:06:08","modified_gmt":"2019-07-15T12:06:08","slug":"msds-manganese-carbonate","status":"publish","type":"page","link":"https:\/\/www.gentrochema.nl\/fr\/msds-manganese-carbonate\/","title":{"rendered":"FDS Carbonate de Mangan\u00e8se"},"content":{"rendered":"<p>&nbsp;<\/p>\n<p>Veuillez cliquer pour t\u00e9l\u00e9charger la fds dans la langue de votre choix sur le c\u00f4t\u00e9 droit.<\/p>\n<p>La nouvelle version de la FDS n&rsquo;est que disponible en Anglais et Allemand<\/p>\n<p><a title=\"Contact\" href=\"https:\/\/www.gentrochema.nl\/fr\/general-information\/\" rel=\"noopener noreferrer\">Communiquer<\/a> avec nous!<\/p>\n<div class=\"alert-yellow\" >\n<a title=\"1, 2, 3 Benzotriazole\" href=\"https:\/\/www.gentrochema.nl\/fr\/manganese-carbonate\/\" rel=\"noopener noreferrer\">Plus d&rsquo;informations sur ce produit.<\/a><\/div>\n<div class=\"clearall\" ><\/div>\n\n<ul>\n<li><a href=\"https:\/\/www.gentrochema.nl\/wp-content\/uploads\/2012\/04\/MN-CARBONAAT-nl.20090204.pdf\" rel=\"noopener noreferrer\">N\u00e9erlandais (ANCIEN) <\/a><\/li>\n<li><a href=\"https:\/\/www.gentrochema.nl\/wp-content\/uploads\/2018\/06\/SDS-MANGANESE-CARBONATE-en-20180606.pdf\" rel=\"noopener noreferrer\">Anglais<\/a><\/li>\n<li><a href=\"https:\/\/www.gentrochema.nl\/wp-content\/uploads\/2012\/04\/SDS-MANGANESE-CARBONATE-du-20180719.pdf\" rel=\"noopener noreferrer\">Allemand<\/a><\/li>\n<li><a href=\"https:\/\/www.gentrochema.nl\/wp-content\/uploads\/2012\/04\/MN-CARBONAAT-fr-20140123.pdf\" rel=\"noopener noreferrer\">Fran\u00e7ais (ANCIEN<\/a><\/li>\n<\/ul>\n<p>&nbsp;<\/p>","protected":false},"excerpt":{"rendered":"<p>Veuillez cliquer pour t\u00e9l\u00e9charger la fds dans la langue de votre choix sur le c\u00f4t\u00e9&#8230;<\/p>\n","protected":false},"author":8,"featured_media":0,"parent":0,"menu_order":0,"comment_status":"open","ping_status":"open","template":"","meta":{"footnotes":""},"categories":[8],"tags":[217,215,216,218],"yst_prominent_words":[937,1067,347],"class_list":["post-551","page","type-page","status-publish","hentry","category-msds","tag-fiche-de-donnees-de-securite-carbonate-manganese","tag-material-safety-datasheet-manganese-carbonate","tag-sicherheitsdatenblatt-mangancarbonat","tag-veiligheidsinformatieblad-mangaancarbonaat"],"_links":{"self":[{"href":"https:\/\/www.gentrochema.nl\/fr\/wp-json\/wp\/v2\/pages\/551","targetHints":{"allow":["GET"]}}],"collection":[{"href":"https:\/\/www.gentrochema.nl\/fr\/wp-json\/wp\/v2\/pages"}],"about":[{"href":"https:\/\/www.gentrochema.nl\/fr\/wp-json\/wp\/v2\/types\/page"}],"author":[{"embeddable":true,"href":"https:\/\/www.gentrochema.nl\/fr\/wp-json\/wp\/v2\/users\/8"}],"replies":[{"embeddable":true,"href":"https:\/\/www.gentrochema.nl\/fr\/wp-json\/wp\/v2\/comments?post=551"}],"version-history":[{"count":0,"href":"https:\/\/www.gentrochema.nl\/fr\/wp-json\/wp\/v2\/pages\/551\/revisions"}],"wp:attachment":[{"href":"https:\/\/www.gentrochema.nl\/fr\/wp-json\/wp\/v2\/media?parent=551"}],"wp:term":[{"taxonomy":"category","embeddable":true,"href":"https:\/\/www.gentrochema.nl\/fr\/wp-json\/wp\/v2\/categories?post=551"},{"taxonomy":"post_tag","embeddable":true,"href":"https:\/\/www.gentrochema.nl\/fr\/wp-json\/wp\/v2\/tags?post=551"},{"taxonomy":"yst_prominent_words","embeddable":true,"href":"https:\/\/www.gentrochema.nl\/fr\/wp-json\/wp\/v2\/yst_prominent_words?post=551"}],"curies":[{"name":"wp","href":"https:\/\/api.w.org\/{rel}","templated":true}]}}