{"id":538,"date":"2012-04-03T11:12:51","date_gmt":"2012-04-03T10:12:51","guid":{"rendered":"https:\/\/www.gentrochema.nl\/?p=538"},"modified":"2019-07-15T13:06:21","modified_gmt":"2019-07-15T12:06:21","slug":"msds-chrome-oxide-green","status":"publish","type":"page","link":"https:\/\/www.gentrochema.nl\/fr\/msds-chrome-oxide-green\/","title":{"rendered":"FDS Oxyde de chrome vert"},"content":{"rendered":"<p>Veuillez cliquer pour t\u00e9l\u00e9charger la fds dans la langue de votre choix sur le c\u00f4t\u00e9 droit.<\/p>\n<p>Est-ce que\u00a0votre langue\u00a0n&rsquo;est pas disponible?<\/p>\n<p><a title=\"Contact\" href=\"https:\/\/www.gentrochema.nl\/fr\/general-information\/\" rel=\"noopener noreferrer\">Communiquer <\/a>avec nous!<\/p>\n<div class=\"alert-yellow\" >\n<a title=\"1, 2, 3 Benzotriazole\" href=\"https:\/\/www.gentrochema.nl\/fr\/chromium-oxide-green\/\" rel=\"noopener noreferrer\">Plus d&rsquo;informations sur ce produit.<\/a><\/div>\n<div class=\"clearall\" ><\/div>\n\n<ul>\n<li><a href=\"https:\/\/www.gentrochema.nl\/wp-content\/uploads\/2016\/03\/CHROOMOXIDE-nl.20151030.pdf\" rel=\"noopener noreferrer\">N\u00e9erlandais<\/a><\/li>\n<li><a href=\"https:\/\/www.gentrochema.nl\/wp-content\/uploads\/2012\/04\/SDS-CHROMIC-OXIDE-GREEN-en-20180301.pdf\" rel=\"noopener noreferrer\">Anglais<\/a><\/li>\n<li><a href=\"https:\/\/www.gentrochema.nl\/wp-content\/uploads\/2012\/04\/SDS-CHROMIC-OXIDE-GREEN-du-20180301.pdf\" rel=\"noopener noreferrer\">Allemand<\/a><\/li>\n<li><a href=\"https:\/\/www.gentrochema.nl\/wp-content\/uploads\/2012\/04\/cxg-fr-20140701.pdf\" rel=\"noopener noreferrer\">Fran\u00e7ais<\/a><\/li>\n<\/ul>\n<p><\/p>","protected":false},"excerpt":{"rendered":"<p>Veuillez cliquer pour t\u00e9l\u00e9charger la fds dans la langue de votre choix sur le c\u00f4t\u00e9 droit&#8230;.<\/p>\n","protected":false},"author":8,"featured_media":0,"parent":0,"menu_order":0,"comment_status":"open","ping_status":"open","template":"","meta":{"footnotes":""},"categories":[8],"tags":[207,204,205,206],"yst_prominent_words":[347,345,346,344],"class_list":["post-538","page","type-page","status-publish","hentry","category-msds","tag-fiche-de-donnees-de-securite-oxyde-de-chrome-vert","tag-material-safety-datasheet-chromium-oxide-green","tag-sicherheitsdatenblatt-chromoxid","tag-veiligheidsinformatieblad-chroomoxide-groen"],"_links":{"self":[{"href":"https:\/\/www.gentrochema.nl\/fr\/wp-json\/wp\/v2\/pages\/538","targetHints":{"allow":["GET"]}}],"collection":[{"href":"https:\/\/www.gentrochema.nl\/fr\/wp-json\/wp\/v2\/pages"}],"about":[{"href":"https:\/\/www.gentrochema.nl\/fr\/wp-json\/wp\/v2\/types\/page"}],"author":[{"embeddable":true,"href":"https:\/\/www.gentrochema.nl\/fr\/wp-json\/wp\/v2\/users\/8"}],"replies":[{"embeddable":true,"href":"https:\/\/www.gentrochema.nl\/fr\/wp-json\/wp\/v2\/comments?post=538"}],"version-history":[{"count":0,"href":"https:\/\/www.gentrochema.nl\/fr\/wp-json\/wp\/v2\/pages\/538\/revisions"}],"wp:attachment":[{"href":"https:\/\/www.gentrochema.nl\/fr\/wp-json\/wp\/v2\/media?parent=538"}],"wp:term":[{"taxonomy":"category","embeddable":true,"href":"https:\/\/www.gentrochema.nl\/fr\/wp-json\/wp\/v2\/categories?post=538"},{"taxonomy":"post_tag","embeddable":true,"href":"https:\/\/www.gentrochema.nl\/fr\/wp-json\/wp\/v2\/tags?post=538"},{"taxonomy":"yst_prominent_words","embeddable":true,"href":"https:\/\/www.gentrochema.nl\/fr\/wp-json\/wp\/v2\/yst_prominent_words?post=538"}],"curies":[{"name":"wp","href":"https:\/\/api.w.org\/{rel}","templated":true}]}}