{"id":50,"date":"2012-02-16T09:09:17","date_gmt":"2012-02-16T09:09:17","guid":{"rendered":"https:\/\/www.gentrochema.nl\/?p=50"},"modified":"2019-08-23T14:00:57","modified_gmt":"2019-08-23T13:00:57","slug":"msds","status":"publish","type":"page","link":"https:\/\/www.gentrochema.nl\/fr\/msds\/","title":{"rendered":"FDS"},"content":{"rendered":"<p>Vous trouverez sur notre site les Fiches des Donn\u00e9es de S\u00e9curit\u00e9 (FDS) de nos produits.<\/p>\n<p>Elles seront disponibles et mises \u00e0 jours r\u00e9guli\u00e8rement au cours de l\u2019ann\u00e9e 2019.<\/p>\n<p>FDS se conforment&nbsp; au GHS, CLP et \u00e0 la r\u00e8glementation europ\u00e9enne 1907\/2006 CE et 1272\/2008 CE.<\/p>\n<p>FDS sont disponibles en 4 langues, anglais, allemand, fran\u00e7ais et n\u00e9erlandais.<\/p>\n<p>Si vous souhaitez avoir un FDS dans une autre langue, il suffit de cliquer sur la langue de votre choix&nbsp;<\/p>\n<ul>\n<li><a title=\"MSDS Chrome Oxide Green\" href=\"https:\/\/www.gentrochema.nl\/fr\/msds-chrome-oxide-green\/\" rel=\"noopener noreferrer\">OXYDE DE CHROME VERT<\/a><\/li>\n<li><a title=\"MSDS Chromium Trioxide\" href=\"https:\/\/www.gentrochema.nl\/fr\/msds-chromium-trioxide\/\" rel=\"noopener noreferrer\">TRIOXYDE DE CHROME<\/a><\/li>\n<li><a title=\"MSDS Manganese Carbonate\" href=\"https:\/\/www.gentrochema.nl\/fr\/msds-manganese-carbonate\/\" rel=\"noopener noreferrer\">CARBONATE DE MANGANESE<\/a><\/li>\n<li><a title=\"MSDS Potasium Dichromate\" href=\"https:\/\/www.gentrochema.nl\/fr\/msds-potassium-dichromate\/\" rel=\"noopener noreferrer\">DICHROMATE DE POTASSIUM<\/a><\/li>\n<li><a title=\"MSDS Potasium Ferricyanide\" href=\"https:\/\/www.gentrochema.nl\/fr\/msds-potassium-ferricyanide\/\" rel=\"noopener noreferrer\">FERRICYANURE DE POTASSIUM<\/a><\/li>\n<li><a title=\"MSDS Potasium Ferrocyanide\" href=\"https:\/\/www.gentrochema.nl\/fr\/msds-potassium-ferrocyanide\/\" rel=\"noopener noreferrer\">FERROCYANURE DE POTASSIUM<\/a><\/li>\n<li><a title=\"MSDS Potasium Nitrite\" href=\"https:\/\/www.gentrochema.nl\/fr\/msds-potassium-nitrite\/\" rel=\"noopener noreferrer\">NITRITE DE POTASSIUM<\/a><\/li>\n<li><a title=\"MSDS Sodium Dichromate\" href=\"https:\/\/www.gentrochema.nl\/fr\/msds-sodium-dichromate\/\" rel=\"noopener noreferrer\">DICHROMATE DE SODIUM<\/a><\/li>\n<li><a title=\"MSDS Sodium Ferrocyanide\" href=\"https:\/\/www.gentrochema.nl\/fr\/msds-sodium-ferrocyanide\/\" rel=\"noopener noreferrer\">FERROCYANURE DE SODIUM<\/a><\/li>\n<li><a href=\"https:\/\/www.gentrochema.nl\/fr\/msds-thiourea\/\" rel=\"noopener noreferrer\">THIOUREE<\/a><\/li>\n<\/ul>\n<p><\/p>","protected":false},"excerpt":{"rendered":"<p>Vous trouverez sur notre site les Fiches des Donn\u00e9es de S\u00e9curit\u00e9 (FDS) de nos produits. Elles&#8230;<\/p>\n","protected":false},"author":8,"featured_media":0,"parent":0,"menu_order":0,"comment_status":"open","ping_status":"open","template":"","meta":{"footnotes":""},"categories":[1185],"tags":[],"yst_prominent_words":[1336,1338,1331,1329,1292,1339,1335,1330,1294,1299,1337,1333,1334,1332],"class_list":["post-50","page","type-page","status-publish","hentry","category-algemeen"],"_links":{"self":[{"href":"https:\/\/www.gentrochema.nl\/fr\/wp-json\/wp\/v2\/pages\/50","targetHints":{"allow":["GET"]}}],"collection":[{"href":"https:\/\/www.gentrochema.nl\/fr\/wp-json\/wp\/v2\/pages"}],"about":[{"href":"https:\/\/www.gentrochema.nl\/fr\/wp-json\/wp\/v2\/types\/page"}],"author":[{"embeddable":true,"href":"https:\/\/www.gentrochema.nl\/fr\/wp-json\/wp\/v2\/users\/8"}],"replies":[{"embeddable":true,"href":"https:\/\/www.gentrochema.nl\/fr\/wp-json\/wp\/v2\/comments?post=50"}],"version-history":[{"count":0,"href":"https:\/\/www.gentrochema.nl\/fr\/wp-json\/wp\/v2\/pages\/50\/revisions"}],"wp:attachment":[{"href":"https:\/\/www.gentrochema.nl\/fr\/wp-json\/wp\/v2\/media?parent=50"}],"wp:term":[{"taxonomy":"category","embeddable":true,"href":"https:\/\/www.gentrochema.nl\/fr\/wp-json\/wp\/v2\/categories?post=50"},{"taxonomy":"post_tag","embeddable":true,"href":"https:\/\/www.gentrochema.nl\/fr\/wp-json\/wp\/v2\/tags?post=50"},{"taxonomy":"yst_prominent_words","embeddable":true,"href":"https:\/\/www.gentrochema.nl\/fr\/wp-json\/wp\/v2\/yst_prominent_words?post=50"}],"curies":[{"name":"wp","href":"https:\/\/api.w.org\/{rel}","templated":true}]}}