{"id":44,"date":"2012-02-16T09:04:48","date_gmt":"2012-02-16T09:04:48","guid":{"rendered":"https:\/\/www.gentrochema.nl\/?p=44"},"modified":"2019-08-13T08:21:09","modified_gmt":"2019-08-13T07:21:09","slug":"gentrochema","status":"publish","type":"page","link":"https:\/\/www.gentrochema.nl\/fr\/","title":{"rendered":"Bienvenue! Laissez-nous vous pr\u00e9senter notre entreprise."},"content":{"rendered":"<p>Gentrochema BV est une soci\u00e9t\u00e9 de n\u00e9goce internationale de PRODUIT CHIMIQUE, qui a prouv\u00e9 au cours des ann\u00e9es \u00eatre un partenaire fiable pour ses clients et fournisseurs du monde entier.<\/p>\n<p>Principalement concentr\u00e9 sur le secteur industriel, Gentrochema BV ne cesse d&rsquo;explorer de nouvelles sources et de maintenir des prix comp\u00e9titifs pour satisfaire ses clients.<\/p>\n<p>Comme la majorit\u00e9 de nos produits proviennent de Russie et de Chine, nous avons en permanence ces stocks aux Pays-Bas afin de fournir \u00e0 nos clients un service optimal, partout, et n&rsquo;importe quand.<\/p>\n<p>De notre entrep\u00f4t, situ\u00e9 dans la zone industrielle \u00ab\u00a0Hazeldonk\u00a0\u00bb \u00e0 Breda, aux Pays-Bas, nous chargeons et transportons nos produits vers de nombreuses destinations en Europe. Pour les destinations d&rsquo;outre-mer, nous faisons usage de 2 principaux ports d&rsquo;Europe, Anvers et Rotterdam. De l\u00e0, nous pouvons exp\u00e9dier dans le monde entier \u00e0 des prix comp\u00e9titifs, de 25 kg jusqu\u2019\u00e0 des conteneurs complets.<\/p>\n<p>En collaboration avec notre partenaire logistique et de stockage (Loodet BV), nous pouvons offrir presque n&rsquo;importe quel emballage dont vous pourriez avoir besoin, sacs, f\u00fbt, big bags, vrac ou tout emballage de votre choix.<\/p>\n<p>Avec notre approche ouverte en communication, nous nous effor\u00e7ons d&rsquo;am\u00e9liorer la qualit\u00e9 de nos services et offrons \u00e0 nos clients des solutions flexibles et adapt\u00e9es \u00e0 leurs besoins.<\/p>\n<p>Gentrochema BV reste dans l\u2019attente de l\u2019opportunit\u00e9 de vous prouver que nous sommes un fournisseur fiable pour vos besoins en produits chimiques.<\/p>","protected":false},"excerpt":{"rendered":"<p class=\"qtranxs-available-languages-message qtranxs-available-languages-message-fr\">D\u00e9sol\u00e9, cet article est seulement disponible en <a href=\"https:\/\/www.gentrochema.nl\/en\/wp-json\/wp\/v2\/pages\/44\" class=\"qtranxs-available-language-link qtranxs-available-language-link-en\" title=\"English\">English<\/a> et <a href=\"https:\/\/www.gentrochema.nl\/nl\/wp-json\/wp\/v2\/pages\/44\" class=\"qtranxs-available-language-link qtranxs-available-language-link-nl\" title=\"Nederlands\">Nederlands<\/a>.<\/p>\n","protected":false},"author":8,"featured_media":0,"parent":0,"menu_order":0,"comment_status":"open","ping_status":"open","template":"","meta":{"footnotes":""},"categories":[1185],"tags":[],"yst_prominent_words":[],"class_list":["post-44","page","type-page","status-publish","hentry","category-algemeen"],"_links":{"self":[{"href":"https:\/\/www.gentrochema.nl\/fr\/wp-json\/wp\/v2\/pages\/44","targetHints":{"allow":["GET"]}}],"collection":[{"href":"https:\/\/www.gentrochema.nl\/fr\/wp-json\/wp\/v2\/pages"}],"about":[{"href":"https:\/\/www.gentrochema.nl\/fr\/wp-json\/wp\/v2\/types\/page"}],"author":[{"embeddable":true,"href":"https:\/\/www.gentrochema.nl\/fr\/wp-json\/wp\/v2\/users\/8"}],"replies":[{"embeddable":true,"href":"https:\/\/www.gentrochema.nl\/fr\/wp-json\/wp\/v2\/comments?post=44"}],"version-history":[{"count":0,"href":"https:\/\/www.gentrochema.nl\/fr\/wp-json\/wp\/v2\/pages\/44\/revisions"}],"wp:attachment":[{"href":"https:\/\/www.gentrochema.nl\/fr\/wp-json\/wp\/v2\/media?parent=44"}],"wp:term":[{"taxonomy":"category","embeddable":true,"href":"https:\/\/www.gentrochema.nl\/fr\/wp-json\/wp\/v2\/categories?post=44"},{"taxonomy":"post_tag","embeddable":true,"href":"https:\/\/www.gentrochema.nl\/fr\/wp-json\/wp\/v2\/tags?post=44"},{"taxonomy":"yst_prominent_words","embeddable":true,"href":"https:\/\/www.gentrochema.nl\/fr\/wp-json\/wp\/v2\/yst_prominent_words?post=44"}],"curies":[{"name":"wp","href":"https:\/\/api.w.org\/{rel}","templated":true}]}}