{"id":3216,"date":"2015-03-04T13:42:27","date_gmt":"2015-03-04T12:42:27","guid":{"rendered":"https:\/\/www.gentrochema.nl\/?p=3216"},"modified":"2019-07-15T13:03:51","modified_gmt":"2019-07-15T12:03:51","slug":"msds-thiourea","status":"publish","type":"page","link":"https:\/\/www.gentrochema.nl\/fr\/msds-thiourea\/","title":{"rendered":"FDS Thiour\u00e9e"},"content":{"rendered":"<p>Veuillez clicquer pour t\u00e9l\u00e9charger le fds dans la langue de votre choix au c\u00f4t\u00e9 droit<\/p>\n<p>Est-ce que votre langue n&rsquo; est pas disponible?<\/p>\n<p><a title=\"Contact\" href=\"https:\/\/www.gentrochema.nl\/fr\/general-information\/\" rel=\"noopener noreferrer\">Communiquer&nbsp; <\/a>avec nous !<\/p>\n<div class=\"alert-yellow\" >\n<a title=\"Potassium Ferricyanide\" href=\"https:\/\/www.gentrochema.nl\/fr\/thiourea\" rel=\"noopener noreferrer\">Plus d&rsquo;informations sur ce produit.<\/a><\/div>\n<div class=\"clearall\" ><\/div>\n\n<ul>\n<li><a href=\"https:\/\/www.gentrochema.nl\/wp-content\/uploads\/2015\/03\/THIOUREUM-nl.20150302.pdf\" rel=\"noopener noreferrer\">N\u00e9erlandais<\/a><\/li>\n<li><a href=\"https:\/\/www.gentrochema.nl\/wp-content\/uploads\/2015\/03\/THIOUREA-en.201411181.pdf\" rel=\"noopener noreferrer\">Anglais<\/a><\/li>\n<li><a href=\"https:\/\/www.gentrochema.nl\/wp-content\/uploads\/2016\/11\/THIOUREE-fr.2016111.pdf\" rel=\"noopener noreferrer\">Fran\u00e7ais<\/a><\/li>\n<\/ul>\n<p><\/p>","protected":false},"excerpt":{"rendered":"<p>Veuillez clicquer pour t\u00e9l\u00e9charger le fds dans la langue de votre choix au c\u00f4t\u00e9 droit Est-ce&#8230;<\/p>\n","protected":false},"author":2,"featured_media":0,"parent":0,"menu_order":0,"comment_status":"open","ping_status":"open","template":"","meta":{"footnotes":""},"categories":[8],"tags":[223,175,224,176],"yst_prominent_words":[],"class_list":["post-3216","page","type-page","status-publish","hentry","category-msds","tag-fiche-de-donnees-de-securite-thiouree","tag-material-safety-datasheet-thiourea","tag-sicherheitsdatenblatt-thioharnstoff","tag-veiligheidsinformatieblad-thioureum"],"_links":{"self":[{"href":"https:\/\/www.gentrochema.nl\/fr\/wp-json\/wp\/v2\/pages\/3216","targetHints":{"allow":["GET"]}}],"collection":[{"href":"https:\/\/www.gentrochema.nl\/fr\/wp-json\/wp\/v2\/pages"}],"about":[{"href":"https:\/\/www.gentrochema.nl\/fr\/wp-json\/wp\/v2\/types\/page"}],"author":[{"embeddable":true,"href":"https:\/\/www.gentrochema.nl\/fr\/wp-json\/wp\/v2\/users\/2"}],"replies":[{"embeddable":true,"href":"https:\/\/www.gentrochema.nl\/fr\/wp-json\/wp\/v2\/comments?post=3216"}],"version-history":[{"count":0,"href":"https:\/\/www.gentrochema.nl\/fr\/wp-json\/wp\/v2\/pages\/3216\/revisions"}],"wp:attachment":[{"href":"https:\/\/www.gentrochema.nl\/fr\/wp-json\/wp\/v2\/media?parent=3216"}],"wp:term":[{"taxonomy":"category","embeddable":true,"href":"https:\/\/www.gentrochema.nl\/fr\/wp-json\/wp\/v2\/categories?post=3216"},{"taxonomy":"post_tag","embeddable":true,"href":"https:\/\/www.gentrochema.nl\/fr\/wp-json\/wp\/v2\/tags?post=3216"},{"taxonomy":"yst_prominent_words","embeddable":true,"href":"https:\/\/www.gentrochema.nl\/fr\/wp-json\/wp\/v2\/yst_prominent_words?post=3216"}],"curies":[{"name":"wp","href":"https:\/\/api.w.org\/{rel}","templated":true}]}}