{"id":126,"date":"2012-02-16T09:55:42","date_gmt":"2012-02-16T09:55:42","guid":{"rendered":"https:\/\/www.gentrochema.nl\/?p=126"},"modified":"2026-05-14T10:27:12","modified_gmt":"2026-05-14T09:27:12","slug":"contact","status":"publish","type":"page","link":"https:\/\/www.gentrochema.nl\/fr\/contact\/","title":{"rendered":"Contacter"},"content":{"rendered":"<p><\/p>\n<h1 data-section-id=\"1uacfj5\" data-start=\"0\" data-end=\"21\">Contact Gentrochema<\/h1>\n<h2 data-section-id=\"zg18r9\" data-start=\"23\" data-end=\"45\">Bureau &amp; Logistique<\/h2>\n<h3 data-section-id=\"nwt3zp\" data-start=\"47\" data-end=\"67\">Gentrochema BV<\/h3>\n<p data-start=\"68\" data-end=\"108\">Lage Ham 190<br data-start=\"80\" data-end=\"83\" \/>5102 AE Dongen<br data-start=\"97\" data-end=\"100\" \/>Pays-Bas<\/p>\n<hr data-start=\"110\" data-end=\"113\" \/>\n<h2 data-section-id=\"138b14r\" data-start=\"115\" data-end=\"141\">Informations de Contact<\/h2>\n<p data-start=\"143\" data-end=\"178\">&#x1f4de; T\u00e9l\u00e9phone<br data-start=\"155\" data-end=\"158\" \/>&#x1f449; +31 (0)162 249020<\/p>\n<p data-start=\"180\" data-end=\"214\">&#x1f4e7; E-mail<br data-start=\"189\" data-end=\"192\" \/>&#x1f449; <a class=\"decorated-link cursor-pointer\" href=\"mailto:info@gentrochema.nl\" rel=\"noopener\" data-start=\"195\" data-end=\"214\">info@gentrochema.nl<\/a><\/p>\n<p data-start=\"216\" data-end=\"251\">&#x1f310; Site web<br data-start=\"227\" data-end=\"230\" \/>&#x1f449; <a class=\"decorated-link\" href=\"http:\/\/www.gentrochema.nl\/\" target=\"_new\" rel=\"noopener\" data-start=\"233\" data-end=\"251\">www.gentrochema.nl<\/a><\/p>\n<p data-start=\"253\" data-end=\"314\">Directeur G\u00e9n\u00e9ral<br data-start=\"270\" data-end=\"273\" \/>&#x1f449; M. Wim van Loon<br data-start=\"291\" data-end=\"294\" \/>&#x1f4e7; <a class=\"decorated-link\" href=\"mailto:wl@gentrochema.nl\" rel=\"noopener\" data-start=\"297\" data-end=\"314\">wl@gentrochema.nl<\/a><\/p>\n<hr data-start=\"316\" data-end=\"319\" \/>\n<h2 data-section-id=\"s00fra\" data-start=\"321\" data-end=\"348\">Entreposage &amp; Logistique<\/h2>\n<p data-start=\"350\" data-end=\"755\">Gentrochema collabore avec des partenaires logistiques et d\u2019entreposage strat\u00e9giquement situ\u00e9s aux Pays-Bas, notamment \u00e0 proximit\u00e9 du port de Rotterdam, de Hazeldonk et des principaux corridors de transport europ\u00e9ens. Cela nous permet d\u2019assurer une distribution efficace en Europe, une capacit\u00e9 de stockage flexible et une gestion fiable des importations et exportations de produits chimiques industriels.<\/p>\n<p data-start=\"757\" data-end=\"873\">Notre r\u00e9seau logistique comprend des installations d\u2019entreposage et de distribution exploit\u00e9es en coop\u00e9ration avec :<\/p>\n<h3 data-section-id=\"1p2hmvf\" data-start=\"875\" data-end=\"890\">LOODET BV<\/h3>\n<p data-start=\"891\" data-end=\"942\">Hazeldonk 6803<br data-start=\"905\" data-end=\"908\" \/>4836 LK Breda-Hazeldonk<br data-start=\"931\" data-end=\"934\" \/>Pays-Bas<\/p>\n<hr data-start=\"944\" data-end=\"947\" \/>\n<h3 data-section-id=\"7fa37d\" data-start=\"949\" data-end=\"982\">MARO Forwarding &amp; Logistics BV<\/h3>\n<p data-start=\"983\" data-end=\"1036\">Ambachtsstraat 2<br data-start=\"999\" data-end=\"1002\" \/>3284 XW Zuid-Beijerland<br data-start=\"1025\" data-end=\"1028\" \/>Pays-Bas<\/p>\n<hr data-start=\"1038\" data-end=\"1041\" \/>\n<h3 data-section-id=\"40nwed\" data-start=\"1043\" data-end=\"1062\">CTG Logistics BV<\/h3>\n<p data-start=\"1063\" data-end=\"1134\">Propaanweg 53<br data-start=\"1076\" data-end=\"1079\" \/>3196 KH Vondelingenplaat (Port de Rotterdam)<br data-start=\"1123\" data-end=\"1126\" \/>Pays-Bas<\/p>\n<p data-start=\"1136\" data-end=\"1138\">et<\/p>\n<p data-start=\"1140\" data-end=\"1210\">Butaanweg 5A<br data-start=\"1152\" data-end=\"1155\" \/>3196 KC Vondelingenplaat (Port de Rotterdam)<br data-start=\"1199\" data-end=\"1202\" \/>Pays-Bas<\/p>\n<hr data-start=\"1212\" data-end=\"1215\" \/>\n<p data-start=\"1217\" data-end=\"1299\">Gr\u00e2ce \u00e0 ces hubs logistiques strat\u00e9giquement situ\u00e9s, Gentrochema prend en charge :<\/p>\n<ul data-start=\"1301\" data-end=\"1538\">\n<li data-section-id=\"1nlp72k\" data-start=\"1301\" data-end=\"1351\">La distribution europ\u00e9enne de produits chimiques<\/li>\n<li data-section-id=\"i4q5rl\" data-start=\"1352\" data-end=\"1381\">La logistique import\/export<\/li>\n<li data-section-id=\"1jpltlo\" data-start=\"1382\" data-end=\"1412\">La manutention de conteneurs<\/li>\n<li data-section-id=\"1fz614f\" data-start=\"1413\" data-end=\"1455\">Les solutions de transport conformes ADR<\/li>\n<li data-section-id=\"iy19s1\" data-start=\"1456\" data-end=\"1480\">Le stockage industriel<\/li>\n<li data-section-id=\"1yrah44\" data-start=\"1481\" data-end=\"1538\">Les solutions flexibles d\u2019emballage et de palettisation<\/li>\n<\/ul>\n<p data-start=\"1540\" data-end=\"1663\">Notre r\u00e9seau d\u2019entrep\u00f4ts permet des livraisons fiables dans toute l\u2019Europe ainsi que des exp\u00e9ditions mondiales sur demande.<\/p>\n<hr data-start=\"1665\" data-end=\"1668\" \/>\n<h2 data-section-id=\"1er8qmm\" data-start=\"1670\" data-end=\"1702\">Informations sur l\u2019Entreprise<\/h2>\n<p data-start=\"1704\" data-end=\"1737\">Num\u00e9ro de TVA<br data-start=\"1717\" data-end=\"1720\" \/>&#x1f449; NL806207735B01<\/p>\n<p data-start=\"1739\" data-end=\"1788\">Num\u00e9ro de Chambre de Commerce (KvK)<br data-start=\"1774\" data-end=\"1777\" \/>&#x1f449; 20086731<\/p>\n<hr data-start=\"1790\" data-end=\"1793\" \/>\n<h2 data-section-id=\"f2hk1f\" data-start=\"1795\" data-end=\"1832\">Demande d\u2019Informations ou de Devis<\/h2>\n<p data-start=\"1834\" data-end=\"2079\">Pour des informations sur les produits, des sp\u00e9cifications techniques, des prix, des possibilit\u00e9s logistiques ou des demandes g\u00e9n\u00e9rales, veuillez utiliser <a href=\"https:\/\/www.gentrochema.nl\/en\/general-information\/\">notre formulaire de contact<\/a> ou contacter directement notre \u00e9quipe par e-mail ou t\u00e9l\u00e9phone.<\/p>\n<p data-start=\"2081\" data-end=\"2210\" data-is-last-node=\"\" data-is-only-node=\"\">Nous serons heureux de vous accompagner avec des solutions fiables d\u2019approvisionnement chimique et des d\u00e9lais de r\u00e9ponse rapides.<\/p>\n<p><\/p>","protected":false},"excerpt":{"rendered":"<p>Contact Gentrochema Bureau &amp; Logistique Gentrochema BV Lage Ham 1905102 AE DongenPays-Bas Informations de Contact &#x1f4de;&#8230;<\/p>\n","protected":false},"author":8,"featured_media":0,"parent":0,"menu_order":0,"comment_status":"open","ping_status":"open","template":"","meta":{"footnotes":""},"categories":[22],"tags":[],"yst_prominent_words":[1163,924,1287,1334],"class_list":["post-126","page","type-page","status-publish","hentry","category-contact"],"_links":{"self":[{"href":"https:\/\/www.gentrochema.nl\/fr\/wp-json\/wp\/v2\/pages\/126","targetHints":{"allow":["GET"]}}],"collection":[{"href":"https:\/\/www.gentrochema.nl\/fr\/wp-json\/wp\/v2\/pages"}],"about":[{"href":"https:\/\/www.gentrochema.nl\/fr\/wp-json\/wp\/v2\/types\/page"}],"author":[{"embeddable":true,"href":"https:\/\/www.gentrochema.nl\/fr\/wp-json\/wp\/v2\/users\/8"}],"replies":[{"embeddable":true,"href":"https:\/\/www.gentrochema.nl\/fr\/wp-json\/wp\/v2\/comments?post=126"}],"version-history":[{"count":10,"href":"https:\/\/www.gentrochema.nl\/fr\/wp-json\/wp\/v2\/pages\/126\/revisions"}],"predecessor-version":[{"id":7154,"href":"https:\/\/www.gentrochema.nl\/fr\/wp-json\/wp\/v2\/pages\/126\/revisions\/7154"}],"wp:attachment":[{"href":"https:\/\/www.gentrochema.nl\/fr\/wp-json\/wp\/v2\/media?parent=126"}],"wp:term":[{"taxonomy":"category","embeddable":true,"href":"https:\/\/www.gentrochema.nl\/fr\/wp-json\/wp\/v2\/categories?post=126"},{"taxonomy":"post_tag","embeddable":true,"href":"https:\/\/www.gentrochema.nl\/fr\/wp-json\/wp\/v2\/tags?post=126"},{"taxonomy":"yst_prominent_words","embeddable":true,"href":"https:\/\/www.gentrochema.nl\/fr\/wp-json\/wp\/v2\/yst_prominent_words?post=126"}],"curies":[{"name":"wp","href":"https:\/\/api.w.org\/{rel}","templated":true}]}}