{"id":685,"date":"2012-04-03T14:21:13","date_gmt":"2012-04-03T13:21:13","guid":{"rendered":"https:\/\/www.gentrochema.nl\/?p=685"},"modified":"2020-06-15T13:24:40","modified_gmt":"2020-06-15T12:24:40","slug":"potassium-ferricyanide","status":"publish","type":"page","link":"https:\/\/www.gentrochema.nl\/es\/potassium-ferricyanide\/","title":{"rendered":"Ferricianuro Pot\u00e1sico"},"content":{"rendered":"<p>Ferricianuro Pot\u00e1sico Tenemos el producto en stock. Exportamos el Ferricianuro pot\u00e1sico&nbsp;satisfactoriamente&nbsp;por todo el mundo. <a href=\"https:\/\/www.gentrochema.nl\/es\/general-information\/\" rel=\"noopener noreferrer\">Por favor haga click aqu\u00ed para su oferta<\/a><\/p>\n<h2>Descripci\u00f3n del producto Ferricianuro Pot\u00e1sico<\/h2>\n<p>El Ferricianuro pot\u00e1sico es tambi\u00e9n conocido como Hexocianoferrato (III) de Tripotasio de f\u00f3rmula K<sub>3<\/sub>[Fe(CN)<sub>6<\/sub>].<\/p>\n<h3>&nbsp;<\/h3>\n<h3>Informaci\u00f3n del producto<\/h3>\n<p>El Ferricianuro pot\u00e1sico es un s\u00f3lido fino, cristalino de color rojo-anaranjado brillante. El compuesto tiene un amplio uso en<span class=\"Apple-converted-space\">&nbsp; <\/span>preimpresi\u00f3n, fotografia en blanco y negro y en tratamiento de metals. El azul prusiano, el pigmento de azul oscuro para impression en azul, es generado por la reacci\u00f3n de K<sub>3<\/sub>Fe(CN)<sub>6<\/sub>&nbsp;con iones f\u00e9rricos (Fe<sup>2<\/sup>+).<\/p>\n<h3>&nbsp;<\/h3>\n<h3>Detalles del producto<\/h3>\n<p>Hexocianoferrato (III) de Tripotasio&nbsp;| N\u00famero CAS :13746-66-2 | N\u00famero EC: 237-323-3<\/p>\n<h2>Informaci\u00f3n de seguridad<\/h2>\n<p>Nota! &nbsp;En caso de que el Ferricianuro pot\u00e1sico sea mezclado con \u00e1cidos fuertes, se liberar\u00e1 cianuro de hidr\u00f3geno (HCN). Siempre examinar los s\u00edmbolos de aplicaci\u00f3n y las Fichas de Datos de Seguridad.<\/p>\n<h3>&nbsp;<\/h3>\n<h3>S\u00edmbolos de peligro<\/h3>\n<p><a href=\"https:\/\/www.gentrochema.nl\/wp-content\/uploads\/2019\/08\/images-e1566394863710.png\"><img loading=\"lazy\" decoding=\"async\" class=\"size-full wp-image-6663 alignnone\" src=\"https:\/\/www.gentrochema.nl\/wp-content\/uploads\/2019\/08\/images-e1566394863710.png\" alt=\"\" width=\"80\" height=\"80\"><\/a><a href=\"https:\/\/www.gentrochema.nl\/wp-content\/uploads\/2019\/08\/GHS-pictogram-pollu.svg_-e1566395359710.png\"><img loading=\"lazy\" decoding=\"async\" class=\"size-full wp-image-6666 alignnone\" src=\"https:\/\/www.gentrochema.nl\/wp-content\/uploads\/2019\/08\/GHS-pictogram-pollu.svg_-e1566395359710.png\" alt=\"\" width=\"80\" height=\"80\"><\/a><\/p>\n<h3>Resumen FDS<\/h3>\n<table style=\"width: 775px; height: 146px;\">\n<tbody>\n<tr>\n<td><strong>Palabra Clave<\/strong><\/td>\n<td>Alerta<\/td>\n<\/tr>\n<tr>\n<td><strong>Indicadores de peligro<\/strong><\/td>\n<td>H319, H411, EUH032<\/td>\n<\/tr>\n<tr>\n<td><strong>Indicadores de precauci\u00f3n<\/strong><\/td>\n<td>P264, P280, P305+P351+P338, P337+P313, P273, P391<\/td>\n<\/tr>\n<tr>\n<td><strong>ADR \/ IMO \/ IATA<\/strong><\/td>\n<td>9, UN3077<\/td>\n<\/tr>\n<\/tbody>\n<\/table>\n<div class=\"alert-yellow\" >\n<a href=\"https:\/\/www.gentrochema.nl\/es\/msds-potassium-ferricyanide\/\" rel=\"noopener noreferrer\">Haz click aqu\u00ed para acceder a la Ficha de Datos de Seguridad completa del producto<\/a><\/div>\n<div class=\"clearall\" ><\/div>\n\n<h2>Calidad<\/h2>\n<p class=\"p1\">Nuestro Ferricianuro pot\u00e1sico tiene un m\u00ednimo de 99,5 % K<sub>3<\/sub>Fe(CN)<sub>6<\/sub>&nbsp;, con muy pocas impurezas.&nbsp;Tama\u00f1o 0 \u2013 1000 micron<\/p>\n<p>&nbsp;<\/p>\n<h3>Regulaci\u00f3n REACH EC 1907\/2006<\/h3>\n<p>Gentrochema BV tiene el registro REACH completo en 2018.<\/p>\n<div class=\"alert-yellow\" >\n<a href=\"https:\/\/www.gentrochema.nl\/es\/general-information\/\" rel=\"noopener noreferrer\">por favor haga clic aqu\u00ed para su oferta<\/a><\/div>\n<div class=\"clearall\" ><\/div>\n\n<h2>Transporte y embalaje<\/h2>\n<p>Podemos suministrar nuestro Ferricianuro pot\u00e1sico desde nuestro stock el Holanda. El pedido m\u00ednimo es de 25 kg.&nbsp;El embalaje estandar de nuestro Ferrocianuro pot\u00e1sico es de bolsas tejidas de<span class=\"Apple-converted-space\">&nbsp; <\/span>25 kg. Cualquier otro embalaje es posible bajo solicitud. Tambi\u00e9n podemos suministrar una <i>soluci\u00f3n<\/i> de Ferricoanuro pot\u00e1sico.&nbsp;Generalmente el plazo de env\u00edo es de 2-3 d\u00edas laborables, pero esto depende del pedido. Por supuesto, somos capaces de enviar a cualquier lugar del mundo<\/p>\n<h3>Compra de substancias qu\u00edmicas de Gentrochema BV<\/h3>\n<p>Compre Ferricianuro pot\u00e1sico en la red de venta de productos qu\u00edmicos al por mayor de Gentrochema. Gentrochema BV esta especializada en el comercio de productos qu\u00edmicos nicho en una escala global. Para poder comprar productos qu\u00edmicos de Gentrochema debe de tener 18 a\u00f1os o m\u00e1s y estar registrado como una empresa legal. Gentrochema<span class=\"Apple-converted-space\">&nbsp; <\/span>NO vende ning\u00fan producto qu\u00edmico a personas privadas<\/p>\n<div class=\"alert-yellow\" >\n<a href=\"https:\/\/www.gentrochema.nl\/es\/general-conditions-of-sale\/\" rel=\"noopener noreferrer\"> Haga click aqu\u00ed para acceder a las condiciones de venta.<\/div>\n<div class=\"clearall\" ><\/div>\n<\/a><\/p>\n<p>&nbsp;<\/p>","protected":false},"excerpt":{"rendered":"<p>Ferricianuro Pot\u00e1sico Tenemos el producto en stock. Exportamos el Ferricianuro pot\u00e1sico&nbsp;satisfactoriamente&nbsp;por todo el mundo. Por favor&#8230;<\/p>\n","protected":false},"author":8,"featured_media":0,"parent":0,"menu_order":0,"comment_status":"open","ping_status":"open","template":"","meta":{"footnotes":""},"categories":[4],"tags":[298,285,292,290,283,286,295,289,296,299,294,284,273,291,287,282,288,293,266,297],"yst_prominent_words":[1232,1228,1224,1218,1229,1225,1219,1231,1227,553,1221,1211,1216,1222,1223,1217,1233,1230,1226,1220],"class_list":["post-685","page","type-page","status-publish","hentry","category-products","tag-azul-prusiano","tag-black-and-white-photography","tag-blaupause-zeichnungen","tag-blaupausen","tag-blauwdruk-printen","tag-blue-printing","tag-dessin-de-plans-et-en-noir-et-blanc","tag-einsatzharten","tag-fotografia-en-blanco-y-negro","tag-hexocianoferrato","tag-le-bleu-de-prusse","tag-metaalveredeling","tag-photographique","tag-preusisch-blau","tag-prussian-blue","tag-rood-bloedloogzout","tag-rotkali","tag-schwarz-weis-fotographie","tag-surface-treatment","tag-tratamiento-de-metals"],"_links":{"self":[{"href":"https:\/\/www.gentrochema.nl\/es\/wp-json\/wp\/v2\/pages\/685","targetHints":{"allow":["GET"]}}],"collection":[{"href":"https:\/\/www.gentrochema.nl\/es\/wp-json\/wp\/v2\/pages"}],"about":[{"href":"https:\/\/www.gentrochema.nl\/es\/wp-json\/wp\/v2\/types\/page"}],"author":[{"embeddable":true,"href":"https:\/\/www.gentrochema.nl\/es\/wp-json\/wp\/v2\/users\/8"}],"replies":[{"embeddable":true,"href":"https:\/\/www.gentrochema.nl\/es\/wp-json\/wp\/v2\/comments?post=685"}],"version-history":[{"count":0,"href":"https:\/\/www.gentrochema.nl\/es\/wp-json\/wp\/v2\/pages\/685\/revisions"}],"wp:attachment":[{"href":"https:\/\/www.gentrochema.nl\/es\/wp-json\/wp\/v2\/media?parent=685"}],"wp:term":[{"taxonomy":"category","embeddable":true,"href":"https:\/\/www.gentrochema.nl\/es\/wp-json\/wp\/v2\/categories?post=685"},{"taxonomy":"post_tag","embeddable":true,"href":"https:\/\/www.gentrochema.nl\/es\/wp-json\/wp\/v2\/tags?post=685"},{"taxonomy":"yst_prominent_words","embeddable":true,"href":"https:\/\/www.gentrochema.nl\/es\/wp-json\/wp\/v2\/yst_prominent_words?post=685"}],"curies":[{"name":"wp","href":"https:\/\/api.w.org\/{rel}","templated":true}]}}