{"id":67,"date":"2012-02-16T09:20:41","date_gmt":"2012-02-16T09:20:41","guid":{"rendered":"https:\/\/www.gentrochema.nl\/?p=67"},"modified":"2026-05-13T14:06:27","modified_gmt":"2026-05-13T13:06:27","slug":"links","status":"publish","type":"page","link":"https:\/\/www.gentrochema.nl\/es\/links\/","title":{"rendered":"Recursos de la Industria Qu\u00edmica e Informaci\u00f3n Regulatoria"},"content":{"rendered":"<p><\/p>\n<h1 data-section-id=\"dctm0p\" data-start=\"0\" data-end=\"64\"><span role=\"text\"><strong data-start=\"2\" data-end=\"64\">Recursos de la Industria Qu\u00edmica e Informaci\u00f3n Regulatoria<\/strong><\/span><\/h1>\n<p data-start=\"66\" data-end=\"436\">Gentrochema suministra productos qu\u00edmicos de acuerdo con la normativa europea e internacional aplicable. A continuaci\u00f3n encontrar\u00e1 una selecci\u00f3n de recursos \u00fatiles relacionados con regulaci\u00f3n, seguridad, transporte y aplicaciones industriales dentro del sector qu\u00edmico, cumplimiento REACH, transporte de mercanc\u00edas peligrosas, aditivos alimentarios y qu\u00edmica industrial.<\/p>\n<h2 data-section-id=\"1id5ih5\" data-start=\"438\" data-end=\"496\">Agencia Europea de Sustancias y Mezclas Qu\u00edmicas (ECHA)<\/h2>\n<p data-start=\"498\" data-end=\"848\">La Agencia Europea de Sustancias y Mezclas Qu\u00edmicas (ECHA) es responsable de la implementaci\u00f3n de la legislaci\u00f3n qu\u00edmica de la Uni\u00f3n Europea, incluyendo REACH, CLP y el Reglamento sobre Productos Biocidas (BPR). ECHA proporciona informaci\u00f3n oficial sobre registro de sustancias, datos de seguridad, clasificaci\u00f3n de peligros y cumplimiento normativo.<\/p>\n<p data-start=\"850\" data-end=\"876\">&#x1f449; <a class=\"decorated-link\" href=\"https:\/\/echa.europa.eu\/\" target=\"_new\" rel=\"noopener\" data-start=\"853\" data-end=\"876\">https:\/\/echa.europa.eu\/<\/a><\/p>\n<hr data-start=\"878\" data-end=\"881\" \/>\n<h2 data-section-id=\"18vug0r\" data-start=\"883\" data-end=\"917\">Reglamento REACH (CE 1907\/2006)<\/h2>\n<p data-start=\"919\" data-end=\"1154\">Legislaci\u00f3n oficial europea relativa al Registro, Evaluaci\u00f3n, Autorizaci\u00f3n y Restricci\u00f3n de Sustancias Qu\u00edmicas (REACH). Este reglamento regula la fabricaci\u00f3n, importaci\u00f3n y uso seguro de sustancias qu\u00edmicas dentro de la Uni\u00f3n Europea.<\/p>\n<p data-start=\"1156\" data-end=\"1185\">&#x1f449; <a class=\"decorated-link\" href=\"https:\/\/eur-lex.europa.eu\/\" target=\"_new\" rel=\"noopener\" data-start=\"1159\" data-end=\"1185\">https:\/\/eur-lex.europa.eu\/<\/a><\/p>\n<hr data-start=\"1187\" data-end=\"1190\" \/>\n<h2 data-section-id=\"19bmn9a\" data-start=\"1192\" data-end=\"1224\">Reglamento CLP (CE 1272\/2008)<\/h2>\n<p data-start=\"1226\" data-end=\"1442\">El Reglamento CLP cubre la clasificaci\u00f3n, etiquetado y envasado de sustancias y mezclas dentro de la Uni\u00f3n Europea y armoniza la legislaci\u00f3n europea con el Sistema Globalmente Armonizado (GHS) de las Naciones Unidas.<\/p>\n<p data-start=\"1444\" data-end=\"1503\">&#x1f449; <a class=\"decorated-link\" href=\"https:\/\/echa.europa.eu\/regulations\/clp\/understanding-clp\" target=\"_new\" rel=\"noopener\" data-start=\"1447\" data-end=\"1503\">https:\/\/echa.europa.eu\/regulations\/clp\/understanding-clp<\/a><\/p>\n<hr data-start=\"1505\" data-end=\"1508\" \/>\n<h2 data-section-id=\"by14cn\" data-start=\"1510\" data-end=\"1554\">ADR \u2013 Transporte de Mercanc\u00edas Peligrosas<\/h2>\n<p data-start=\"1556\" data-end=\"1690\">Informaci\u00f3n oficial relativa al transporte internacional de mercanc\u00edas peligrosas por carretera en Europa conforme a la normativa ADR.<\/p>\n<p data-start=\"1692\" data-end=\"1738\">&#x1f449; <a class=\"decorated-link\" href=\"https:\/\/unece.org\/transport\/dangerous-goods\" target=\"_new\" rel=\"noopener\" data-start=\"1695\" data-end=\"1738\">https:\/\/unece.org\/transport\/dangerous-goods<\/a><\/p>\n<hr data-start=\"1740\" data-end=\"1743\" \/>\n<h2 data-section-id=\"11h0suu\" data-start=\"1745\" data-end=\"1784\">Sistema Globalmente Armonizado (GHS)<\/h2>\n<p data-start=\"1786\" data-end=\"1934\">El sistema GHS de las Naciones Unidas proporciona criterios armonizados internacionalmente para la clasificaci\u00f3n y etiquetado de productos qu\u00edmicos.<\/p>\n<p data-start=\"1936\" data-end=\"1971\">&#x1f449; <a class=\"decorated-link cursor-pointer\" target=\"_new\" rel=\"noopener\" data-start=\"1939\" data-end=\"1971\">https:\/\/unece.org\/ghs-rev10-2023<\/a><\/p>\n<hr data-start=\"1973\" data-end=\"1976\" \/>\n<h2 data-section-id=\"1tk8jyj\" data-start=\"1978\" data-end=\"2030\">Autoridad Europea de Seguridad Alimentaria (EFSA)<\/h2>\n<p data-start=\"2032\" data-end=\"2294\">La Autoridad Europea de Seguridad Alimentaria (EFSA) proporciona asesoramiento cient\u00edfico y evaluaciones de riesgos relacionados con la seguridad alimentaria, aditivos alimentarios, contaminantes y materiales en contacto con alimentos dentro de la Uni\u00f3n Europea.<\/p>\n<p data-start=\"2296\" data-end=\"2326\">&#x1f449; <a class=\"decorated-link\" href=\"https:\/\/www.efsa.europa.eu\/\" target=\"_new\" rel=\"noopener\" data-start=\"2299\" data-end=\"2326\">https:\/\/www.efsa.europa.eu\/<\/a><\/p>\n<hr data-start=\"2328\" data-end=\"2331\" \/>\n<h2 data-section-id=\"tkj4b3\" data-start=\"2333\" data-end=\"2386\">Reglamento de Aditivos Alimentarios (CE 1333\/2008)<\/h2>\n<p data-start=\"2388\" data-end=\"2552\">Legislaci\u00f3n europea que regula el uso de aditivos alimentarios dentro de la Uni\u00f3n Europea, incluidas las clasificaciones de n\u00fameros E y las aplicaciones permitidas.<\/p>\n<p data-start=\"2554\" data-end=\"2583\">&#x1f449; <a class=\"decorated-link\" href=\"https:\/\/eur-lex.europa.eu\/\" target=\"_new\" rel=\"noopener\" data-start=\"2557\" data-end=\"2583\">https:\/\/eur-lex.europa.eu\/<\/a><\/p>\n<hr data-start=\"2585\" data-end=\"2588\" \/>\n<h2 data-section-id=\"22epmj\" data-start=\"2590\" data-end=\"2664\">Reglamento de Especificaciones para Aditivos Alimentarios (UE 231\/2012)<\/h2>\n<p data-start=\"2666\" data-end=\"2818\">Este reglamento define los criterios de pureza y especificaciones t\u00e9cnicas aplicables a los aditivos alimentarios utilizados dentro de la Uni\u00f3n Europea.<\/p>\n<p data-start=\"2820\" data-end=\"2849\">&#x1f449; <a class=\"decorated-link\" href=\"https:\/\/eur-lex.europa.eu\/\" target=\"_new\" rel=\"noopener\" data-start=\"2823\" data-end=\"2849\">https:\/\/eur-lex.europa.eu\/<\/a><\/p>\n<hr data-start=\"2851\" data-end=\"2854\" \/>\n<h2 data-section-id=\"g9gjz9\" data-start=\"2856\" data-end=\"2896\">Comisi\u00f3n Europea \u2013 Productos Qu\u00edmicos<\/h2>\n<p data-start=\"2898\" data-end=\"3061\">Informaci\u00f3n oficial de la Comisi\u00f3n Europea relacionada con seguridad qu\u00edmica, sostenibilidad, pol\u00edtica industrial y legislaci\u00f3n qu\u00edmica dentro de la Uni\u00f3n Europea.<\/p>\n<p data-start=\"3063\" data-end=\"3118\">&#x1f449; <a class=\"decorated-link\" href=\"https:\/\/environment.ec.europa.eu\/topics\/chemicals_en\" target=\"_new\" rel=\"noopener\" data-start=\"3066\" data-end=\"3118\">https:\/\/environment.ec.europa.eu\/topics\/chemicals_en<\/a><\/p>\n<hr data-start=\"3120\" data-end=\"3123\" \/>\n<h2 data-section-id=\"e22s51\" data-start=\"3125\" data-end=\"3169\">Programa de Productos Qu\u00edmicos de la OCDE<\/h2>\n<p data-start=\"3171\" data-end=\"3332\">La OCDE desarrolla normas internacionales y directrices relacionadas con seguridad qu\u00edmica, m\u00e9todos de ensayo, evaluaci\u00f3n de riesgos y protecci\u00f3n medioambiental.<\/p>\n<p data-start=\"3334\" data-end=\"3373\">&#x1f449; <a class=\"decorated-link\" href=\"https:\/\/www.oecd.org\/chemicalsafety\/\" target=\"_new\" rel=\"noopener\" data-start=\"3337\" data-end=\"3373\">https:\/\/www.oecd.org\/chemicalsafety\/<\/a><\/p>\n<hr data-start=\"3375\" data-end=\"3378\" \/>\n<h2 data-section-id=\"1d1vgwe\" data-start=\"3380\" data-end=\"3441\">C\u00f3digo IMDG \u2013 Transporte Mar\u00edtimo de Mercanc\u00edas Peligrosas<\/h2>\n<p data-start=\"3443\" data-end=\"3525\">Normativa internacional aplicable al transporte mar\u00edtimo de mercanc\u00edas peligrosas.<\/p>\n<p data-start=\"3527\" data-end=\"3550\">&#x1f449; <a class=\"decorated-link\" href=\"https:\/\/www.imo.org\/\" target=\"_new\" rel=\"noopener\" data-start=\"3530\" data-end=\"3550\">https:\/\/www.imo.org\/<\/a><\/p>\n<hr data-start=\"3552\" data-end=\"3555\" \/>\n<h2 data-section-id=\"1pingyq\" data-start=\"3557\" data-end=\"3611\">Asociaci\u00f3n Internacional de Transporte A\u00e9reo (IATA)<\/h2>\n<p data-start=\"3613\" data-end=\"3721\">Informaci\u00f3n sobre la normativa internacional para el transporte a\u00e9reo de sustancias y mercanc\u00edas peligrosas.<\/p>\n<p data-start=\"3723\" data-end=\"3747\">&#x1f449; <a class=\"decorated-link\" href=\"https:\/\/www.iata.org\/\" target=\"_new\" rel=\"noopener\" data-start=\"3726\" data-end=\"3747\">https:\/\/www.iata.org\/<\/a><\/p>\n<hr data-start=\"3749\" data-end=\"3752\" \/>\n<h2 data-section-id=\"gimaq6\" data-start=\"3754\" data-end=\"3809\">Occupational Safety and Health Administration (OSHA)<\/h2>\n<p data-start=\"3811\" data-end=\"3947\">OSHA proporciona informaci\u00f3n sobre seguridad laboral, exposici\u00f3n ocupacional y seguridad industrial relacionada con sustancias qu\u00edmicas.<\/p>\n<p data-start=\"3949\" data-end=\"3973\">&#x1f449; <a class=\"decorated-link\" href=\"https:\/\/www.osha.gov\/\" target=\"_new\" rel=\"noopener\" data-start=\"3952\" data-end=\"3973\">https:\/\/www.osha.gov\/<\/a><\/p>\n<hr data-start=\"3975\" data-end=\"3978\" \/>\n<h2 data-section-id=\"1t7ky3e\" data-start=\"3980\" data-end=\"4044\">National Institute for Occupational Safety and Health (NIOSH)<\/h2>\n<p data-start=\"4046\" data-end=\"4160\">NIOSH realiza investigaciones y publica directrices sobre exposici\u00f3n ocupacional, toxicolog\u00eda y seguridad qu\u00edmica.<\/p>\n<p data-start=\"4162\" data-end=\"4191\">&#x1f449; <a class=\"decorated-link\" href=\"https:\/\/www.cdc.gov\/niosh\/\" target=\"_new\" rel=\"noopener\" data-start=\"4165\" data-end=\"4191\">https:\/\/www.cdc.gov\/niosh\/<\/a><\/p>\n<hr data-start=\"4193\" data-end=\"4196\" \/>\n<h2 data-section-id=\"8okoyf\" data-start=\"4198\" data-end=\"4230\">Base de Datos Qu\u00edmica PubChem<\/h2>\n<p data-start=\"4232\" data-end=\"4386\">PubChem es una base de datos qu\u00edmica p\u00fablica que proporciona informaci\u00f3n sobre sustancias qu\u00edmicas, estructuras, toxicolog\u00eda y propiedades fisicoqu\u00edmicas.<\/p>\n<p data-start=\"4388\" data-end=\"4424\">&#x1f449; <a class=\"decorated-link\" href=\"https:\/\/pubchem.ncbi.nlm.nih.gov\/\" target=\"_new\" rel=\"noopener\" data-start=\"4391\" data-end=\"4424\">https:\/\/pubchem.ncbi.nlm.nih.gov\/<\/a><\/p>\n<hr data-start=\"4426\" data-end=\"4429\" \/>\n<h2 data-section-id=\"qxvwlz\" data-start=\"4431\" data-end=\"4447\">ChemSafetyPro<\/h2>\n<p data-start=\"4449\" data-end=\"4611\">ChemSafetyPro proporciona informaci\u00f3n pr\u00e1ctica relacionada con GHS, elaboraci\u00f3n de SDS\/FDS, transporte de mercanc\u00edas peligrosas y normativa qu\u00edmica internacional.<\/p>\n<p data-start=\"4613\" data-end=\"4646\">&#x1f449; <a class=\"decorated-link\" href=\"https:\/\/www.chemsafetypro.com\/\" target=\"_new\" rel=\"noopener\" data-start=\"4616\" data-end=\"4646\">https:\/\/www.chemsafetypro.com\/<\/a><\/p>\n<hr data-start=\"4648\" data-end=\"4651\" \/>\n<h2 data-section-id=\"1tubwaa\" data-start=\"4653\" data-end=\"4703\">Almacenamiento de Energ\u00eda y Bater\u00edas Redox-Flow<\/h2>\n<p data-start=\"4705\" data-end=\"4892\">Informaci\u00f3n sobre tecnolog\u00edas emergentes de almacenamiento energ\u00e9tico, incluyendo sistemas de bater\u00edas iron-flow y redox-flow relacionados con la qu\u00edmica de ferrocianuros y ferricianuros.<\/p>\n<p data-start=\"4894\" data-end=\"4929\" data-is-last-node=\"\" data-is-only-node=\"\">&#x1f449; <a class=\"decorated-link\" href=\"https:\/\/www.energy-storage.news\/\" target=\"_new\" rel=\"noopener\" data-start=\"4897\" data-end=\"4929\" data-is-last-node=\"\">https:\/\/www.energy-storage.news\/<\/a><\/p>\n<ul>\n<li><\/li>\n<\/ul>\n<p><\/p>","protected":false},"excerpt":{"rendered":"<p>Recursos de la Industria Qu\u00edmica e Informaci\u00f3n Regulatoria Gentrochema suministra productos qu\u00edmicos de acuerdo con la&#8230;<\/p>\n","protected":false},"author":8,"featured_media":0,"parent":0,"menu_order":0,"comment_status":"open","ping_status":"open","template":"","meta":{"footnotes":""},"categories":[1185],"tags":[],"yst_prominent_words":[804],"class_list":["post-67","page","type-page","status-publish","hentry","category-algemeen"],"_links":{"self":[{"href":"https:\/\/www.gentrochema.nl\/es\/wp-json\/wp\/v2\/pages\/67","targetHints":{"allow":["GET"]}}],"collection":[{"href":"https:\/\/www.gentrochema.nl\/es\/wp-json\/wp\/v2\/pages"}],"about":[{"href":"https:\/\/www.gentrochema.nl\/es\/wp-json\/wp\/v2\/types\/page"}],"author":[{"embeddable":true,"href":"https:\/\/www.gentrochema.nl\/es\/wp-json\/wp\/v2\/users\/8"}],"replies":[{"embeddable":true,"href":"https:\/\/www.gentrochema.nl\/es\/wp-json\/wp\/v2\/comments?post=67"}],"version-history":[{"count":10,"href":"https:\/\/www.gentrochema.nl\/es\/wp-json\/wp\/v2\/pages\/67\/revisions"}],"predecessor-version":[{"id":7119,"href":"https:\/\/www.gentrochema.nl\/es\/wp-json\/wp\/v2\/pages\/67\/revisions\/7119"}],"wp:attachment":[{"href":"https:\/\/www.gentrochema.nl\/es\/wp-json\/wp\/v2\/media?parent=67"}],"wp:term":[{"taxonomy":"category","embeddable":true,"href":"https:\/\/www.gentrochema.nl\/es\/wp-json\/wp\/v2\/categories?post=67"},{"taxonomy":"post_tag","embeddable":true,"href":"https:\/\/www.gentrochema.nl\/es\/wp-json\/wp\/v2\/tags?post=67"},{"taxonomy":"yst_prominent_words","embeddable":true,"href":"https:\/\/www.gentrochema.nl\/es\/wp-json\/wp\/v2\/yst_prominent_words?post=67"}],"curies":[{"name":"wp","href":"https:\/\/api.w.org\/{rel}","templated":true}]}}