{"id":657,"date":"2012-04-03T13:57:03","date_gmt":"2012-04-03T12:57:03","guid":{"rendered":"https:\/\/www.gentrochema.nl\/?p=657"},"modified":"2026-04-01T17:22:34","modified_gmt":"2026-04-01T16:22:34","slug":"manganese-carbonate","status":"publish","type":"page","link":"https:\/\/www.gentrochema.nl\/es\/manganese-carbonate\/","title":{"rendered":"Carbonato de Manganeso"},"content":{"rendered":"<p>Carbonato de Manganeso esta en stock. Exportamos el Carbonato de Manganeso satisfactoriamente por todo el mundo.\u00a0<a lang=\"es&quot;\" href=\"https:\/\/www.gentrochema.nl\/es\/general-information\/\" rel=\"noopener noreferrer\">Por favor haga clic aqu\u00ed para su oferta<\/a><\/p>\n<h2>Descripci\u00f3n del producto Carbonato de Manganeso<\/h2>\n<p>El Carbonato de manganese (II) es tambi\u00e9n conocido como su mineral Rhodocrosite de f\u00f3rmula MnCO3<\/p>\n<h3><\/h3>\n<h3>Informaci\u00f3n del producto<\/h3>\n<p>El Carbonato de manganese(II) es un ligero polvo fino marr\u00f3n. Se utiliza como colorante glaseado y fluidificante y para el tintado de los cementos.Por otro lado es ampliamente utilizado como aditivo en fertilizantes para plantas.<\/p>\n<h3>Detalles del producto<\/h3>\n<p>| Manganese(II)Carbonate |N\u00famero<span class=\"Apple-converted-space\">\u00a0 <\/span>CAS: 598-62-9 | N\u00famero EC: 209-942-9 |<\/p>\n<h2>Informaci\u00f3n de seguridad<\/h2>\n<p>Siempre comprobar los simbolos de aplicaci\u00f3n y la Ficha de Datos de Seguridad.<\/p>\n<h3>Resumen de Ficha de Datos de Seguridad (FDS)<\/h3>\n<table style=\"width: 775px;height: 146px\">\n<tbody>\n<tr>\n<td><strong>Palabra Clave<\/strong><\/td>\n<td>Ninguna<\/td>\n<\/tr>\n<tr>\n<td><strong>Indicadores de peligro<\/strong><\/td>\n<td>Ninguna<\/td>\n<\/tr>\n<tr>\n<td><strong>Indicadores de precauci\u00f3n<\/strong><\/td>\n<td>Ninguna<\/td>\n<\/tr>\n<tr>\n<td><strong>ADR \/ IMO \/ IATA<\/strong><\/td>\n<td>n.a<\/td>\n<\/tr>\n<\/tbody>\n<\/table>\n<div class=\"alert-yellow\" >\n<a href=\"https:\/\/www.gentrochema.nl\/es\/msds-manganese-carbonate\/\" rel=\"noopener noreferrer\">Haz click aqu\u00ed para acceder a la Ficha de Datos de Seguridad completa del producto<\/a><\/div>\n<div class=\"clearall\" ><\/div>\n\n<h2>Calidad<\/h2>\n<p>Nuestro Carbonato de Manganeso tiene un m\u00ednimo de 44 % Mn,con muy poco contenido met\u00e1lico. Tama\u00f1o min. 90 % &lt; 300 mesh<\/p>\n<h3>Regulaci\u00f3n REACH EC 1907\/2006<\/h3>\n<p id=\"tw-target-text\" class=\"tw-data-text tw-text-large tw-ta\" dir=\"ltr\" data-placeholder=\"Vertaling\" data-ved=\"2ahUKEwiUr76OhsuNAxX6hv0HHXhLNKYQ3ewLegQICRAV\" aria-label=\"Vertaalde tekst: \u00a1Gentrochema BV tiene un registro REACH completo para todas las aplicaciones conocidas!\"><span class=\"Y2IQFc\" lang=\"es\">\u00a1Gentrochema BV tiene un registro REACH completo para todas las aplicaciones conocidas!<\/span> <a href=\"http:\/\/echa.europa.eu\/nl\/brief-profile\/-\/briefprofile\/100.009.040\" rel=\"noopener noreferrer\">(ECHA website)<\/a><\/p>\n<div class=\"alert-yellow\" >\n<a href=\"https:\/\/www.gentrochema.nl\/es\/general-information\/\" rel=\"noopener noreferrer\">por favor haga clic aqu\u00ed para su oferta<\/a><\/div>\n<div class=\"clearall\" ><\/div>\n\n<h2>Transporte y embalaje<\/h2>\n<p class=\"p1\">Podemos suministrar nuestro Carbonato de manganeso desde nuestro stock el Holanda. El pedido m\u00ednimo es de 25 kg.\u00a0El embalaje estandar de nuestro Carbonato de manganeso es de bolsas de<span class=\"Apple-converted-space\">\u00a0 <\/span>25 kg con pe-liner. Cualquier otro embalaje es posible bajo solicitud.\u00a0Generalmente el plazo de env\u00edo es de 2-3 d\u00edas laborables, pero esto depende del pedido. Por supuesto, somos capaces de enviar a cualquier lugar del mundo.<\/p>\n<h3>Compra de substancias qu\u00edmicas de Gentrochema BV<\/h3>\n<p class=\"p1\">Compre Carbonato de manganeso en la red de venta de productos qu\u00edmicos al por mayor de Gentrochema. Gentrochema BV esta especializada en el comercio de productos qu\u00edmicos nicho en una escala global. Para poder comprar productos qu\u00edmicos de Gentrochema debe de tener 18 a\u00f1os o m\u00e1s y estar registrado como una empresa legal. Gentrochema<span class=\"Apple-converted-space\">\u00a0 <\/span>NO vende ning\u00fan producto qu\u00edmico a personas privadas.<\/p>\n<div class=\"alert-yellow\" >\n<a href=\"https:\/\/www.gentrochema.nl\/es\/general-conditions-of-sale\/\" rel=\"noopener noreferrer\"><span class=\"s1\">Haga<\/span> click aqu\u00ed para acceder a las condiciones de venta<\/a><\/div>\n<div class=\"clearall\" ><\/div>\n<\/p>","protected":false},"excerpt":{"rendered":"<p>Carbonato de Manganeso esta en stock. Exportamos el Carbonato de Manganeso satisfactoriamente por todo el mundo.\u00a0Por&#8230;<\/p>\n","protected":false},"author":8,"featured_media":0,"parent":0,"menu_order":0,"comment_status":"open","ping_status":"open","template":"","meta":{"footnotes":""},"categories":[4],"tags":[],"yst_prominent_words":[735,744,924,944],"class_list":["post-657","page","type-page","status-publish","hentry","category-products"],"_links":{"self":[{"href":"https:\/\/www.gentrochema.nl\/es\/wp-json\/wp\/v2\/pages\/657","targetHints":{"allow":["GET"]}}],"collection":[{"href":"https:\/\/www.gentrochema.nl\/es\/wp-json\/wp\/v2\/pages"}],"about":[{"href":"https:\/\/www.gentrochema.nl\/es\/wp-json\/wp\/v2\/types\/page"}],"author":[{"embeddable":true,"href":"https:\/\/www.gentrochema.nl\/es\/wp-json\/wp\/v2\/users\/8"}],"replies":[{"embeddable":true,"href":"https:\/\/www.gentrochema.nl\/es\/wp-json\/wp\/v2\/comments?post=657"}],"version-history":[{"count":6,"href":"https:\/\/www.gentrochema.nl\/es\/wp-json\/wp\/v2\/pages\/657\/revisions"}],"predecessor-version":[{"id":7081,"href":"https:\/\/www.gentrochema.nl\/es\/wp-json\/wp\/v2\/pages\/657\/revisions\/7081"}],"wp:attachment":[{"href":"https:\/\/www.gentrochema.nl\/es\/wp-json\/wp\/v2\/media?parent=657"}],"wp:term":[{"taxonomy":"category","embeddable":true,"href":"https:\/\/www.gentrochema.nl\/es\/wp-json\/wp\/v2\/categories?post=657"},{"taxonomy":"post_tag","embeddable":true,"href":"https:\/\/www.gentrochema.nl\/es\/wp-json\/wp\/v2\/tags?post=657"},{"taxonomy":"yst_prominent_words","embeddable":true,"href":"https:\/\/www.gentrochema.nl\/es\/wp-json\/wp\/v2\/yst_prominent_words?post=657"}],"curies":[{"name":"wp","href":"https:\/\/api.w.org\/{rel}","templated":true}]}}