{"id":646,"date":"2012-04-03T13:38:47","date_gmt":"2012-04-03T12:38:47","guid":{"rendered":"https:\/\/www.gentrochema.nl\/?p=646"},"modified":"2019-08-21T15:48:16","modified_gmt":"2019-08-21T14:48:16","slug":"chromium-oxide-green","status":"publish","type":"page","link":"https:\/\/www.gentrochema.nl\/es\/chromium-oxide-green\/","title":{"rendered":"Oxido de Cromo Verde"},"content":{"rendered":"<p>Oxido de Cromo verde o Chromium oxide green esta en stock. Exportamos el Oxido de Cromo Verde satisfactoriamente por todo el mundo.&nbsp;<a href=\"https:\/\/www.gentrochema.nl\/es\/general-information\/\" rel=\"noopener noreferrer\" lang=\"es&quot;\">Por favor haga clic aqu\u00ed para su oferta<\/a><\/p>\n<h2>Descripci\u00f3n del producto Oxido de Cromo verde<\/h2>\n<p>El Oxidi de Cromo Verde es tambi\u00e9n conocido como Cromo(III)oxido, &nbsp;de formula Cr<sub>2<\/sub>O<sub>3<\/sub><\/p>\n<h3>Informaci\u00f3n del producto<\/h3>\n<p>Cromo (III) oxido es un polvo fino verde. Es uno de los principlaes de oxidos de cromo y se usa como pigmento (en pinturas, tintas, ceramicas y cristales) y es un componente crucial&nbsp; en determinadas aplicaciones refractarias<\/p>\n<h3>Detalles del producto<\/h3>\n<p>| Cromo(III)oxido | N\u00famero CAS: 1308-38-9 | N\u00famero EC: 215-160-9 |<\/p>\n<h2>Informaci\u00f3n de seguridad<\/h2>\n<p>La substancia no cumple los criterios para ninguna de las clases o categorias de peligro dispuestas en el Anexo 1 de la Regulaci\u00f3n CLP (EC) No 1272\/2008 (no se debe considerar ni evaluar substancia PBT o vPvB). Por lo tanto, de acuerdo con el articulo 14(4) de la regulaci\u00f3n REACH, no es necesaria una evaluaci\u00f3n de la exposici\u00f3n.<\/p>\n<h3>Resumen de Ficha de Datos de Seguridad (FDS)<\/h3>\n<table style=\"width: 775px; height: 146px;\">\n<tbody>\n<tr>\n<td><strong>Palabra Clave<\/strong><\/td>\n<td>Ninguna<\/td>\n<\/tr>\n<tr>\n<td><strong>Indicadores de peligro<\/strong><\/td>\n<td>Ninguna<\/td>\n<\/tr>\n<tr>\n<td><strong>Indicadores de precauci\u00f3n<\/strong><\/td>\n<td>Ninguna<\/td>\n<\/tr>\n<tr>\n<td><strong>ADR \/ IMO \/ IATA<\/strong><\/td>\n<td>n.a<\/td>\n<\/tr>\n<\/tbody>\n<\/table>\n<div class=\"alert-yellow\" >\n<a href=\"https:\/\/www.gentrochema.nl\/es\/msds-chrome-oxide-green\/\" rel=\"noopener noreferrer\">Haz click aqu\u00ed para acceder a la Ficha de Datos de Seguridad completa del producto<\/a><\/div>\n<div class=\"clearall\" ><\/div>\n\n<h2>Calidad<\/h2>\n<p>Nuestro \u00d3xido de cromo verde tiene un m\u00ednimo de 99 % Cr2O3, con muy poco Cromo hexavalente(CrVI). Tama\u00f1o is 0 \u2013 45 micron<\/p>\n<h3>Regulaci\u00f3n REACH EC 1907\/2006<\/h3>\n<p>Gentrochema BV tiene el pre-registro REACH y la intenci\u00f3n de tener el registro completo en 2018.<\/p>\n<div class=\"alert-yellow\" >\n<a href=\"https:\/\/www.gentrochema.nl\/es\/general-information\/\" rel=\"noopener noreferrer\">por favor haga clic aqu\u00ed para su oferta<\/a><\/div>\n<div class=\"clearall\" ><\/div>\n\n<h2>Transporte y embalaje<\/h2>\n<p>Podemos suministrar nuestro oxido de cromo verde desde nuestro stock el Holanda. El pedido m\u00ednimo es de 25 kg.&nbsp;El embalaje estandar de nuestro oxido de cromo verde es de bolsas de 25 kg. Cualquier otro embalaje es posible bajo solicitud.&nbsp;Generalmente el plazo de env\u00edo es de 2-3 d\u00edas laborables, pero esto depende del pedido. Por supuesto, somos capaces de enviar a cualquier lugar del mundo.<\/p>\n<h3>Compra de substancias qu\u00edmicas de Gentrochema BV<\/h3>\n<p>Compre Oxido de Cromo Verde en la red de venta de productos qu\u00edmicos al por mayor de Gentrochema. Gentrochema BV esta especializada en el comercio de productos qu\u00edmicos nicho en una escala global. Para poder comprar productos qu\u00edmicos de Gentrochema debe de tener 18 a\u00f1os o m\u00e1s y estar registrado como una empresa legal. Gentrochema NO vende ning\u00fan producto qu\u00edmico a personas privadas.<\/p>\n<div class=\"alert-yellow\" >\n<a href=\"https:\/\/www.gentrochema.nl\/es\/general-conditions-of-sale\/\" rel=\"noopener noreferrer\">Haga click aqu\u00ed para acceder a las condiciones de venta<\/a><\/div>\n<div class=\"clearall\" ><\/div>\n<\/p>","protected":false},"excerpt":{"rendered":"<p>Oxido de Cromo verde o Chromium oxide green esta en stock. Exportamos el Oxido de Cromo&#8230;<\/p>\n","protected":false},"author":8,"featured_media":0,"parent":0,"menu_order":0,"comment_status":"open","ping_status":"open","template":"page_sidebar.php","meta":{"footnotes":""},"categories":[4],"tags":[231,236,232,230,226,228,227,233,235,234,229],"yst_prominent_words":[1232,1228,1224,1218,1281,1280,1229,1225,1219,1231,1227,1221,1211,1216,1222,1223,1217,1230,1226,1220],"class_list":["post-646","page","type-page","status-publish","hentry","category-products","tag-ceramics","tag-ceramique","tag-chrome-green","tag-chromium-sesquioxide","tag-chromiumiiioxide","tag-chroom-groen","tag-cr2o3","tag-dichromtrioxid","tag-keramik","tag-pigment","tag-vuurvaste-toepassingen"],"_links":{"self":[{"href":"https:\/\/www.gentrochema.nl\/es\/wp-json\/wp\/v2\/pages\/646","targetHints":{"allow":["GET"]}}],"collection":[{"href":"https:\/\/www.gentrochema.nl\/es\/wp-json\/wp\/v2\/pages"}],"about":[{"href":"https:\/\/www.gentrochema.nl\/es\/wp-json\/wp\/v2\/types\/page"}],"author":[{"embeddable":true,"href":"https:\/\/www.gentrochema.nl\/es\/wp-json\/wp\/v2\/users\/8"}],"replies":[{"embeddable":true,"href":"https:\/\/www.gentrochema.nl\/es\/wp-json\/wp\/v2\/comments?post=646"}],"version-history":[{"count":0,"href":"https:\/\/www.gentrochema.nl\/es\/wp-json\/wp\/v2\/pages\/646\/revisions"}],"wp:attachment":[{"href":"https:\/\/www.gentrochema.nl\/es\/wp-json\/wp\/v2\/media?parent=646"}],"wp:term":[{"taxonomy":"category","embeddable":true,"href":"https:\/\/www.gentrochema.nl\/es\/wp-json\/wp\/v2\/categories?post=646"},{"taxonomy":"post_tag","embeddable":true,"href":"https:\/\/www.gentrochema.nl\/es\/wp-json\/wp\/v2\/tags?post=646"},{"taxonomy":"yst_prominent_words","embeddable":true,"href":"https:\/\/www.gentrochema.nl\/es\/wp-json\/wp\/v2\/yst_prominent_words?post=646"}],"curies":[{"name":"wp","href":"https:\/\/api.w.org\/{rel}","templated":true}]}}