{"id":557,"date":"2012-04-03T11:28:44","date_gmt":"2012-04-03T10:28:44","guid":{"rendered":"https:\/\/www.gentrochema.nl\/?p=557"},"modified":"2020-06-05T16:30:34","modified_gmt":"2020-06-05T15:30:34","slug":"msds-potassium-ferricyanide","status":"publish","type":"page","link":"https:\/\/www.gentrochema.nl\/es\/msds-potassium-ferricyanide\/","title":{"rendered":"Fichas de Seguridad Ferricianuro Pot\u00e1sico"},"content":{"rendered":"<p class=\"qtranxs-available-languages-message qtranxs-available-languages-message-es\">Disculpa, pero esta entrada est\u00e1 disponible s\u00f3lo en <a href=\"https:\/\/www.gentrochema.nl\/en\/wp-json\/wp\/v2\/pages\/557\" class=\"qtranxs-available-language-link qtranxs-available-language-link-en\" title=\"English\">English<\/a>, <a href=\"https:\/\/www.gentrochema.nl\/nl\/wp-json\/wp\/v2\/pages\/557\" class=\"qtranxs-available-language-link qtranxs-available-language-link-nl\" title=\"Nederlands\">Nederlands<\/a>, <a href=\"https:\/\/www.gentrochema.nl\/fr\/wp-json\/wp\/v2\/pages\/557\" class=\"qtranxs-available-language-link qtranxs-available-language-link-fr\" title=\"Fran\u00e7ais\">Fran\u00e7ais<\/a> y <a href=\"https:\/\/www.gentrochema.nl\/de\/wp-json\/wp\/v2\/pages\/557\" class=\"qtranxs-available-language-link qtranxs-available-language-link-de\" title=\"Deutsch\">Deutsch<\/a>.<\/p>","protected":false},"excerpt":{"rendered":"<p>Disculpa, pero esta entrada est\u00e1 disponible s\u00f3lo en English, Nederlands, Fran\u00e7ais y Deutsch.<\/p>\n","protected":false},"author":8,"featured_media":0,"parent":0,"menu_order":0,"comment_status":"open","ping_status":"open","template":"","meta":{"footnotes":""},"categories":[8],"tags":[209,212,213,214],"yst_prominent_words":[1290],"class_list":["post-557","page","type-page","status-publish","hentry","category-msds","tag-fiche-de-donnees-de-securite-ferrocyanure-de-potassium","tag-material-safety-datasheet-potassium-ferricyanide","tag-sicherheitsdatenblatt-kaliumferricyanid","tag-veiligheidsinformatieblad-kaliumferricyanide"],"_links":{"self":[{"href":"https:\/\/www.gentrochema.nl\/es\/wp-json\/wp\/v2\/pages\/557","targetHints":{"allow":["GET"]}}],"collection":[{"href":"https:\/\/www.gentrochema.nl\/es\/wp-json\/wp\/v2\/pages"}],"about":[{"href":"https:\/\/www.gentrochema.nl\/es\/wp-json\/wp\/v2\/types\/page"}],"author":[{"embeddable":true,"href":"https:\/\/www.gentrochema.nl\/es\/wp-json\/wp\/v2\/users\/8"}],"replies":[{"embeddable":true,"href":"https:\/\/www.gentrochema.nl\/es\/wp-json\/wp\/v2\/comments?post=557"}],"version-history":[{"count":0,"href":"https:\/\/www.gentrochema.nl\/es\/wp-json\/wp\/v2\/pages\/557\/revisions"}],"wp:attachment":[{"href":"https:\/\/www.gentrochema.nl\/es\/wp-json\/wp\/v2\/media?parent=557"}],"wp:term":[{"taxonomy":"category","embeddable":true,"href":"https:\/\/www.gentrochema.nl\/es\/wp-json\/wp\/v2\/categories?post=557"},{"taxonomy":"post_tag","embeddable":true,"href":"https:\/\/www.gentrochema.nl\/es\/wp-json\/wp\/v2\/tags?post=557"},{"taxonomy":"yst_prominent_words","embeddable":true,"href":"https:\/\/www.gentrochema.nl\/es\/wp-json\/wp\/v2\/yst_prominent_words?post=557"}],"curies":[{"name":"wp","href":"https:\/\/api.w.org\/{rel}","templated":true}]}}