{"id":538,"date":"2012-04-03T11:12:51","date_gmt":"2012-04-03T10:12:51","guid":{"rendered":"https:\/\/www.gentrochema.nl\/?p=538"},"modified":"2019-07-15T13:06:21","modified_gmt":"2019-07-15T12:06:21","slug":"msds-chrome-oxide-green","status":"publish","type":"page","link":"https:\/\/www.gentrochema.nl\/es\/msds-chrome-oxide-green\/","title":{"rendered":"Fichas de Seguridad Oxido de Cromo Verde"},"content":{"rendered":"<p class=\"qtranxs-available-languages-message qtranxs-available-languages-message-es\">Disculpa, pero esta entrada est\u00e1 disponible s\u00f3lo en <a href=\"https:\/\/www.gentrochema.nl\/en\/wp-json\/wp\/v2\/pages\/538\" class=\"qtranxs-available-language-link qtranxs-available-language-link-en\" title=\"English\">English<\/a>, <a href=\"https:\/\/www.gentrochema.nl\/nl\/wp-json\/wp\/v2\/pages\/538\" class=\"qtranxs-available-language-link qtranxs-available-language-link-nl\" title=\"Nederlands\">Nederlands<\/a>, <a href=\"https:\/\/www.gentrochema.nl\/fr\/wp-json\/wp\/v2\/pages\/538\" class=\"qtranxs-available-language-link qtranxs-available-language-link-fr\" title=\"Fran\u00e7ais\">Fran\u00e7ais<\/a> y <a href=\"https:\/\/www.gentrochema.nl\/de\/wp-json\/wp\/v2\/pages\/538\" class=\"qtranxs-available-language-link qtranxs-available-language-link-de\" title=\"Deutsch\">Deutsch<\/a>.<\/p>","protected":false},"excerpt":{"rendered":"<p>Disculpa, pero esta entrada est\u00e1 disponible s\u00f3lo en English, Nederlands, Fran\u00e7ais y Deutsch.<\/p>\n","protected":false},"author":8,"featured_media":0,"parent":0,"menu_order":0,"comment_status":"open","ping_status":"open","template":"","meta":{"footnotes":""},"categories":[8],"tags":[207,204,205,206],"yst_prominent_words":[347,345,346,344],"class_list":["post-538","page","type-page","status-publish","hentry","category-msds","tag-fiche-de-donnees-de-securite-oxyde-de-chrome-vert","tag-material-safety-datasheet-chromium-oxide-green","tag-sicherheitsdatenblatt-chromoxid","tag-veiligheidsinformatieblad-chroomoxide-groen"],"_links":{"self":[{"href":"https:\/\/www.gentrochema.nl\/es\/wp-json\/wp\/v2\/pages\/538","targetHints":{"allow":["GET"]}}],"collection":[{"href":"https:\/\/www.gentrochema.nl\/es\/wp-json\/wp\/v2\/pages"}],"about":[{"href":"https:\/\/www.gentrochema.nl\/es\/wp-json\/wp\/v2\/types\/page"}],"author":[{"embeddable":true,"href":"https:\/\/www.gentrochema.nl\/es\/wp-json\/wp\/v2\/users\/8"}],"replies":[{"embeddable":true,"href":"https:\/\/www.gentrochema.nl\/es\/wp-json\/wp\/v2\/comments?post=538"}],"version-history":[{"count":0,"href":"https:\/\/www.gentrochema.nl\/es\/wp-json\/wp\/v2\/pages\/538\/revisions"}],"wp:attachment":[{"href":"https:\/\/www.gentrochema.nl\/es\/wp-json\/wp\/v2\/media?parent=538"}],"wp:term":[{"taxonomy":"category","embeddable":true,"href":"https:\/\/www.gentrochema.nl\/es\/wp-json\/wp\/v2\/categories?post=538"},{"taxonomy":"post_tag","embeddable":true,"href":"https:\/\/www.gentrochema.nl\/es\/wp-json\/wp\/v2\/tags?post=538"},{"taxonomy":"yst_prominent_words","embeddable":true,"href":"https:\/\/www.gentrochema.nl\/es\/wp-json\/wp\/v2\/yst_prominent_words?post=538"}],"curies":[{"name":"wp","href":"https:\/\/api.w.org\/{rel}","templated":true}]}}