{"id":50,"date":"2012-02-16T09:09:17","date_gmt":"2012-02-16T09:09:17","guid":{"rendered":"https:\/\/www.gentrochema.nl\/?p=50"},"modified":"2019-08-23T14:00:57","modified_gmt":"2019-08-23T13:00:57","slug":"msds","status":"publish","type":"page","link":"https:\/\/www.gentrochema.nl\/es\/msds\/","title":{"rendered":"Fichas de Seguridad e Higiene"},"content":{"rendered":"<p>Aqu\u00ed encontrar\u00e1s la Fichas de Seguridad e Higiene de todos nuestros productos en stock.<\/p>\n<p>Todas nuestras Fichas de Seguridad e higiene estar\u00e1n disponibles a lo largo de 2019, a la vez que ser\u00e1n actualizadas con regularidad.<\/p>\n<p>Las Fichas de Seguridad e Higiene cumplen con la normativa GHS, CLP y&nbsp; las directivas Europeas 1907\/2006 EC y 1272\/2008 EC.<\/p>\n<p>Las Fichas de Seguridad e Higiene est\u00e1n disponibles en 4 idiomas: Ingl\u00e9s, Alem\u00e1n, Franc\u00e9s, Espa\u00f1ol y Holand\u00e9s.<\/p>\n<ul>\n<li><a title=\"MSDS Chrome Oxide Green\" href=\"https:\/\/www.gentrochema.nl\/en\/msds-chrome-oxide-green\/\" rel=\"noopener noreferrer\">Oxido de Cromo Verde<\/a><\/li>\n<li><a title=\"MSDS Chromium Trioxide\" href=\"https:\/\/www.gentrochema.nl\/en\/msds-chromium-trioxide\/\" rel=\"noopener noreferrer\">Tri\u00f3xido de Cromo<\/a><\/li>\n<li><a title=\"MSDS Manganese Carbonate\" href=\"https:\/\/www.gentrochema.nl\/en\/msds-manganese-carbonate\/\" rel=\"noopener noreferrer\">Carbonato de Manganeso<\/a><\/li>\n<li><a title=\"MSDS Potasium Dichromate\" href=\"https:\/\/www.gentrochema.nl\/es\/msds-potassium-dichromate\/\" rel=\"noopener noreferrer\">Dicromato de Potasio<\/a><\/li>\n<li><a title=\"MSDS Potasium Ferricyanide\" href=\"https:\/\/www.gentrochema.nl\/en\/msds-potassium-ferricyanide\/\" rel=\"noopener noreferrer\">Ferricianuro Pot\u00e1sico<\/a><\/li>\n<li><a title=\"MSDS Potasium Ferrocyanide\" href=\"https:\/\/www.gentrochema.nl\/en\/msds-potassium-ferrocyanide\/\" rel=\"noopener noreferrer\">Ferrocianuro Pot\u00e1sico<\/a><\/li>\n<li><a title=\"MSDS Potasium Nitrite\" href=\"https:\/\/www.gentrochema.nl\/en\/msds-potassium-nitrite\/\" rel=\"noopener noreferrer\">Nitrito de Potasio<\/a><\/li>\n<li><a title=\"MSDS Sodium Dichromate\" href=\"https:\/\/www.gentrochema.nl\/es\/msds-sodium-dichromate\/\" rel=\"noopener noreferrer\">Dicromato S\u00f3dico<\/a><\/li>\n<li><a title=\"MSDS Sodium Ferrocyanide\" href=\"https:\/\/www.gentrochema.nl\/es\/msds-sodium-ferrocyanide\/\" rel=\"noopener noreferrer\">Ferrocianuro S\u00f3dico<\/a><\/li>\n<li><a href=\"https:\/\/www.gentrochema.nl\/en\/msds-thiourea\/\" rel=\"noopener noreferrer\">Tiourea<\/a><\/li>\n<\/ul>\n<p><\/p>","protected":false},"excerpt":{"rendered":"<p>Aqu\u00ed encontrar\u00e1s la Fichas de Seguridad e Higiene de todos nuestros productos en stock. Todas nuestras&#8230;<\/p>\n","protected":false},"author":8,"featured_media":0,"parent":0,"menu_order":0,"comment_status":"open","ping_status":"open","template":"","meta":{"footnotes":""},"categories":[1185],"tags":[],"yst_prominent_words":[1336,1338,1331,1329,1292,1339,1335,1330,1294,1299,1337,1333,1334,1332],"class_list":["post-50","page","type-page","status-publish","hentry","category-algemeen"],"_links":{"self":[{"href":"https:\/\/www.gentrochema.nl\/es\/wp-json\/wp\/v2\/pages\/50","targetHints":{"allow":["GET"]}}],"collection":[{"href":"https:\/\/www.gentrochema.nl\/es\/wp-json\/wp\/v2\/pages"}],"about":[{"href":"https:\/\/www.gentrochema.nl\/es\/wp-json\/wp\/v2\/types\/page"}],"author":[{"embeddable":true,"href":"https:\/\/www.gentrochema.nl\/es\/wp-json\/wp\/v2\/users\/8"}],"replies":[{"embeddable":true,"href":"https:\/\/www.gentrochema.nl\/es\/wp-json\/wp\/v2\/comments?post=50"}],"version-history":[{"count":0,"href":"https:\/\/www.gentrochema.nl\/es\/wp-json\/wp\/v2\/pages\/50\/revisions"}],"wp:attachment":[{"href":"https:\/\/www.gentrochema.nl\/es\/wp-json\/wp\/v2\/media?parent=50"}],"wp:term":[{"taxonomy":"category","embeddable":true,"href":"https:\/\/www.gentrochema.nl\/es\/wp-json\/wp\/v2\/categories?post=50"},{"taxonomy":"post_tag","embeddable":true,"href":"https:\/\/www.gentrochema.nl\/es\/wp-json\/wp\/v2\/tags?post=50"},{"taxonomy":"yst_prominent_words","embeddable":true,"href":"https:\/\/www.gentrochema.nl\/es\/wp-json\/wp\/v2\/yst_prominent_words?post=50"}],"curies":[{"name":"wp","href":"https:\/\/api.w.org\/{rel}","templated":true}]}}