{"id":44,"date":"2012-02-16T09:04:48","date_gmt":"2012-02-16T09:04:48","guid":{"rendered":"https:\/\/www.gentrochema.nl\/?p=44"},"modified":"2019-08-13T08:21:09","modified_gmt":"2019-08-13T07:21:09","slug":"gentrochema","status":"publish","type":"page","link":"https:\/\/www.gentrochema.nl\/es\/","title":{"rendered":"Bienvenidos! Les presentamos nuestra empresa"},"content":{"rendered":"<p>Gentrochema BV es una empresa con presencia internacional, enfocada en la comercializaci\u00f3n de productos QUIMICOS, que a lo largo de los a\u00f1os ha demostrado ser un partner de confianza de nuestros clientes\/proveedores repartidos por todo el mundo.<\/p>\n<p>Nuestra \u00e1rea de negocio se concentra principalmente en el sector industrial. Gentrochema BV est\u00e1 en una b\u00fasqueda constante de nuevas fuentes de suministro, de forma que podamos siempre garantizar precios competitivos en los materiales que nos solicitan nuestros clientes.&nbsp;<\/p>\n<p>Debido a que la mayor\u00eda de nuestros productos tienen de origen Rusia y China, mantenemos un stock de los mismos en nuestro almac\u00e9n de Holanda, desde el que ofrecemos a nuestros clientes un \u00f3ptimo servicio, donde se necesite y cuando se necesite.<\/p>\n<p>Desde nuestro almac\u00e9n situado en la zona industrial \u201cHazeldonk\u201d, en Breda, Holanda, nosotros cargamos y transportamos nuestros productos a multitud de destinos en toda Europa. Para los&nbsp;env\u00edos transoce\u00e1nicos, utilizamos los puertos Europeos de Amberes (Antwerp) y Rotterdam, desde los cuales podemos enviar con precios competitivos a cualquier parte del mundo, desde 25Kg, hasta cargas de contenedores completos.<\/p>\n<p>En cooperaci\u00f3n con nuestro proveedor log\u00edstico y almac\u00e9n (Loodet BV) podemos ofrecerles cualquier tipo de embalaje. Desde peque\u00f1os paquetes, bidones, sacos tipo Big Bag, en granel o una soluci\u00f3n a medida, todo es posible!<\/p>\n<p>Desde una posici\u00f3n abierta y comunicativa, trabajamos de forma constante para mejorar nuestro servicio y as\u00ed poder satisfacer las necesidades de nuestros clientes con soluciones flexibles.<\/p>\n<p>Gentrochema BV espera tener la oportunidad de poder darle asistencia y as\u00ed poder demostrarle que somos un proveedor de confianza de aquellos productos qu\u00edmicos que necesita.<\/p>\n<p>Muchas gracias!<\/p>","protected":false},"excerpt":{"rendered":"<p class=\"qtranxs-available-languages-message qtranxs-available-languages-message-es\">Disculpa, pero esta entrada est\u00e1 disponible s\u00f3lo en <a href=\"https:\/\/www.gentrochema.nl\/en\/wp-json\/wp\/v2\/pages\/44\" class=\"qtranxs-available-language-link qtranxs-available-language-link-en\" title=\"English\">English<\/a> y <a href=\"https:\/\/www.gentrochema.nl\/nl\/wp-json\/wp\/v2\/pages\/44\" class=\"qtranxs-available-language-link qtranxs-available-language-link-nl\" title=\"Nederlands\">Nederlands<\/a>.<\/p>\n","protected":false},"author":8,"featured_media":0,"parent":0,"menu_order":0,"comment_status":"open","ping_status":"open","template":"","meta":{"footnotes":""},"categories":[1185],"tags":[],"yst_prominent_words":[],"class_list":["post-44","page","type-page","status-publish","hentry","category-algemeen"],"_links":{"self":[{"href":"https:\/\/www.gentrochema.nl\/es\/wp-json\/wp\/v2\/pages\/44","targetHints":{"allow":["GET"]}}],"collection":[{"href":"https:\/\/www.gentrochema.nl\/es\/wp-json\/wp\/v2\/pages"}],"about":[{"href":"https:\/\/www.gentrochema.nl\/es\/wp-json\/wp\/v2\/types\/page"}],"author":[{"embeddable":true,"href":"https:\/\/www.gentrochema.nl\/es\/wp-json\/wp\/v2\/users\/8"}],"replies":[{"embeddable":true,"href":"https:\/\/www.gentrochema.nl\/es\/wp-json\/wp\/v2\/comments?post=44"}],"version-history":[{"count":0,"href":"https:\/\/www.gentrochema.nl\/es\/wp-json\/wp\/v2\/pages\/44\/revisions"}],"wp:attachment":[{"href":"https:\/\/www.gentrochema.nl\/es\/wp-json\/wp\/v2\/media?parent=44"}],"wp:term":[{"taxonomy":"category","embeddable":true,"href":"https:\/\/www.gentrochema.nl\/es\/wp-json\/wp\/v2\/categories?post=44"},{"taxonomy":"post_tag","embeddable":true,"href":"https:\/\/www.gentrochema.nl\/es\/wp-json\/wp\/v2\/tags?post=44"},{"taxonomy":"yst_prominent_words","embeddable":true,"href":"https:\/\/www.gentrochema.nl\/es\/wp-json\/wp\/v2\/yst_prominent_words?post=44"}],"curies":[{"name":"wp","href":"https:\/\/api.w.org\/{rel}","templated":true}]}}