{"id":2818,"date":"2014-08-25T12:37:58","date_gmt":"2014-08-25T11:37:58","guid":{"rendered":"https:\/\/www.gentrochema.nl\/\/?p=2818"},"modified":"2026-05-13T13:41:56","modified_gmt":"2026-05-13T12:41:56","slug":"thiourea","status":"publish","type":"page","link":"https:\/\/www.gentrochema.nl\/es\/thiourea\/","title":{"rendered":"Tiourea"},"content":{"rendered":"<p><\/p>\n<h1 data-section-id=\"1t322qb\" data-start=\"0\" data-end=\"42\"><span role=\"text\"><strong data-start=\"2\" data-end=\"42\">Tiourea (CH\u2084N\u2082S) Proveedor en Europa<\/strong><\/span><\/h1>\n<div class=\"TyagGW_tableContainer\">\n<div class=\"group TyagGW_tableWrapper flex flex-col-reverse w-fit\">\n<table class=\"w-fit min-w-(--thread-content-width)\" data-start=\"44\" data-end=\"162\">\n<thead data-start=\"44\" data-end=\"72\">\n<tr data-start=\"44\" data-end=\"72\">\n<th class=\"last:pe-10\" data-start=\"44\" data-end=\"61\" data-col-size=\"sm\">Nombre qu\u00edmico<\/th>\n<th class=\"last:pe-10\" data-start=\"61\" data-end=\"72\" data-col-size=\"sm\">Tiourea<\/th>\n<\/tr>\n<\/thead>\n<tbody data-start=\"83\" data-end=\"162\">\n<tr data-start=\"83\" data-end=\"111\">\n<td data-start=\"83\" data-end=\"101\" data-col-size=\"sm\">F\u00f3rmula qu\u00edmica<\/td>\n<td data-start=\"101\" data-end=\"111\" data-col-size=\"sm\">CH\u2084N\u2082S<\/td>\n<\/tr>\n<tr data-start=\"112\" data-end=\"136\">\n<td data-start=\"112\" data-end=\"125\" data-col-size=\"sm\">N\u00famero CAS<\/td>\n<td data-start=\"125\" data-end=\"136\" data-col-size=\"sm\">62-56-6<\/td>\n<\/tr>\n<tr data-start=\"137\" data-end=\"162\">\n<td data-start=\"137\" data-end=\"149\" data-col-size=\"sm\">N\u00famero CE<\/td>\n<td data-start=\"149\" data-end=\"162\" data-col-size=\"sm\">200-543-5<\/td>\n<\/tr>\n<\/tbody>\n<\/table>\n<\/div>\n<\/div>\n<p data-start=\"164\" data-end=\"551\">Gentrochema es un proveedor europeo fiable de <strong data-start=\"210\" data-end=\"230\">tiourea (CH\u2084N\u2082S)<\/strong>, un compuesto org\u00e1nico azufrado de alta pureza ampliamente utilizado en aplicaciones industriales, qu\u00edmicas, mineras y t\u00e9cnicas. Ofrecemos una calidad constante, suministro conforme con REACH y soluciones log\u00edsticas eficientes en toda Europa para clientes que requieren un abastecimiento fiable y cumplimiento normativo.<\/p>\n<h2 data-section-id=\"8to0ci\" data-start=\"553\" data-end=\"575\">\u00bfQu\u00e9 es la tiourea?<\/h2>\n<p data-start=\"577\" data-end=\"861\">La tiourea, con f\u00f3rmula qu\u00edmica <strong data-start=\"609\" data-end=\"619\">CH\u2084N\u2082S<\/strong>, es un compuesto cristalino blanco f\u00e1cilmente soluble en agua y alcohol. Qu\u00edmicamente est\u00e1 relacionada con la urea, donde el \u00e1tomo de ox\u00edgeno ha sido sustituido por azufre, otorgando a la tiourea propiedades reductoras y complejantes \u00fanicas.<\/p>\n<p data-start=\"863\" data-end=\"1080\">Gracias a su comportamiento qu\u00edmico vers\u00e1til, la tiourea se utiliza ampliamente como intermediario qu\u00edmico, agente reductor, reactivo de flotaci\u00f3n y componente qu\u00edmico especializado en numerosos sectores industriales.<\/p>\n<h2 data-section-id=\"1r1rr77\" data-start=\"1082\" data-end=\"1111\">Aplicaciones de la tiourea<\/h2>\n<p data-start=\"1113\" data-end=\"1431\">La tiourea se utiliza en una amplia gama de aplicaciones industriales y t\u00e9cnicas. En la industria minera, se emplea como <strong data-start=\"1234\" data-end=\"1282\">agente de lixiviaci\u00f3n para metales preciosos<\/strong>, especialmente en procesos de extracci\u00f3n de oro y plata, donde sirve como alternativa a tecnolog\u00edas basadas en cianuro en determinadas aplicaciones.<\/p>\n<p data-start=\"1433\" data-end=\"1729\">En galvanoplastia y tratamiento superficial de metales, la tiourea se utiliza en formulaciones de pulido y acabado de metales, especialmente para plata y metales preciosos. Tambi\u00e9n se utiliza en sistemas inhibidores de corrosi\u00f3n y productos qu\u00edmicos especializados para el tratamiento de metales.<\/p>\n<p data-start=\"1731\" data-end=\"2023\">En la industria qu\u00edmica, la tiourea act\u00faa como un importante intermediario en la s\u00edntesis de resinas, productos farmac\u00e9uticos, agroqu\u00edmicos y compuestos org\u00e1nicos sulfurados. Adem\u00e1s, la tiourea se utiliza en el procesamiento textil, productos qu\u00edmicos fotogr\u00e1ficos y reactivos de laboratorio.<\/p>\n<p data-start=\"2025\" data-end=\"2278\">La tiourea tambi\u00e9n se aplica en la producci\u00f3n de <strong data-start=\"2074\" data-end=\"2160\">retardantes de llama, aceleradores de vulcanizaci\u00f3n y catalizadores especializados<\/strong>, donde la qu\u00edmica del azufre desempe\u00f1a un papel clave en el rendimiento del producto y la eficiencia de los procesos.<\/p>\n<h2 data-section-id=\"1ivogf1\" data-start=\"2280\" data-end=\"2305\">Regulaci\u00f3n y Seguridad<\/h2>\n<p data-start=\"2307\" data-end=\"2583\">La tiourea debe manipularse de acuerdo con los procedimientos est\u00e1ndar de seguridad qu\u00edmica industrial. Se recomienda el uso de equipos de protecci\u00f3n personal adecuados, incluidos guantes, ropa de protecci\u00f3n, gafas de seguridad y ventilaci\u00f3n apropiada durante la manipulaci\u00f3n.<\/p>\n<p data-start=\"2585\" data-end=\"2722\">La sustancia debe almacenarse en un lugar seco, fresco y bien ventilado, alejada de materiales incompatibles y agentes oxidantes fuertes.<\/p>\n<p data-start=\"2724\" data-end=\"2783\">Para fines de transporte, la tiourea est\u00e1 clasificada como:<\/p>\n<ul data-start=\"2785\" data-end=\"2881\">\n<li data-section-id=\"u4hdw0\" data-start=\"2785\" data-end=\"2798\"><strong data-start=\"2787\" data-end=\"2798\">UN 3077<\/strong><\/li>\n<li data-section-id=\"vslwxo\" data-start=\"2799\" data-end=\"2863\"><strong data-start=\"2801\" data-end=\"2863\">Sustancia peligrosa para el medio ambiente, s\u00f3lida, N.E.P.<\/strong><\/li>\n<li data-section-id=\"x1a8n2\" data-start=\"2864\" data-end=\"2881\"><strong data-start=\"2866\" data-end=\"2881\">Clase ADR 9<\/strong><\/li>\n<\/ul>\n<p data-start=\"2883\" data-end=\"3057\">Por lo tanto, el producto debe transportarse y manipularse de acuerdo con las regulaciones ADR y normativas internacionales aplicables al transporte de mercanc\u00edas peligrosas.<\/p>\n<p data-start=\"3059\" data-end=\"3158\">La tiourea suministrada por Gentrochema cumple plenamente con el <strong data-start=\"3124\" data-end=\"3157\">Reglamento REACH CE 1907\/2006<\/strong>.<\/p>\n<p data-start=\"3160\" data-end=\"3280\"><strong data-start=\"3160\" data-end=\"3280\">Gentrochema BV dispone de un registro REACH completo que cubre todos los usos identificados conocidos de la tiourea.<\/strong><\/p>\n<h2 data-section-id=\"1bkb8xc\" data-start=\"3282\" data-end=\"3305\">Embalaje y Log\u00edstica<\/h2>\n<p data-start=\"3307\" data-end=\"3576\">La tiourea se suministra en envases industriales adecuados, dise\u00f1ados para una manipulaci\u00f3n y transporte seguros conforme a la normativa vigente. La cantidad m\u00ednima de pedido es de <strong data-start=\"3488\" data-end=\"3497\">25 kg<\/strong>, con opciones de embalaje adecuadas para aplicaciones industriales y t\u00e9cnicas.<\/p>\n<p data-start=\"3578\" data-end=\"3686\"><strong data-start=\"3578\" data-end=\"3686\">La tiourea est\u00e1 disponible para entrega en toda Europa, con suministro global disponible bajo solicitud.<\/strong><\/p>\n<h2 data-section-id=\"63mtde\" data-start=\"3688\" data-end=\"3719\">\u00bfPor qu\u00e9 elegir Gentrochema?<\/h2>\n<p data-start=\"3721\" data-end=\"4039\">Gentrochema garantiza que la tiourea se suministra conforme a estrictos est\u00e1ndares de calidad y seguridad. Como <strong data-start=\"3833\" data-end=\"3863\">proveedor registrado REACH<\/strong>, garantizamos el pleno cumplimiento de la legislaci\u00f3n qu\u00edmica europea y ofrecemos a nuestros clientes confianza en la trazabilidad del producto y la fiabilidad del suministro.<\/p>\n<p data-start=\"4041\" data-end=\"4315\">Al elegir Gentrochema, usted se beneficia de un proveedor europeo de productos qu\u00edmicos fiable, con calidad constante, precios competitivos y un servicio orientado al cliente. Nuestro equipo est\u00e1 comprometido con soluciones log\u00edsticas fiables y colaboraciones a largo plazo.<\/p>\n<h2 data-section-id=\"19owumw\" data-start=\"4317\" data-end=\"4341\">Solicitar presupuesto<\/h2>\n<p data-start=\"4343\" data-end=\"4580\">Para m\u00e1s informaci\u00f3n, especificaciones t\u00e9cnicas o una solicitud de presupuesto para tiourea, no dude en ponerse en contacto con nuestro equipo. Estaremos encantados de ayudarle con respuestas r\u00e1pidas y soluciones de suministro flexibles.<\/p>\n<p data-start=\"4582\" data-end=\"4628\" data-is-last-node=\"\" data-is-only-node=\"\">&#x1f449; <a class=\"decorated-link cursor-pointer\" rel=\"noopener\" data-start=\"4585\" data-end=\"4604\">info@gentrochema.nl<\/a><br data-start=\"4604\" data-end=\"4607\" \/>&#x1f449; <a class=\"decorated-link\" href=\"http:\/\/www.gentrochema.nl\/\" target=\"_new\" rel=\"noopener\" data-start=\"4610\" data-end=\"4628\" data-is-last-node=\"\">www.gentrochema.nl<\/a><\/p>\n<p><span style=\"font-size: 1rem\"><div class=\"alert-yellow\" >\n<\/span><a style=\"font-size: 1rem\" href=\"https:\/\/www.gentrochema.nl\/\/es\/general-conditions-of-sale\/\" rel=\"noopener noreferrer\"> Haga click aqu\u00ed para acceder a las condiciones de venta.<\/div>\n<div class=\"clearall\" ><\/div>\n<\/a><\/p>","protected":false},"excerpt":{"rendered":"<p>Tiourea (CH\u2084N\u2082S) Proveedor en Europa Nombre qu\u00edmico Tiourea F\u00f3rmula qu\u00edmica CH\u2084N\u2082S N\u00famero CAS 62-56-6 N\u00famero CE&#8230;<\/p>\n","protected":false},"author":2,"featured_media":0,"parent":0,"menu_order":0,"comment_status":"closed","ping_status":"closed","template":"","meta":{"footnotes":""},"categories":[4],"tags":[274,261,271,343,284,342,339,273,266,341,318,297],"yst_prominent_words":[1289,1331,1335],"class_list":["post-2818","page","type-page","status-publish","hentry","category-products","tag-fluides-metalliques","tag-fotografie","tag-fotoindustrie","tag-industrie-textile","tag-metaalveredeling","tag-metallveredelung","tag-photographic","tag-photographique","tag-surface-treatment","tag-textile-industry","tag-traitement-surface","tag-tratamiento-de-metals"],"_links":{"self":[{"href":"https:\/\/www.gentrochema.nl\/es\/wp-json\/wp\/v2\/pages\/2818","targetHints":{"allow":["GET"]}}],"collection":[{"href":"https:\/\/www.gentrochema.nl\/es\/wp-json\/wp\/v2\/pages"}],"about":[{"href":"https:\/\/www.gentrochema.nl\/es\/wp-json\/wp\/v2\/types\/page"}],"author":[{"embeddable":true,"href":"https:\/\/www.gentrochema.nl\/es\/wp-json\/wp\/v2\/users\/2"}],"replies":[{"embeddable":true,"href":"https:\/\/www.gentrochema.nl\/es\/wp-json\/wp\/v2\/comments?post=2818"}],"version-history":[{"count":10,"href":"https:\/\/www.gentrochema.nl\/es\/wp-json\/wp\/v2\/pages\/2818\/revisions"}],"predecessor-version":[{"id":7108,"href":"https:\/\/www.gentrochema.nl\/es\/wp-json\/wp\/v2\/pages\/2818\/revisions\/7108"}],"wp:attachment":[{"href":"https:\/\/www.gentrochema.nl\/es\/wp-json\/wp\/v2\/media?parent=2818"}],"wp:term":[{"taxonomy":"category","embeddable":true,"href":"https:\/\/www.gentrochema.nl\/es\/wp-json\/wp\/v2\/categories?post=2818"},{"taxonomy":"post_tag","embeddable":true,"href":"https:\/\/www.gentrochema.nl\/es\/wp-json\/wp\/v2\/tags?post=2818"},{"taxonomy":"yst_prominent_words","embeddable":true,"href":"https:\/\/www.gentrochema.nl\/es\/wp-json\/wp\/v2\/yst_prominent_words?post=2818"}],"curies":[{"name":"wp","href":"https:\/\/api.w.org\/{rel}","templated":true}]}}