{"id":126,"date":"2012-02-16T09:55:42","date_gmt":"2012-02-16T09:55:42","guid":{"rendered":"https:\/\/www.gentrochema.nl\/?p=126"},"modified":"2026-05-14T10:27:12","modified_gmt":"2026-05-14T09:27:12","slug":"contact","status":"publish","type":"page","link":"https:\/\/www.gentrochema.nl\/es\/contact\/","title":{"rendered":"Contact"},"content":{"rendered":"<p><\/p>\n<h1 data-section-id=\"17idez2\" data-start=\"0\" data-end=\"22\">Contacto Gentrochema<\/h1>\n<h2 data-section-id=\"1tqugv7\" data-start=\"24\" data-end=\"46\">Oficina &amp; Log\u00edstica<\/h2>\n<h3 data-section-id=\"nwt3zp\" data-start=\"48\" data-end=\"68\">Gentrochema BV<\/h3>\n<p data-start=\"69\" data-end=\"113\">Lage Ham 190<br data-start=\"81\" data-end=\"84\" \/>5102 AE Dongen<br data-start=\"98\" data-end=\"101\" \/>Pa\u00edses Bajos<\/p>\n<hr data-start=\"115\" data-end=\"118\" \/>\n<h2 data-section-id=\"13t7vrg\" data-start=\"120\" data-end=\"146\">Informaci\u00f3n de Contacto<\/h2>\n<p data-start=\"148\" data-end=\"182\">&#x1f4de; Tel\u00e9fono<br data-start=\"159\" data-end=\"162\" \/>&#x1f449; +31 (0)162 249020<\/p>\n<p data-start=\"184\" data-end=\"218\">&#x1f4e7; E-mail<br data-start=\"193\" data-end=\"196\" \/>&#x1f449; <a class=\"decorated-link cursor-pointer\" href=\"mailto:info@gentrochema.nl\" rel=\"noopener\" data-start=\"199\" data-end=\"218\">info@gentrochema.nl<\/a><\/p>\n<p data-start=\"220\" data-end=\"256\">&#x1f310; Sitio web<br data-start=\"232\" data-end=\"235\" \/>&#x1f449; <a class=\"decorated-link\" href=\"http:\/\/www.gentrochema.nl\/\" target=\"_new\" rel=\"noopener\" data-start=\"238\" data-end=\"256\">www.gentrochema.nl<\/a><\/p>\n<p data-start=\"258\" data-end=\"319\">Director General<br data-start=\"274\" data-end=\"277\" \/>&#x1f449; Sr. Wim van Loon<br data-start=\"296\" data-end=\"299\" \/>&#x1f4e7; <a class=\"decorated-link\" href=\"mailto:wl@gentrochema.nl\" rel=\"noopener\" data-start=\"302\" data-end=\"319\">wl@gentrochema.nl<\/a><\/p>\n<hr data-start=\"321\" data-end=\"324\" \/>\n<h2 data-section-id=\"uf7zu\" data-start=\"326\" data-end=\"355\">Almacenamiento &amp; Log\u00edstica<\/h2>\n<p data-start=\"357\" data-end=\"775\">Gentrochema trabaja junto con socios log\u00edsticos y de almacenamiento estrat\u00e9gicamente ubicados en los Pa\u00edses Bajos, incluyendo instalaciones cerca del Puerto de R\u00f3terdam, Hazeldonk y los principales corredores de transporte europeos. Esto nos permite ofrecer distribuci\u00f3n eficiente en Europa, capacidad de almacenamiento flexible y una gesti\u00f3n fiable de importaciones y exportaciones de productos qu\u00edmicos industriales.<\/p>\n<p data-start=\"777\" data-end=\"882\">Nuestra red log\u00edstica incluye instalaciones de almacenamiento y distribuci\u00f3n operadas en cooperaci\u00f3n con:<\/p>\n<h3 data-section-id=\"1p2hmvf\" data-start=\"884\" data-end=\"899\">LOODET BV<\/h3>\n<p data-start=\"900\" data-end=\"955\">Hazeldonk 6803<br data-start=\"914\" data-end=\"917\" \/>4836 LK Breda-Hazeldonk<br data-start=\"940\" data-end=\"943\" \/>Pa\u00edses Bajos<\/p>\n<hr data-start=\"957\" data-end=\"960\" \/>\n<h3 data-section-id=\"7fa37d\" data-start=\"962\" data-end=\"995\">MARO Forwarding &amp; Logistics BV<\/h3>\n<p data-start=\"996\" data-end=\"1053\">Ambachtsstraat 2<br data-start=\"1012\" data-end=\"1015\" \/>3284 XW Zuid-Beijerland<br data-start=\"1038\" data-end=\"1041\" \/>Pa\u00edses Bajos<\/p>\n<hr data-start=\"1055\" data-end=\"1058\" \/>\n<h3 data-section-id=\"40nwed\" data-start=\"1060\" data-end=\"1079\">CTG Logistics BV<\/h3>\n<p data-start=\"1080\" data-end=\"1156\">Propaanweg 53<br data-start=\"1093\" data-end=\"1096\" \/>3196 KH Vondelingenplaat (Puerto de R\u00f3terdam)<br data-start=\"1141\" data-end=\"1144\" \/>Pa\u00edses Bajos<\/p>\n<p data-start=\"1158\" data-end=\"1159\">y<\/p>\n<p data-start=\"1161\" data-end=\"1236\">Butaanweg 5A<br data-start=\"1173\" data-end=\"1176\" \/>3196 KC Vondelingenplaat (Puerto de R\u00f3terdam)<br data-start=\"1221\" data-end=\"1224\" \/>Pa\u00edses Bajos<\/p>\n<hr data-start=\"1238\" data-end=\"1241\" \/>\n<p data-start=\"1243\" data-end=\"1326\">A trav\u00e9s de estos centros log\u00edsticos estrat\u00e9gicamente ubicados, Gentrochema ofrece:<\/p>\n<ul data-start=\"1328\" data-end=\"1558\">\n<li data-section-id=\"1ihm490\" data-start=\"1328\" data-end=\"1372\">Distribuci\u00f3n europea de productos qu\u00edmicos<\/li>\n<li data-section-id=\"1uu2qss\" data-start=\"1373\" data-end=\"1413\">Log\u00edstica de importaci\u00f3n y exportaci\u00f3n<\/li>\n<li data-section-id=\"15h0bjj\" data-start=\"1414\" data-end=\"1439\">Gesti\u00f3n de contenedores<\/li>\n<li data-section-id=\"qay4rm\" data-start=\"1440\" data-end=\"1480\">Soluciones de transporte conformes ADR<\/li>\n<li data-section-id=\"p91fn7\" data-start=\"1481\" data-end=\"1508\">Almacenamiento industrial<\/li>\n<li data-section-id=\"23vyb2\" data-start=\"1509\" data-end=\"1558\">Soluciones flexibles de embalaje y paletizaci\u00f3n<\/li>\n<\/ul>\n<p data-start=\"1560\" data-end=\"1659\">Nuestra red de almacenes permite entregas fiables en toda Europa y env\u00edos mundiales bajo solicitud.<\/p>\n<hr data-start=\"1661\" data-end=\"1664\" \/>\n<h2 data-section-id=\"10wnrtf\" data-start=\"1666\" data-end=\"1694\">Informaci\u00f3n de la Empresa<\/h2>\n<p data-start=\"1696\" data-end=\"1729\">N\u00famero de IVA<br data-start=\"1709\" data-end=\"1712\" \/>&#x1f449; NL806207735B01<\/p>\n<p data-start=\"1731\" data-end=\"1779\">N\u00famero de C\u00e1mara de Comercio (KvK)<br data-start=\"1765\" data-end=\"1768\" \/>&#x1f449; 20086731<\/p>\n<hr data-start=\"1781\" data-end=\"1784\" \/>\n<h2 data-section-id=\"1mn52a8\" data-start=\"1786\" data-end=\"1824\">Solicitar Informaci\u00f3n o Presupuesto<\/h2>\n<p data-start=\"1826\" data-end=\"2048\">Para informaci\u00f3n sobre productos, especificaciones t\u00e9cnicas, precios, posibilidades log\u00edsticas o consultas generales, utilice nuestro <a href=\"https:\/\/www.gentrochema.nl\/en\/general-information\/\">formulario de contacto<\/a> o contacte directamente con nuestro equipo por e-mail o tel\u00e9fono.<\/p>\n<p data-start=\"2050\" data-end=\"2159\" data-is-last-node=\"\" data-is-only-node=\"\">Estaremos encantados de ayudarle con soluciones fiables de suministro qu\u00edmico y tiempos de respuesta r\u00e1pidos.<\/p>\n<p><\/p>","protected":false},"excerpt":{"rendered":"<p>Contacto Gentrochema Oficina &amp; Log\u00edstica Gentrochema BV Lage Ham 1905102 AE DongenPa\u00edses Bajos Informaci\u00f3n de Contacto&#8230;<\/p>\n","protected":false},"author":8,"featured_media":0,"parent":0,"menu_order":0,"comment_status":"open","ping_status":"open","template":"","meta":{"footnotes":""},"categories":[22],"tags":[],"yst_prominent_words":[1163,924,1287,1334],"class_list":["post-126","page","type-page","status-publish","hentry","category-contact"],"_links":{"self":[{"href":"https:\/\/www.gentrochema.nl\/es\/wp-json\/wp\/v2\/pages\/126","targetHints":{"allow":["GET"]}}],"collection":[{"href":"https:\/\/www.gentrochema.nl\/es\/wp-json\/wp\/v2\/pages"}],"about":[{"href":"https:\/\/www.gentrochema.nl\/es\/wp-json\/wp\/v2\/types\/page"}],"author":[{"embeddable":true,"href":"https:\/\/www.gentrochema.nl\/es\/wp-json\/wp\/v2\/users\/8"}],"replies":[{"embeddable":true,"href":"https:\/\/www.gentrochema.nl\/es\/wp-json\/wp\/v2\/comments?post=126"}],"version-history":[{"count":10,"href":"https:\/\/www.gentrochema.nl\/es\/wp-json\/wp\/v2\/pages\/126\/revisions"}],"predecessor-version":[{"id":7154,"href":"https:\/\/www.gentrochema.nl\/es\/wp-json\/wp\/v2\/pages\/126\/revisions\/7154"}],"wp:attachment":[{"href":"https:\/\/www.gentrochema.nl\/es\/wp-json\/wp\/v2\/media?parent=126"}],"wp:term":[{"taxonomy":"category","embeddable":true,"href":"https:\/\/www.gentrochema.nl\/es\/wp-json\/wp\/v2\/categories?post=126"},{"taxonomy":"post_tag","embeddable":true,"href":"https:\/\/www.gentrochema.nl\/es\/wp-json\/wp\/v2\/tags?post=126"},{"taxonomy":"yst_prominent_words","embeddable":true,"href":"https:\/\/www.gentrochema.nl\/es\/wp-json\/wp\/v2\/yst_prominent_words?post=126"}],"curies":[{"name":"wp","href":"https:\/\/api.w.org\/{rel}","templated":true}]}}