{"id":704,"date":"2012-04-03T14:28:29","date_gmt":"2012-04-03T13:28:29","guid":{"rendered":"https:\/\/www.gentrochema.nl\/?p=704"},"modified":"2026-05-14T14:51:29","modified_gmt":"2026-05-14T13:51:29","slug":"sodium-dichromate","status":"publish","type":"page","link":"https:\/\/www.gentrochema.nl\/de\/sodium-dichromate\/","title":{"rendered":"Natriumdichromat"},"content":{"rendered":"<p><\/p>\n<h1 data-section-id=\"wt60pb\" data-start=\"0\" data-end=\"87\"><span role=\"text\"><strong data-start=\"2\" data-end=\"87\">Natriumdichromat (Na\u2082Cr\u2082O\u2087) Lieferant f\u00fcr Nicht-EU-M\u00e4rkte &amp; Autorisierte Anwender<\/strong><\/span><\/h1>\n<div class=\"TyagGW_tableContainer\">\n<div class=\"group TyagGW_tableWrapper flex flex-col-reverse w-fit\">\n<table class=\"w-fit min-w-(--thread-content-width)\" data-start=\"89\" data-end=\"370\">\n<thead data-start=\"89\" data-end=\"146\">\n<tr data-start=\"89\" data-end=\"146\">\n<th class=\"last:pe-10\" data-start=\"89\" data-end=\"113\" data-col-size=\"sm\">Chemische Bezeichnung<\/th>\n<th class=\"last:pe-10\" data-start=\"113\" data-end=\"146\" data-col-size=\"md\">Natriumdichromat (wasserfrei)<\/th>\n<\/tr>\n<\/thead>\n<tbody data-start=\"157\" data-end=\"370\">\n<tr data-start=\"157\" data-end=\"188\">\n<td data-start=\"157\" data-end=\"176\" data-col-size=\"sm\">Chemische Formel<\/td>\n<td data-col-size=\"md\" data-start=\"176\" data-end=\"188\">Na\u2082Cr\u2082O\u2087<\/td>\n<\/tr>\n<tr data-start=\"189\" data-end=\"216\">\n<td data-start=\"189\" data-end=\"202\" data-col-size=\"sm\">CAS-Nummer<\/td>\n<td data-col-size=\"md\" data-start=\"202\" data-end=\"216\">10588-01-9<\/td>\n<\/tr>\n<tr data-start=\"217\" data-end=\"242\">\n<td data-start=\"217\" data-end=\"229\" data-col-size=\"sm\">EG-Nummer<\/td>\n<td data-col-size=\"md\" data-start=\"229\" data-end=\"242\">234-190-3<\/td>\n<\/tr>\n<tr data-start=\"243\" data-end=\"266\">\n<td data-start=\"243\" data-end=\"255\" data-col-size=\"sm\">UN-Nummer<\/td>\n<td data-start=\"255\" data-end=\"266\" data-col-size=\"md\">UN 3087<\/td>\n<\/tr>\n<tr data-start=\"267\" data-end=\"343\">\n<td data-start=\"267\" data-end=\"289\" data-col-size=\"sm\">ADR-Klassifizierung<\/td>\n<td data-start=\"289\" data-end=\"343\" data-col-size=\"md\">Klasse 5.1 \/ 6.1 \u2013 Oxidierender giftiger Feststoff<\/td>\n<\/tr>\n<tr data-start=\"344\" data-end=\"370\">\n<td data-start=\"344\" data-end=\"364\" data-col-size=\"sm\">Verpackungsgruppe<\/td>\n<td data-col-size=\"md\" data-start=\"364\" data-end=\"370\">II<\/td>\n<\/tr>\n<\/tbody>\n<\/table>\n<\/div>\n<\/div>\n<p data-start=\"372\" data-end=\"572\">Gentrochema liefert <strong data-start=\"392\" data-end=\"423\">Natriumdichromat (Na\u2082Cr\u2082O\u2087)<\/strong> ausschlie\u00dflich unter bestimmten regulatorischen Bedingungen und gem\u00e4\u00df der geltenden internationalen Chemikalien- und Gefahrguttransportgesetzgebung.<\/p>\n<p data-start=\"574\" data-end=\"836\">Natriumdichromat ist eine sechswertige Chromverbindung (Cr VI), die in <strong data-start=\"645\" data-end=\"683\">REACH Anhang XIV (Zulassungsliste)<\/strong>aufgef\u00fchrt ist und innerhalb der Europ\u00e4ischen Union als <strong data-start=\"740\" data-end=\"781\">Substance of Very High Concern (SVHC)<\/strong> eingestuft wird.<\/p>\n<h2 data-section-id=\"1g2753q\" data-start=\"838\" data-end=\"863\">Regulatorischer Status<\/h2>\n<p data-start=\"865\" data-end=\"951\">Gentrochema BV verf\u00fcgt nicht \u00fcber eine aktive EU-REACH-Zulassung f\u00fcr Natriumdichromat.<\/p>\n<p data-start=\"953\" data-end=\"1042\">Daher kann Gentrochema dieses Produkt ausschlie\u00dflich unter folgenden Bedingungen liefern:<\/p>\n<ul data-start=\"1044\" data-end=\"1336\">\n<li data-section-id=\"6lcnzf\" data-start=\"1044\" data-end=\"1134\">Lieferung an Kunden au\u00dferhalb der Europ\u00e4ischen Union \/ des Europ\u00e4ischen Wirtschaftsraums<\/li>\n<li data-section-id=\"7jk8y5\" data-start=\"1135\" data-end=\"1203\">Lieferung unter <strong data-start=\"1153\" data-end=\"1170\">T1-Zollstatus<\/strong> (nicht in der EU verzollte Ware)<\/li>\n<li data-section-id=\"15bulkg\" data-start=\"1204\" data-end=\"1336\">Lieferung an Kunden, die \u00fcber eine eigene g\u00fcltige REACH-Zulassung f\u00fcr die vorgesehene Verwendung innerhalb der EU\/des EWR verf\u00fcgen<\/li>\n<\/ul>\n<p data-start=\"1338\" data-end=\"1549\">Natriumdichromat darf daher nur geliefert werden, wenn s\u00e4mtliche geltenden regulatorischen Verpflichtungen vom Kunden erf\u00fcllt werden oder wenn sich das Produkt au\u00dferhalb des freien Warenverkehrs der EU befindet.<\/p>\n<h2 data-section-id=\"69pwiy\" data-start=\"1551\" data-end=\"1579\">Was ist Natriumdichromat?<\/h2>\n<p data-start=\"1581\" data-end=\"1908\">Natriumdichromat (Na\u2082Cr\u2082O\u2087) ist eine rot-orange kristalline anorganische Verbindung, die sechswertiges Chrom (Cr VI) enth\u00e4lt. Das Produkt ist ein starkes Oxidationsmittel, das h\u00e4ufig in industriellen chemischen Prozessen und spezialisierten Oberfl\u00e4chenbehandlungssystemen eingesetzt wurde.<\/p>\n<p data-start=\"1910\" data-end=\"2224\">Die Substanz ist gut wasserl\u00f6slich und wird aufgrund ihrer oxidierenden Eigenschaften, korrosionshemmenden Wirkung und Anwendungen in der Metallbehandlung gesch\u00e4tzt. Natriumdichromat wird h\u00e4ufig als Zwischenprodukt f\u00fcr die Herstellung anderer Chromverbindungen sowie in industriellen Oxidationsprozessen verwendet.<\/p>\n<p data-start=\"2226\" data-end=\"2375\">Aufgrund seiner toxikologischen Einstufung und Umweltgefahren unterliegt Natriumdichromat strengen Vorschriften gem\u00e4\u00df REACH, CLP, ADR, IMDG und IATA.<\/p>\n<p data-start=\"2377\" data-end=\"2409\">Die Substanz ist eingestuft als:<\/p>\n<ul data-start=\"2410\" data-end=\"2506\">\n<li data-section-id=\"1xdhtga\" data-start=\"2410\" data-end=\"2418\">Giftig<\/li>\n<li data-section-id=\"pxme40\" data-start=\"2419\" data-end=\"2435\">Krebserzeugend<\/li>\n<li data-section-id=\"14ishjd\" data-start=\"2436\" data-end=\"2445\">Mutagen<\/li>\n<li data-section-id=\"m9ictx\" data-start=\"2446\" data-end=\"2468\">Reproduktionstoxisch<\/li>\n<li data-section-id=\"1eqpg0e\" data-start=\"2469\" data-end=\"2487\">Umweltgef\u00e4hrlich<\/li>\n<li data-section-id=\"bew9wc\" data-start=\"2488\" data-end=\"2506\">Stark oxidierend<\/li>\n<\/ul>\n<p data-start=\"2508\" data-end=\"2569\">Signalwort: <strong data-start=\"2520\" data-end=\"2530\">Gefahr<\/strong>.<\/p>\n<h2 data-section-id=\"15sjphr\" data-start=\"2571\" data-end=\"2598\">Industrielle Anwendungen<\/h2>\n<p data-start=\"2600\" data-end=\"2700\">Natriumdichromat wurde historisch in spezialisierten industriellen Anwendungen eingesetzt, darunter:<\/p>\n<ul data-start=\"2702\" data-end=\"3109\">\n<li data-section-id=\"b3khh\" data-start=\"2702\" data-end=\"2731\">Metalloberfl\u00e4chenbehandlung<\/li>\n<li data-section-id=\"4dojt1\" data-start=\"2732\" data-end=\"2785\">Luft- und Raumfahrt- sowie Verteidigungsanwendungen<\/li>\n<li data-section-id=\"vc54vc\" data-start=\"2786\" data-end=\"2811\">Korrosionsschutzsysteme<\/li>\n<li data-section-id=\"1z0t72w\" data-start=\"2812\" data-end=\"2829\">Laborreagenzien<\/li>\n<li data-section-id=\"12qkjqo\" data-start=\"2830\" data-end=\"2880\">Herstellung von Pigmenten und Spezialchemikalien<\/li>\n<li data-section-id=\"1l4d5ui\" data-start=\"2881\" data-end=\"2900\">Holzschutzsysteme<\/li>\n<li data-section-id=\"18tc2eq\" data-start=\"2901\" data-end=\"2936\">Herstellung von Chromverbindungen<\/li>\n<li data-section-id=\"lrnmz0\" data-start=\"2937\" data-end=\"2975\">Elektrolytische Passivierungssysteme<\/li>\n<li data-section-id=\"8h8ey1\" data-start=\"2976\" data-end=\"3024\">Oxidationsprozesse in der chemischen Industrie<\/li>\n<li data-section-id=\"bttkxg\" data-start=\"3025\" data-end=\"3109\">Oberfl\u00e4chenbehandlung von Aluminium, Stahl, Zink, Magnesium, Titan und Legierungen<\/li>\n<\/ul>\n<p data-start=\"3111\" data-end=\"3305\">Bestimmte industrielle Anwendungen innerhalb der EU\/des EWR k\u00f6nnen nur zul\u00e4ssig sein, wenn sie durch eine g\u00fcltige REACH-Zulassung des Anwenders oder der vorgelagerten Lieferkette abgedeckt sind.<\/p>\n<h2 data-section-id=\"1qteuld\" data-start=\"3307\" data-end=\"3333\">Sicherheit &amp; Handhabung<\/h2>\n<p data-start=\"3335\" data-end=\"3515\">Natriumdichromat darf ausschlie\u00dflich von geschultem Fachpersonal unter Verwendung geeigneter industrieller Sicherheitsverfahren und pers\u00f6nlicher Schutzausr\u00fcstung gehandhabt werden.<\/p>\n<p data-start=\"3517\" data-end=\"3840\">Das Einatmen von Staub sowie Haut- und Augenkontakt m\u00fcssen vermieden werden. Das Produkt sollte in dicht verschlossenen Originalverpackungen an einem trockenen und gut bel\u00fcfteten Ort, fern von brennbaren Materialien, Reduktionsmitteln, S\u00e4uren und inkompatiblen Stoffen gelagert werden.<\/p>\n<p data-start=\"3842\" data-end=\"3896\">F\u00fcr Transportzwecke ist das Produkt klassifiziert als:<\/p>\n<ul data-start=\"3898\" data-end=\"3992\">\n<li data-section-id=\"u4jypr\" data-start=\"3898\" data-end=\"3911\"><strong data-start=\"3900\" data-end=\"3911\">UN 3087<\/strong><\/li>\n<li data-section-id=\"1qyttps\" data-start=\"3912\" data-end=\"3938\"><strong data-start=\"3914\" data-end=\"3938\">ADR Klasse 5.1 \/ 6.1<\/strong><\/li>\n<li data-section-id=\"vqexmi\" data-start=\"3939\" data-end=\"3965\"><strong data-start=\"3941\" data-end=\"3965\">Verpackungsgruppe II<\/strong><\/li>\n<li data-section-id=\"ws2xv8\" data-start=\"3966\" data-end=\"3992\">Umweltgef\u00e4hrdender Stoff<\/li>\n<\/ul>\n<h2 data-section-id=\"ni0mmn\" data-start=\"3994\" data-end=\"4018\">Verpackung &amp; Logistik<\/h2>\n<p data-start=\"4020\" data-end=\"4070\">Natriumdichromat wird ausschlie\u00dflich geliefert in:<\/p>\n<ul data-start=\"4072\" data-end=\"4122\">\n<li data-section-id=\"o9er5j\" data-start=\"4072\" data-end=\"4090\"><strong data-start=\"4074\" data-end=\"4090\">25-kg-S\u00e4cken<\/strong><\/li>\n<li data-section-id=\"u4uf0t\" data-start=\"4091\" data-end=\"4122\"><strong data-start=\"4093\" data-end=\"4122\">1200-kg-Paletteneinheiten<\/strong><\/li>\n<\/ul>\n<p data-start=\"4124\" data-end=\"4144\">Mindestbestellmenge:<\/p>\n<ul data-start=\"4146\" data-end=\"4184\">\n<li data-section-id=\"1xk59qp\" data-start=\"4146\" data-end=\"4184\"><strong data-start=\"4148\" data-end=\"4184\">1200 kg pro Bestellung\/Lieferung<\/strong><\/li>\n<\/ul>\n<p data-start=\"4186\" data-end=\"4406\">Das Produkt wird in geeigneten Gefahrgutverpackungen f\u00fcr internationale Transporte und Exportanwendungen geliefert, vorbehaltlich der geltenden gesetzlichen Einschr\u00e4nkungen und regulatorischen Verpflichtungen des Kunden.<\/p>\n<p data-start=\"4408\" data-end=\"4541\">Lieferm\u00f6glichkeiten werden fallweise anhand des Bestimmungslandes, des regulatorischen Status und der vorgesehenen Anwendung gepr\u00fcft.<\/p>\n<h2 data-section-id=\"en5sr0\" data-start=\"4543\" data-end=\"4583\">Internationale Lieferung &amp; Compliance<\/h2>\n<p data-start=\"4585\" data-end=\"4635\">Gentrochema unterst\u00fctzt internationale Kunden mit:<\/p>\n<ul data-start=\"4637\" data-end=\"4768\">\n<li data-section-id=\"1ft42tg\" data-start=\"4637\" data-end=\"4653\">Exportlogistik<\/li>\n<li data-section-id=\"x4q59e\" data-start=\"4654\" data-end=\"4672\">T1-Zollverfahren<\/li>\n<li data-section-id=\"xfcvm3\" data-start=\"4673\" data-end=\"4697\">Gefahrgutdokumentation<\/li>\n<li data-section-id=\"9v8ws3\" data-start=\"4698\" data-end=\"4736\">Internationale Transportkoordination<\/li>\n<li data-section-id=\"vp02un\" data-start=\"4737\" data-end=\"4768\">Regulatorischer Kommunikation<\/li>\n<\/ul>\n<p data-start=\"4770\" data-end=\"4971\">Die Kunden sind selbst verantwortlich f\u00fcr die Einhaltung aller geltenden lokalen, nationalen und internationalen Vorschriften bez\u00fcglich Import, Verwendung, Lagerung und Handhabung von Natriumdichromat.<\/p>\n<h2 data-section-id=\"1iyulbf\" data-start=\"4973\" data-end=\"4999\">Informationen anfordern<\/h2>\n<p data-start=\"5001\" data-end=\"5174\">F\u00fcr regulatorische Anfragen, Exportm\u00f6glichkeiten, technische Spezifikationen oder internationale Lieferanfragen zu Natriumdichromat kontaktieren Sie bitte direkt unser Team.<\/p>\n<p data-start=\"5176\" data-end=\"5222\" data-is-last-node=\"\" data-is-only-node=\"\">&#x1f449; <a class=\"decorated-link cursor-pointer\" href=\"mailto:info@gentrochema.nl\" rel=\"noopener\" data-start=\"5179\" data-end=\"5198\">info@gentrochema.nl<\/a><br data-start=\"5198\" data-end=\"5201\" \/>&#x1f449; <a class=\"decorated-link\" href=\"http:\/\/www.gentrochema.nl\/\" target=\"_new\" rel=\"noopener\" data-start=\"5204\" data-end=\"5222\" data-is-last-node=\"\">www.gentrochema.nl<\/a><\/p>\n<div class=\"alert-yellow\" >\n<a href=\"https:\/\/www.gentrochema.nl\/de\/general-conditions-of-sale\/\" rel=\"noopener noreferrer\"> F\u00fcr die allgemeine Liefer- und Zahlungsbedingungen, klicken Sie bitte hier<\/a><\/div>\n<div class=\"clearall\" ><\/div>\n\n<p>&nbsp;<\/p>","protected":false},"excerpt":{"rendered":"<p>Gentrochema liefert Natriumdichromat (Na\u2082Cr\u2082O\u2087) f\u00fcr Nicht-EU-M\u00e4rkte und autorisierte industrielle Anwender.<\/p>\n","protected":false},"author":2,"featured_media":0,"parent":0,"menu_order":0,"comment_status":"open","ping_status":"open","template":"","meta":{"footnotes":""},"categories":[4],"tags":[319,262,243,237,241,242,332,280,333,266,318],"yst_prominent_words":[483,620],"class_list":["post-704","page","type-page","status-publish","hentry","category-products","tag-anticorrosion","tag-bewerking-van-metaaloppervlakte","tag-chromium-hexavalent","tag-cr6","tag-electroplating","tag-galvanisation","tag-inhibiteur-de-corrosion","tag-metallischen-oberflachen","tag-roestpreventie","tag-surface-treatment","tag-traitement-surface"],"_links":{"self":[{"href":"https:\/\/www.gentrochema.nl\/de\/wp-json\/wp\/v2\/pages\/704","targetHints":{"allow":["GET"]}}],"collection":[{"href":"https:\/\/www.gentrochema.nl\/de\/wp-json\/wp\/v2\/pages"}],"about":[{"href":"https:\/\/www.gentrochema.nl\/de\/wp-json\/wp\/v2\/types\/page"}],"author":[{"embeddable":true,"href":"https:\/\/www.gentrochema.nl\/de\/wp-json\/wp\/v2\/users\/2"}],"replies":[{"embeddable":true,"href":"https:\/\/www.gentrochema.nl\/de\/wp-json\/wp\/v2\/comments?post=704"}],"version-history":[{"count":10,"href":"https:\/\/www.gentrochema.nl\/de\/wp-json\/wp\/v2\/pages\/704\/revisions"}],"predecessor-version":[{"id":7175,"href":"https:\/\/www.gentrochema.nl\/de\/wp-json\/wp\/v2\/pages\/704\/revisions\/7175"}],"wp:attachment":[{"href":"https:\/\/www.gentrochema.nl\/de\/wp-json\/wp\/v2\/media?parent=704"}],"wp:term":[{"taxonomy":"category","embeddable":true,"href":"https:\/\/www.gentrochema.nl\/de\/wp-json\/wp\/v2\/categories?post=704"},{"taxonomy":"post_tag","embeddable":true,"href":"https:\/\/www.gentrochema.nl\/de\/wp-json\/wp\/v2\/tags?post=704"},{"taxonomy":"yst_prominent_words","embeddable":true,"href":"https:\/\/www.gentrochema.nl\/de\/wp-json\/wp\/v2\/yst_prominent_words?post=704"}],"curies":[{"name":"wp","href":"https:\/\/api.w.org\/{rel}","templated":true}]}}