{"id":691,"date":"2012-04-03T14:23:15","date_gmt":"2012-04-03T13:23:15","guid":{"rendered":"https:\/\/www.gentrochema.nl\/?p=691"},"modified":"2019-07-16T10:20:58","modified_gmt":"2019-07-16T09:20:58","slug":"potassium-ferrocyanide","status":"publish","type":"page","link":"https:\/\/www.gentrochema.nl\/de\/potassium-ferrocyanide\/","title":{"rendered":"Kaliumferrocyanid"},"content":{"rendered":"<p>Kaliumferrocyanid oder Tetrakalium Hexacyanoferrat (II) haben wir st\u00e4ndig auf Lager in Breda \u2013 Hazeldonk, NL. Wir exportieren die durch uns angebotene Kaliumferrocyanid weltweit an zahlreiche Kunden.<\/p>\n<p><a lang=\"de&quot;\" href=\"https:\/\/www.gentrochema.nl\/de\/general-information\/\" rel=\"noopener noreferrer\">Klicken Sie bitte hier um Ihre Anfrage zu schicken<\/a><\/p>\n<h2>Produkbeschreibung Kaliumferrocyanid<\/h2>\n<p>Kaliumferrocyanid,<strong>\u00a0<\/strong>Tetrakalium Hexacyanoferrat (II) oder Gelbkali ist ein chemischer Verbundstoff mit der Formel K<span style=\"font-size: 13.3333330154419px; line-height: 20px;\">4<\/span>Fe(CN)<sub>6<\/sub>\u00a0* 3H<sub>2<\/sub>O<\/p>\n<p>Die Lebensmittelqualit\u00e4t entspricht der EU Vorgabe f\u00fcr Lebensmittelzusatzstoffe, E536<\/p>\n<h3>Produktinformation<\/h3>\n<p>Kaliumferrocyanid ist ein feines gelbes kristallines Pulver. Kaliumferrocyanid wird vorrangig als Antibackmittel bei Salz eingesetzt. Dar\u00fcberhinaus wird es bei der Weinproduktion (Blausch\u00f6nungen), Einsatzh\u00e4rten, Sicherheitspapier, sowie viele Nischenanwendungen in der Industrie eingesetzt.<\/p>\n<h3>Produkteinzelheiten<\/h3>\n<p>| Tetrakalium hexacyanoferrat (II)\u00a0| CAS nummer :14459-95-1 | EC nummer: 237-722-2 |<\/p>\n<h2>Sicherheitshinweise<\/h2>\n<p>Achtung! \u00a0Falls Potassium ferrocyanide mit starken S\u00e4uren gemischt wird, k\u00f6nnte es Cyanwasserstoff (HCN) entwickeln. Immer auf die geltenden Symbole und das Sicherheitsdatenblatt achten.<\/p>\n<h3>Sicherheitsdatenblatt-Zusammenfassung<\/h3>\n<table style=\"width: 775px; height: 146px;\">\n<tbody>\n<tr>\n<td><strong>Signalwort<\/strong><\/td>\n<td>Kein<\/td>\n<\/tr>\n<tr>\n<td><strong><strong>Gef\u00e4hrdungen<\/strong><\/strong><\/td>\n<td>EUH032<\/td>\n<\/tr>\n<tr>\n<td><strong>Sicherheitshinweise<\/strong><\/td>\n<td>P261 + P262<\/td>\n<\/tr>\n<tr>\n<td><strong>ADR \/ IMO \/ IATA<\/strong><\/td>\n<td>n.a.<\/td>\n<\/tr>\n<\/tbody>\n<\/table>\n<div class=\"alert-yellow\" >\n<a href=\"https:\/\/www.gentrochema.nl\/de\/msds-potassium-ferrocyanide\/\" rel=\"noopener noreferrer\">F\u00fcr das Sicherheitsdatenblatt (SDS), klicken Sie bitte hier<\/a><\/div>\n<div class=\"clearall\" ><\/div>\n\n<h2><\/h2>\n<h2>Qualit\u00e4t<\/h2>\n<p>Unser Kaliumferrocyanid hat minimum 99 % K<span style=\"font-size: 13.3333330154419px; line-height: 20px;\">4<\/span>[Fe(CN)<sub>6<\/sub>] * 3 H<sub>2<\/sub>O, mit sehr geringen Verunreinigungen. Die Lebensmittel-Qualit\u00e4t entspricht der E536 Vorgabe der EU Richtlinien (EG) Nr. <a href=\"http:\/\/eur-lex.europa.eu\/LexUriServ\/LexUriServ.do?uri=OJ:L:2012:083:0001:0295:DE:PDF\" rel=\"noopener noreferrer\">231\/2012<\/a>\u00a0und\u00a0Nr.<a href=\"http:\/\/eur-lex.europa.eu\/LexUriServ\/LexUriServ.do?uri=OJ:L:2008:354:0016:0033:de:PDF\" rel=\"noopener noreferrer\">1333\/2008<\/a>\u00a0 f\u00fcr Lebensmittelzusatzstoffe.<\/p>\n<p>K\u00f6rnung : 0 \u2013 1000 micron<\/p>\n<h3><\/h3>\n<h3>REACH-Verordnung EC 1907\/2006<\/h3>\n<p>Gentrochema BV hat eine REACH Preregistrierung f\u00fcr Potassium ferrocyanide und hat die Absicht in 2018 zu registrieren<\/p>\n<div class=\"alert-yellow\" >\n<a href=\"https:\/\/www.gentrochema.nl\/de\/general-information\/\" rel=\"noopener noreferrer\">Klicken Sie bitte hier um Ihre Anfrage zu schicken<\/a><\/div>\n<div class=\"clearall\" ><\/div>\n\n<h2><\/h2>\n<h2>Lieferung und Verpackung<\/h2>\n<p>Wir k\u00f6nnen unsere Kaliumferrocyanid ab Lager, 4836LK Breda, in den Niederlanden liefern. Die Mindestbestellmenge betr\u00e4gt 25 kg. Unsere Potassium ferrocyanide ist per Standard in 25 kg S\u00e4cken verf\u00fcgbar. Andere Verpackung auf Anfrage ist m\u00f6glich. Wir liefern auch eine Kaliumferrocyanidl\u00f6sung. In der Regel erfolgt die Lieferung innerhalb von 2-3 Arbeitstagen. Selbstverst\u00e4ndlich sind wir in der Lage, allen Destinationen weltweit zu beliefern.<\/p>\n<h3>Kaufen Sie von Chemikaliengro\u00dfhandel Gentrochema BV !<\/h3>\n<p>Wir liefern unsere Chemischen Spezialprodukte weltweit an nur Unternehmen. Wir verkaufen NICHT an Privatpersonen<\/p>\n<div class=\"alert-yellow\" >\n<a href=\"https:\/\/www.gentrochema.nl\/de\/general-conditions-of-sale\/\" rel=\"noopener noreferrer\">F\u00fcr die allgemeine Liefer- und Zahlungsbedingungen, klicken Sie bitte hier<\/a><\/div>\n<div class=\"clearall\" ><\/div>\n\n<p>&nbsp;<\/p>","protected":false},"excerpt":{"rendered":"<p>Kaliumferrocyanid oder Tetrakalium Hexacyanoferrat (II) haben wir st\u00e4ndig auf Lager in Breda \u2013 Hazeldonk, NL. Wir&#8230;<\/p>\n","protected":false},"author":8,"featured_media":0,"parent":0,"menu_order":0,"comment_status":"open","ping_status":"open","template":"","meta":{"footnotes":""},"categories":[4],"tags":[317,316,315,301,314,310,311,306,312,304,289,307,300,302,313,309,303,308,305],"yst_prominent_words":[826,821,1061,830,401,405,399,1058,1057,400,398,1060,825,822,601,407,406,831,1059,824],"class_list":["post-691","page","type-page","status-publish","hentry","category-products","tag-aditivo-alimentario","tag-agente-anti-aglomerante","tag-anti-caking-agent-salt","tag-anti-klontermiddel-in-zout","tag-antiagglomerant-dans-le-sel","tag-antibackmittel-bei-salz","tag-blauschonungen","tag-case-hardening-steel","tag-deferrage","tag-e536","tag-einsatzharten","tag-eliminate-copper-and-iron","tag-geel-bloedloogzout","tag-ijzer-en-koper-elimineren","tag-papier-de-securite","tag-sicherheitspapier","tag-temperen-van-staal","tag-tetrapotassium-hexacyanoferrate","tag-yellow-prussiate-of-potash"],"_links":{"self":[{"href":"https:\/\/www.gentrochema.nl\/de\/wp-json\/wp\/v2\/pages\/691","targetHints":{"allow":["GET"]}}],"collection":[{"href":"https:\/\/www.gentrochema.nl\/de\/wp-json\/wp\/v2\/pages"}],"about":[{"href":"https:\/\/www.gentrochema.nl\/de\/wp-json\/wp\/v2\/types\/page"}],"author":[{"embeddable":true,"href":"https:\/\/www.gentrochema.nl\/de\/wp-json\/wp\/v2\/users\/8"}],"replies":[{"embeddable":true,"href":"https:\/\/www.gentrochema.nl\/de\/wp-json\/wp\/v2\/comments?post=691"}],"version-history":[{"count":0,"href":"https:\/\/www.gentrochema.nl\/de\/wp-json\/wp\/v2\/pages\/691\/revisions"}],"wp:attachment":[{"href":"https:\/\/www.gentrochema.nl\/de\/wp-json\/wp\/v2\/media?parent=691"}],"wp:term":[{"taxonomy":"category","embeddable":true,"href":"https:\/\/www.gentrochema.nl\/de\/wp-json\/wp\/v2\/categories?post=691"},{"taxonomy":"post_tag","embeddable":true,"href":"https:\/\/www.gentrochema.nl\/de\/wp-json\/wp\/v2\/tags?post=691"},{"taxonomy":"yst_prominent_words","embeddable":true,"href":"https:\/\/www.gentrochema.nl\/de\/wp-json\/wp\/v2\/yst_prominent_words?post=691"}],"curies":[{"name":"wp","href":"https:\/\/api.w.org\/{rel}","templated":true}]}}