{"id":670,"date":"2012-04-03T14:07:22","date_gmt":"2012-04-03T13:07:22","guid":{"rendered":"https:\/\/www.gentrochema.nl\/?p=670"},"modified":"2025-05-30T12:10:39","modified_gmt":"2025-05-30T11:10:39","slug":"potassium-dichromate-2","status":"publish","type":"page","link":"https:\/\/www.gentrochema.nl\/de\/potassium-dichromate-2\/","title":{"rendered":"Kaliumdichromat"},"content":{"rendered":"<p><\/p>\n<h1 id=\"tw-target-text\" class=\"tw-data-text tw-text-large tw-ta\" dir=\"ltr\" data-placeholder=\"Vertaling\" data-ved=\"2ahUKEwiUr76OhsuNAxX6hv0HHXhLNKYQ3ewLegQICRAV\" aria-label=\"Vertaalde tekst: nur au\u00dferhalb Europas erh\u00e4ltlich\"><span class=\"Y2IQFc\" lang=\"de\">nur au\u00dferhalb Europas erh\u00e4ltlich !!<\/span><\/h1>\n<p>&nbsp;<\/p>\n<p>Kaliumdichromat oder Potassium dichromate haben wir st\u00e4ndig auf Lager in Breda &#8211; Hazeldonk, NL. Wir exportieren die durch uns angebotene dichromatische Pottasche weltweit an z.B. zahlreiche Produzenten von Sicherheits-Z\u00fcndh\u00f6lzern. <a href=\"https:\/\/www.gentrochema.nl\/de\/general-information\/\" rel=\"noopener noreferrer\">Klicken Sie bitte hier um Ihre Anfrage zu schicken<\/a><\/p>\n<h2>Produktbeschreibung Kaliumdichromat<\/h2>\n<p>Dieses Produkt\u00a0hat mehrere Namen, wie Kaliumbichromat, dichromatische Pottasche, Doppeltchromsaures Kalium, Pyrochromsaures Kalium, potassium dichromate oder die Summenformel : K<sub>2<\/sub>Cr<sub>2<\/sub>O<sub>7<\/sub>.<\/p>\n<h3>Produktinformation<\/h3>\n<p>Potassium dichromate ist ein anorganisches chemisches Reagenz und wird vorrangig als Anti-Oxidationsmittel bei verschiedenen industriellen Anwendungen eingesetzt, wie z.B. in der Sicherheits-Z\u00fcndholzindustrie. Daneben findet es ebenfalls Anwendung in der Fotoindustrie und bei metallischen Oberfl\u00e4chen. Unsere neuen Kunden nutzen dieses Produkt f\u00fcr CSB K\u00fcvetten-Tests<\/p>\n<h3>Produkteinzelheiten<\/h3>\n<p>| Kaliumdichromat(VI) | CAS nr : 7778-50-9 | EC nr: 231-906-6 |<\/p>\n<h2>Sicherheitshinweise<\/h2>\n<p>Achtung! Dieses Produkt ist ein Gefahrstoff und kann Ihre Gesundheit und die Umwelt sch\u00e4digen, wenn falsch verwendet. Immer auf die geltenden Symbole und das Sicherheitsdatenblatt achten. Nur f\u00fcr den professionellen Einsatz!<\/p>\n<h3>Gefahrenpiktogramme<\/h3>\n<p><a href=\"https:\/\/www.gentrochema.nl\/wp-content\/uploads\/2019\/08\/images-2-e1566394880706.png\"><img loading=\"lazy\" decoding=\"async\" class=\"size-full wp-image-6661 alignnone\" src=\"https:\/\/www.gentrochema.nl\/wp-content\/uploads\/2019\/08\/images-2-e1566394880706.png\" alt=\"\" width=\"80\" height=\"80\" \/><\/a><a href=\"https:\/\/www.gentrochema.nl\/wp-content\/uploads\/2019\/08\/1024px-GHS-pictogram-rondflam.svg_-e1566394932135.png\"><img loading=\"lazy\" decoding=\"async\" class=\"size-full wp-image-6657 alignnone\" src=\"https:\/\/www.gentrochema.nl\/wp-content\/uploads\/2019\/08\/1024px-GHS-pictogram-rondflam.svg_-e1566394932135.png\" alt=\"\" width=\"80\" height=\"80\" \/><\/a><a href=\"https:\/\/www.gentrochema.nl\/wp-content\/uploads\/2019\/08\/hazard-98680_960_720-e1566394896917.png\"><img loading=\"lazy\" decoding=\"async\" class=\"size-full wp-image-6660 alignnone\" src=\"https:\/\/www.gentrochema.nl\/wp-content\/uploads\/2019\/08\/hazard-98680_960_720-e1566394896917.png\" alt=\"\" width=\"80\" height=\"80\" \/><\/a><a href=\"https:\/\/www.gentrochema.nl\/wp-content\/uploads\/2019\/08\/1024px-GHS-pictogram-acid.svg_-3-e1566394915344.png\"><img loading=\"lazy\" decoding=\"async\" class=\"size-full wp-image-6659 alignnone\" src=\"https:\/\/www.gentrochema.nl\/wp-content\/uploads\/2019\/08\/1024px-GHS-pictogram-acid.svg_-3-e1566394915344.png\" alt=\"\" width=\"80\" height=\"80\" \/><\/a><a href=\"https:\/\/www.gentrochema.nl\/wp-content\/uploads\/2019\/08\/GHS-pictogram-pollu.svg_-e1566395359710.png\"><img loading=\"lazy\" decoding=\"async\" class=\"size-full wp-image-6666 alignnone\" src=\"https:\/\/www.gentrochema.nl\/wp-content\/uploads\/2019\/08\/GHS-pictogram-pollu.svg_-e1566395359710.png\" alt=\"\" width=\"80\" height=\"80\" \/><\/a><\/p>\n<h3>Sicherheitsdatenblatt-zusammenfassung<\/h3>\n<table style=\"width: 775px;height: 146px\">\n<tbody>\n<tr>\n<td><strong>Signalwort<\/strong><\/td>\n<td>Gefahr<\/td>\n<\/tr>\n<tr>\n<td><strong>Gef\u00e4hrdungen<\/strong><\/td>\n<td>H272, H301, H312, H314, H317, H330, H334, H340, H350, H360, H372, H410<\/td>\n<\/tr>\n<tr>\n<td><strong>Sicherheitshinweise<\/strong><\/td>\n<td>P202, P281, P308+313, 501, P303+361+353, P301+330+331, P304+340, P305+351+338<\/td>\n<\/tr>\n<tr>\n<td><strong>ADR \/ IMO \/ IATA<\/strong><\/td>\n<td>6.1 UN3288<\/td>\n<\/tr>\n<\/tbody>\n<\/table>\n<div class=\"alert-yellow\" >\n<a href=\"https:\/\/www.gentrochema.nl\/de\/msds-potassium-dichromate\/\" rel=\"noopener noreferrer\">F\u00fcr das Sicherheitsdatenblatt (SDS), klicken Sie bitte hier.<\/a><\/div>\n<div class=\"clearall\" ><\/div>\n\n<h2>Qualit\u00e4t<\/h2>\n<p>Unser Potassium dichromate hat minimum 99,7 % K2Cr2O7, mit sehr geringen Verunreinigungen. K\u00f6rnung : 0 \u2013 600 micron<\/p>\n<h3>REACH-Verordnung EC 1907\/2006<\/h3>\n<p>Hier finden Sie mehr Information \u00fcber dieses Produkt <a href=\"http:\/\/echa.europa.eu\/de\/brief-profile\/-\/briefprofile\/100.029.005\" rel=\"noopener noreferrer\">(ECHA Website)<\/a><\/p>\n<div class=\"alert-yellow\" >\n<a href=\"https:\/\/www.gentrochema.nl\/de\/general-information\/\" rel=\"noopener noreferrer\"> Klicken Sie bitte hier um Ihre Anfrage zu schicken<\/a><\/div>\n<div class=\"clearall\" ><\/div>\n\n<p class=\"alignnone\"><a href=\"https:\/\/www.gentrochema.nl\/wp-content\/uploads\/2016\/02\/Kabi.jpg\" rel=\"attachment wp-att-4303\"><img loading=\"lazy\" decoding=\"async\" class=\"aligncenter wp-image-4303\" title=\"Kaliumdichromat in 25 kg UN-Papiersack\" src=\"https:\/\/www.gentrochema.nl\/wp-content\/uploads\/2016\/02\/Kabi.jpg\" alt=\"Kaliumdichromat in 25 kg UN-Papiersack\" width=\"213\" height=\"284\" srcset=\"https:\/\/www.gentrochema.nl\/wp-content\/uploads\/2016\/02\/Kabi.jpg 1944w, https:\/\/www.gentrochema.nl\/wp-content\/uploads\/2016\/02\/Kabi-225x300.jpg 225w, https:\/\/www.gentrochema.nl\/wp-content\/uploads\/2016\/02\/Kabi-768x1024.jpg 768w\" sizes=\"auto, (max-width: 213px) 100vw, 213px\" \/><\/a><\/p>\n<h3>Lieferung und Verpackung:<\/h3>\n<p>Wir k\u00f6nnen unsere Kaliumbichromat ab Lager, 4836LK Breda, in den Niederlanden liefern.<\/p>\n<p>Die Mindestbestellmenge betr\u00e4gt 25 kg und ist per Standard in 25 kg UN S\u00e4cken verf\u00fcgbar. Andere Verpackung auf Anfrage ist m\u00f6glich. Wir liefern auch eine Kaliumdichromatl\u00f6sung.<\/p>\n<p>In der Regel erfolgt die Lieferung innerhalb von 2-3 Arbeitstagen. Selbstverst\u00e4ndlich sind wir in der Lage, allen Destinationen weltweit zu beliefern.<\/p>\n<h3>Kaufen Sie von Chemikaliengro\u00dfhandel Gentrochema BV !<\/h3>\n<p>Wir liefern unsere Chemischen Spezialprodukte weltweit an nur Unternehmen. Wir verkaufen NICHT an Privatpersonen<\/p>\n<div class=\"alert-yellow\" >\n<a href=\"https:\/\/www.gentrochema.nl\/de\/general-conditions-of-sale\/\" rel=\"noopener noreferrer\"> F\u00fcr die allgemeine Liefer- und Zahlungsbedingungen, klicken Sie bitte hier<\/a><\/div>\n<div class=\"clearall\" ><\/div>\n<\/p>","protected":false},"excerpt":{"rendered":"<p>nur au\u00dferhalb Europas erh\u00e4ltlich !! &nbsp; Kaliumdichromat oder Potassium dichromate haben wir st\u00e4ndig auf Lager in&#8230;<\/p>\n","protected":false},"author":8,"featured_media":0,"parent":0,"menu_order":0,"comment_status":"open","ping_status":"open","template":"","meta":{"footnotes":""},"categories":[4],"tags":[1079,1080,1007,140],"yst_prominent_words":[1232,1228,1224,1218,1229,1225,1219,1231,1227,1235,1221,1211,1216,365,1222,1223,1217,1230,1226,1220],"class_list":["post-670","page","type-page","status-publish","hentry","category-products","tag-bichromate-of-potash","tag-buy-potassium-dichromate","tag-e-sds-potassium-dichromate","tag-material-safety-datasheet-potassium-dichromate"],"_links":{"self":[{"href":"https:\/\/www.gentrochema.nl\/de\/wp-json\/wp\/v2\/pages\/670","targetHints":{"allow":["GET"]}}],"collection":[{"href":"https:\/\/www.gentrochema.nl\/de\/wp-json\/wp\/v2\/pages"}],"about":[{"href":"https:\/\/www.gentrochema.nl\/de\/wp-json\/wp\/v2\/types\/page"}],"author":[{"embeddable":true,"href":"https:\/\/www.gentrochema.nl\/de\/wp-json\/wp\/v2\/users\/8"}],"replies":[{"embeddable":true,"href":"https:\/\/www.gentrochema.nl\/de\/wp-json\/wp\/v2\/comments?post=670"}],"version-history":[{"count":10,"href":"https:\/\/www.gentrochema.nl\/de\/wp-json\/wp\/v2\/pages\/670\/revisions"}],"predecessor-version":[{"id":7016,"href":"https:\/\/www.gentrochema.nl\/de\/wp-json\/wp\/v2\/pages\/670\/revisions\/7016"}],"wp:attachment":[{"href":"https:\/\/www.gentrochema.nl\/de\/wp-json\/wp\/v2\/media?parent=670"}],"wp:term":[{"taxonomy":"category","embeddable":true,"href":"https:\/\/www.gentrochema.nl\/de\/wp-json\/wp\/v2\/categories?post=670"},{"taxonomy":"post_tag","embeddable":true,"href":"https:\/\/www.gentrochema.nl\/de\/wp-json\/wp\/v2\/tags?post=670"},{"taxonomy":"yst_prominent_words","embeddable":true,"href":"https:\/\/www.gentrochema.nl\/de\/wp-json\/wp\/v2\/yst_prominent_words?post=670"}],"curies":[{"name":"wp","href":"https:\/\/api.w.org\/{rel}","templated":true}]}}