{"id":67,"date":"2012-02-16T09:20:41","date_gmt":"2012-02-16T09:20:41","guid":{"rendered":"https:\/\/www.gentrochema.nl\/?p=67"},"modified":"2026-05-13T14:06:27","modified_gmt":"2026-05-13T13:06:27","slug":"links","status":"publish","type":"page","link":"https:\/\/www.gentrochema.nl\/de\/links\/","title":{"rendered":"Ressourcen der Chemischen Industrie und Regulatorische Informationen"},"content":{"rendered":"<p><\/p>\n<h1 data-section-id=\"1ops5cw\" data-start=\"0\" data-end=\"72\"><span role=\"text\"><strong data-start=\"2\" data-end=\"72\">Ressourcen der Chemischen Industrie &amp; Regulatorische Informationen<\/strong><\/span><\/h1>\n<p data-start=\"74\" data-end=\"412\">Gentrochema liefert chemische Produkte gem\u00e4\u00df den geltenden europ\u00e4ischen und internationalen Vorschriften. Nachfolgend finden Sie eine Auswahl n\u00fctzlicher Ressourcen zu Regulierung, Sicherheit, Transport und industriellen Anwendungen im Chemiesektor, REACH-Compliance, Gefahrguttransport, Lebensmittelzusatzstoffen und industrieller Chemie.<\/p>\n<h2 data-section-id=\"1i2ew8m\" data-start=\"414\" data-end=\"454\">Europ\u00e4ische Chemikalienagentur (ECHA)<\/h2>\n<p data-start=\"456\" data-end=\"792\">Die Europ\u00e4ische Chemikalienagentur (ECHA) ist verantwortlich f\u00fcr die Umsetzung der europ\u00e4ischen Chemikaliengesetzgebung, einschlie\u00dflich REACH, CLP und der Biozidprodukte-Verordnung (BPR). Die ECHA stellt offizielle Informationen zu Stoffregistrierungen, Sicherheitsdaten, Gefahrenklassifizierungen und regulatorischer Compliance bereit.<\/p>\n<p data-start=\"794\" data-end=\"820\">&#x1f449; <a class=\"decorated-link\" href=\"https:\/\/echa.europa.eu\/\" target=\"_new\" rel=\"noopener\" data-start=\"797\" data-end=\"820\">https:\/\/echa.europa.eu\/<\/a><\/p>\n<hr data-start=\"822\" data-end=\"825\" \/>\n<h2 data-section-id=\"aftlo8\" data-start=\"827\" data-end=\"861\">REACH-Verordnung (EG 1907\/2006)<\/h2>\n<p data-start=\"863\" data-end=\"1113\">Offizielle europ\u00e4ische Gesetzgebung zur Registrierung, Bewertung, Zulassung und Beschr\u00e4nkung chemischer Stoffe (REACH). Diese Verordnung regelt die sichere Herstellung, den Import und die Verwendung chemischer Stoffe innerhalb der Europ\u00e4ischen Union.<\/p>\n<p data-start=\"1115\" data-end=\"1144\">&#x1f449; <a class=\"decorated-link\" href=\"https:\/\/eur-lex.europa.eu\/\" target=\"_new\" rel=\"noopener\" data-start=\"1118\" data-end=\"1144\">https:\/\/eur-lex.europa.eu\/<\/a><\/p>\n<hr data-start=\"1146\" data-end=\"1149\" \/>\n<h2 data-section-id=\"16motul\" data-start=\"1151\" data-end=\"1183\">CLP-Verordnung (EG 1272\/2008)<\/h2>\n<p data-start=\"1185\" data-end=\"1429\">Die CLP-Verordnung regelt die Einstufung, Kennzeichnung und Verpackung von Stoffen und Gemischen innerhalb der Europ\u00e4ischen Union und harmonisiert die europ\u00e4ische Gesetzgebung mit dem weltweit harmonisierten System (GHS) der Vereinten Nationen.<\/p>\n<p data-start=\"1431\" data-end=\"1490\">&#x1f449; <a class=\"decorated-link\" href=\"https:\/\/echa.europa.eu\/regulations\/clp\/understanding-clp\" target=\"_new\" rel=\"noopener\" data-start=\"1434\" data-end=\"1490\">https:\/\/echa.europa.eu\/regulations\/clp\/understanding-clp<\/a><\/p>\n<hr data-start=\"1492\" data-end=\"1495\" \/>\n<h2 data-section-id=\"18581i3\" data-start=\"1497\" data-end=\"1524\">ADR \u2013 Gefahrguttransport<\/h2>\n<p data-start=\"1526\" data-end=\"1652\">Offizielle Informationen zum internationalen Stra\u00dfentransport gef\u00e4hrlicher G\u00fcter innerhalb Europas gem\u00e4\u00df den ADR-Vorschriften.<\/p>\n<p data-start=\"1654\" data-end=\"1700\">&#x1f449; <a class=\"decorated-link\" href=\"https:\/\/unece.org\/transport\/dangerous-goods\" target=\"_new\" rel=\"noopener\" data-start=\"1657\" data-end=\"1700\">https:\/\/unece.org\/transport\/dangerous-goods<\/a><\/p>\n<hr data-start=\"1702\" data-end=\"1705\" \/>\n<h2 data-section-id=\"1jt20o6\" data-start=\"1707\" data-end=\"1742\">Globally Harmonized System (GHS)<\/h2>\n<p data-start=\"1744\" data-end=\"1883\">Das GHS-System der Vereinten Nationen stellt international harmonisierte Kriterien zur Einstufung und Kennzeichnung von Chemikalien bereit.<\/p>\n<p data-start=\"1885\" data-end=\"1920\">&#x1f449; <a class=\"decorated-link cursor-pointer\" target=\"_new\" rel=\"noopener\" data-start=\"1888\" data-end=\"1920\">https:\/\/unece.org\/ghs-rev10-2023<\/a><\/p>\n<hr data-start=\"1922\" data-end=\"1925\" \/>\n<h2 data-section-id=\"15mk78y\" data-start=\"1927\" data-end=\"1983\">Europ\u00e4ische Beh\u00f6rde f\u00fcr Lebensmittelsicherheit (EFSA)<\/h2>\n<p data-start=\"1985\" data-end=\"2241\">Die Europ\u00e4ische Beh\u00f6rde f\u00fcr Lebensmittelsicherheit (EFSA) liefert wissenschaftliche Beratung und Risikobewertungen zu Lebensmittelsicherheit, Lebensmittelzusatzstoffen, Kontaminanten und Materialien mit Lebensmittelkontakt innerhalb der Europ\u00e4ischen Union.<\/p>\n<p data-start=\"2243\" data-end=\"2273\">&#x1f449; <a class=\"decorated-link\" href=\"https:\/\/www.efsa.europa.eu\/\" target=\"_new\" rel=\"noopener\" data-start=\"2246\" data-end=\"2273\">https:\/\/www.efsa.europa.eu\/<\/a><\/p>\n<hr data-start=\"2275\" data-end=\"2278\" \/>\n<h2 data-section-id=\"1hda4bm\" data-start=\"2280\" data-end=\"2338\">Verordnung \u00fcber Lebensmittelzusatzstoffe (EG 1333\/2008)<\/h2>\n<p data-start=\"2340\" data-end=\"2498\">Europ\u00e4ische Gesetzgebung zur Verwendung von Lebensmittelzusatzstoffen innerhalb der Europ\u00e4ischen Union, einschlie\u00dflich E-Nummern und zugelassener Anwendungen.<\/p>\n<p data-start=\"2500\" data-end=\"2529\">&#x1f449; <a class=\"decorated-link\" href=\"https:\/\/eur-lex.europa.eu\/\" target=\"_new\" rel=\"noopener\" data-start=\"2503\" data-end=\"2529\">https:\/\/eur-lex.europa.eu\/<\/a><\/p>\n<hr data-start=\"2531\" data-end=\"2534\" \/>\n<h2 data-section-id=\"btl7k6\" data-start=\"2536\" data-end=\"2613\">Verordnung \u00fcber Spezifikationen f\u00fcr Lebensmittelzusatzstoffe (EU 231\/2012)<\/h2>\n<p data-start=\"2615\" data-end=\"2776\">Diese Verordnung definiert Reinheitskriterien und technische Spezifikationen f\u00fcr Lebensmittelzusatzstoffe, die innerhalb der Europ\u00e4ischen Union verwendet werden.<\/p>\n<p data-start=\"2778\" data-end=\"2807\">&#x1f449; <a class=\"decorated-link\" href=\"https:\/\/eur-lex.europa.eu\/\" target=\"_new\" rel=\"noopener\" data-start=\"2781\" data-end=\"2807\">https:\/\/eur-lex.europa.eu\/<\/a><\/p>\n<hr data-start=\"2809\" data-end=\"2812\" \/>\n<h2 data-section-id=\"5150kw\" data-start=\"2814\" data-end=\"2853\">Europ\u00e4ische Kommission \u2013 Chemikalien<\/h2>\n<p data-start=\"2855\" data-end=\"3028\">Offizielle Informationen der Europ\u00e4ischen Kommission zu Chemikaliensicherheit, Nachhaltigkeit, Industriepolitik und Chemikaliengesetzgebung innerhalb der Europ\u00e4ischen Union.<\/p>\n<p data-start=\"3030\" data-end=\"3085\">&#x1f449; <a class=\"decorated-link\" href=\"https:\/\/environment.ec.europa.eu\/topics\/chemicals_en\" target=\"_new\" rel=\"noopener\" data-start=\"3033\" data-end=\"3085\">https:\/\/environment.ec.europa.eu\/topics\/chemicals_en<\/a><\/p>\n<hr data-start=\"3087\" data-end=\"3090\" \/>\n<h2 data-section-id=\"ubcw03\" data-start=\"3092\" data-end=\"3119\">OECD Chemicals Programme<\/h2>\n<p data-start=\"3121\" data-end=\"3255\">Die OECD entwickelt internationale Standards und Richtlinien zu Chemikaliensicherheit, Pr\u00fcfmethoden, Risikobewertung und Umweltschutz.<\/p>\n<p data-start=\"3257\" data-end=\"3296\">&#x1f449; <a class=\"decorated-link\" href=\"https:\/\/www.oecd.org\/chemicalsafety\/\" target=\"_new\" rel=\"noopener\" data-start=\"3260\" data-end=\"3296\">https:\/\/www.oecd.org\/chemicalsafety\/<\/a><\/p>\n<hr data-start=\"3298\" data-end=\"3301\" \/>\n<h2 data-section-id=\"u5sniy\" data-start=\"3303\" data-end=\"3349\">IMDG-Code \u2013 Seetransport gef\u00e4hrlicher G\u00fcter<\/h2>\n<p data-start=\"3351\" data-end=\"3431\">Internationale Vorschriften f\u00fcr den Transport gef\u00e4hrlicher G\u00fcter auf dem Seeweg.<\/p>\n<p data-start=\"3433\" data-end=\"3456\">&#x1f449; <a class=\"decorated-link\" href=\"https:\/\/www.imo.org\/\" target=\"_new\" rel=\"noopener\" data-start=\"3436\" data-end=\"3456\">https:\/\/www.imo.org\/<\/a><\/p>\n<hr data-start=\"3458\" data-end=\"3461\" \/>\n<h2 data-section-id=\"lu7xyb\" data-start=\"3463\" data-end=\"3512\">International Air Transport Association (IATA)<\/h2>\n<p data-start=\"3514\" data-end=\"3612\">Informationen zu internationalen Lufttransportvorschriften f\u00fcr Gefahrstoffe und gef\u00e4hrliche G\u00fcter.<\/p>\n<p data-start=\"3614\" data-end=\"3638\">&#x1f449; <a class=\"decorated-link\" href=\"https:\/\/www.iata.org\/\" target=\"_new\" rel=\"noopener\" data-start=\"3617\" data-end=\"3638\">https:\/\/www.iata.org\/<\/a><\/p>\n<hr data-start=\"3640\" data-end=\"3643\" \/>\n<h2 data-section-id=\"gimaq6\" data-start=\"3645\" data-end=\"3700\">Occupational Safety and Health Administration (OSHA)<\/h2>\n<p data-start=\"3702\" data-end=\"3848\">OSHA stellt Informationen zu Arbeitssicherheit, beruflicher Exposition und industrieller Sicherheit im Zusammenhang mit chemischen Stoffen bereit.<\/p>\n<p data-start=\"3850\" data-end=\"3874\">&#x1f449; <a class=\"decorated-link\" href=\"https:\/\/www.osha.gov\/\" target=\"_new\" rel=\"noopener\" data-start=\"3853\" data-end=\"3874\">https:\/\/www.osha.gov\/<\/a><\/p>\n<hr data-start=\"3876\" data-end=\"3879\" \/>\n<h2 data-section-id=\"1t7ky3e\" data-start=\"3881\" data-end=\"3945\">National Institute for Occupational Safety and Health (NIOSH)<\/h2>\n<p data-start=\"3947\" data-end=\"4068\">NIOSH betreibt Forschung und ver\u00f6ffentlicht Richtlinien zu beruflicher Exposition, Toxikologie und chemischer Sicherheit.<\/p>\n<p data-start=\"4070\" data-end=\"4099\">&#x1f449; <a class=\"decorated-link\" href=\"https:\/\/www.cdc.gov\/niosh\/\" target=\"_new\" rel=\"noopener\" data-start=\"4073\" data-end=\"4099\">https:\/\/www.cdc.gov\/niosh\/<\/a><\/p>\n<hr data-start=\"4101\" data-end=\"4104\" \/>\n<h2 data-section-id=\"bhxqve\" data-start=\"4106\" data-end=\"4136\">PubChem Chemische Datenbank<\/h2>\n<p data-start=\"4138\" data-end=\"4305\">PubChem ist eine \u00f6ffentlich zug\u00e4ngliche chemische Datenbank mit Informationen zu chemischen Stoffen, Strukturen, Toxikologie und physikalisch-chemischen Eigenschaften.<\/p>\n<p data-start=\"4307\" data-end=\"4343\">&#x1f449; <a class=\"decorated-link\" href=\"https:\/\/pubchem.ncbi.nlm.nih.gov\/\" target=\"_new\" rel=\"noopener\" data-start=\"4310\" data-end=\"4343\">https:\/\/pubchem.ncbi.nlm.nih.gov\/<\/a><\/p>\n<hr data-start=\"4345\" data-end=\"4348\" \/>\n<h2 data-section-id=\"qxvwlz\" data-start=\"4350\" data-end=\"4366\">ChemSafetyPro<\/h2>\n<p data-start=\"4368\" data-end=\"4501\">ChemSafetyPro bietet praktische Informationen zu GHS, SDS-Erstellung, Gefahrguttransport und internationalen Chemikalienvorschriften.<\/p>\n<p data-start=\"4503\" data-end=\"4536\">&#x1f449; <a class=\"decorated-link\" href=\"https:\/\/www.chemsafetypro.com\/\" target=\"_new\" rel=\"noopener\" data-start=\"4506\" data-end=\"4536\">https:\/\/www.chemsafetypro.com\/<\/a><\/p>\n<hr data-start=\"4538\" data-end=\"4541\" \/>\n<h2 data-section-id=\"ethvkr\" data-start=\"4543\" data-end=\"4587\">Energiespeicherung &amp; Redox-Flow-Batterien<\/h2>\n<p data-start=\"4589\" data-end=\"4764\">Informationen zu aufkommenden Energiespeichertechnologien, einschlie\u00dflich Iron-Flow- und Redox-Flow-Batteriesystemen, die f\u00fcr Ferrocyanid- und Ferricyanidchemie relevant sind.<\/p>\n<p data-start=\"4766\" data-end=\"4801\" data-is-last-node=\"\" data-is-only-node=\"\">&#x1f449; <a class=\"decorated-link\" href=\"https:\/\/www.energy-storage.news\/\" target=\"_new\" rel=\"noopener\" data-start=\"4769\" data-end=\"4801\" data-is-last-node=\"\">https:\/\/www.energy-storage.news\/<\/a><\/p>\n<p><\/p>","protected":false},"excerpt":{"rendered":"<p>Ressourcen der Chemischen Industrie &amp; Regulatorische Informationen Gentrochema liefert chemische Produkte gem\u00e4\u00df den geltenden europ\u00e4ischen und&#8230;<\/p>\n","protected":false},"author":8,"featured_media":0,"parent":0,"menu_order":0,"comment_status":"open","ping_status":"open","template":"","meta":{"footnotes":""},"categories":[1185],"tags":[],"yst_prominent_words":[804],"class_list":["post-67","page","type-page","status-publish","hentry","category-algemeen"],"_links":{"self":[{"href":"https:\/\/www.gentrochema.nl\/de\/wp-json\/wp\/v2\/pages\/67","targetHints":{"allow":["GET"]}}],"collection":[{"href":"https:\/\/www.gentrochema.nl\/de\/wp-json\/wp\/v2\/pages"}],"about":[{"href":"https:\/\/www.gentrochema.nl\/de\/wp-json\/wp\/v2\/types\/page"}],"author":[{"embeddable":true,"href":"https:\/\/www.gentrochema.nl\/de\/wp-json\/wp\/v2\/users\/8"}],"replies":[{"embeddable":true,"href":"https:\/\/www.gentrochema.nl\/de\/wp-json\/wp\/v2\/comments?post=67"}],"version-history":[{"count":10,"href":"https:\/\/www.gentrochema.nl\/de\/wp-json\/wp\/v2\/pages\/67\/revisions"}],"predecessor-version":[{"id":7119,"href":"https:\/\/www.gentrochema.nl\/de\/wp-json\/wp\/v2\/pages\/67\/revisions\/7119"}],"wp:attachment":[{"href":"https:\/\/www.gentrochema.nl\/de\/wp-json\/wp\/v2\/media?parent=67"}],"wp:term":[{"taxonomy":"category","embeddable":true,"href":"https:\/\/www.gentrochema.nl\/de\/wp-json\/wp\/v2\/categories?post=67"},{"taxonomy":"post_tag","embeddable":true,"href":"https:\/\/www.gentrochema.nl\/de\/wp-json\/wp\/v2\/tags?post=67"},{"taxonomy":"yst_prominent_words","embeddable":true,"href":"https:\/\/www.gentrochema.nl\/de\/wp-json\/wp\/v2\/yst_prominent_words?post=67"}],"curies":[{"name":"wp","href":"https:\/\/api.w.org\/{rel}","templated":true}]}}