{"id":657,"date":"2012-04-03T13:57:03","date_gmt":"2012-04-03T12:57:03","guid":{"rendered":"https:\/\/www.gentrochema.nl\/?p=657"},"modified":"2026-04-01T17:22:34","modified_gmt":"2026-04-01T16:22:34","slug":"manganese-carbonate","status":"publish","type":"page","link":"https:\/\/www.gentrochema.nl\/de\/manganese-carbonate\/","title":{"rendered":"Mangancarbonat"},"content":{"rendered":"<p>Mangancarbonat oder Manganese carbonate haben wir st\u00e4ndig auf Lager in Breda \u2013 Hazeldonk, NL. Wir exportieren die durch uns angebotenes Mangan(II)carbonat weltweit an zahlreiche Kunden.<\/p>\n<p><a lang=\"de&quot;\" href=\"https:\/\/www.gentrochema.nl\/de\/general-information\/\" rel=\"noopener noreferrer\">Klicken Sie bitte hier um Ihre Anfrage zu schicken<\/a><\/p>\n<h2>Produkbeschreibung Mangancarbonat<\/h2>\n<p>Mangan(II)carbonat oder Mangankarbonat ist ein chemischer Verbundstoff mit der Formel MnCO<sub>3\u00a0<\/sub>und hat min. 44% Mn-Gehalt<\/p>\n<h3>Produktinformation<\/h3>\n<p>Mangancarbonat ist ein feines leicht braunes Pulver. Mangancarbonat wird bei der Keramikherstellung als Glasurfarbe und \u00a0Flie\u00dfmittel sowie als Beton-F\u00e4rbemittel eingesetzt. Ausserdem, wird Mangancarbonat in D\u00fcngemittel eingesetzt.<\/p>\n<h3>Produkteinzelheiten<\/h3>\n<p>| Mangan(II)carbonat \u00a0| CAS nummer : 598-62-9 | EC nummer: 209-942-9 |<\/p>\n<h2>Sicherheitshinweise<\/h2>\n<p>Immer auf die geltenden Symbole und das Sicherheitsdatenblatt achten.<\/p>\n<h3>Sicherheitsdatenblatt-Zusammenfassung<\/h3>\n<table style=\"width: 775px;height: 146px\">\n<tbody>\n<tr>\n<td><strong>Signalwort<\/strong><\/td>\n<td>Kein<\/td>\n<\/tr>\n<tr>\n<td><strong><strong>Gef\u00e4hrdungen<\/strong><\/strong><\/td>\n<td>Keine<\/td>\n<\/tr>\n<tr>\n<td><strong>Sicherheitshinweise<\/strong><\/td>\n<td>Keine<\/td>\n<\/tr>\n<tr>\n<td><strong>ADR \/ IMO \/ IATA<\/strong><\/td>\n<td>n.a.<\/td>\n<\/tr>\n<\/tbody>\n<\/table>\n<div class=\"alert-yellow\" >\n<a href=\"https:\/\/www.gentrochema.nl\/de\/msds-manganese-carbonate\/\" rel=\"noopener noreferrer\">F\u00fcr das Sicherheitsdatenblatt (SDB), klicken Sie bitte hier<\/a><\/div>\n<div class=\"clearall\" ><\/div>\n\n<h2><\/h2>\n<h2>Qualit\u00e4t<\/h2>\n<p>Unser Manganese carbonate hat Minimum 44 % \u00a0Mn,\u00a0mit sehr geringen Schwermetalle.\u00a0K\u00f6rnung : min. 90 % &lt; 300 mesh<\/p>\n<h3><\/h3>\n<h3>REACH-Verordnung EC 1907\/2006<\/h3>\n<p id=\"tw-target-text\" class=\"tw-data-text tw-text-large tw-ta\" dir=\"ltr\" data-placeholder=\"Vertaling\" data-ved=\"2ahUKEwiUr76OhsuNAxX6hv0HHXhLNKYQ3ewLegQICRAV\" aria-label=\"Vertaalde tekst: Gentrochema BV verf\u00fcgt \u00fcber eine vollst\u00e4ndige REACH-Registrierung f\u00fcr alle bekannten Anwendungen!\"><span class=\"Y2IQFc\" lang=\"de\">Gentrochema BV verf\u00fcgt \u00fcber eine vollst\u00e4ndige REACH-Registrierung f\u00fcr alle bekannten Anwendungen!<\/span> Mehr Info, finden Sie auf der <a href=\"http:\/\/echa.europa.eu\/nl\/brief-profile\/-\/briefprofile\/100.009.040\" rel=\"noopener noreferrer\">ECHA Website<\/a><\/p>\n<div class=\"alert-yellow\" >\n<a href=\"https:\/\/www.gentrochema.nl\/de\/general-information\/\" rel=\"noopener noreferrer\">Klicken Sie bitte hier um Ihre Anfrage zu schicken<\/a><\/div>\n<div class=\"clearall\" ><\/div>\n\n<h2><\/h2>\n<h2>Lieferung und Verpackung<\/h2>\n<p>Wir k\u00f6nnen unser Mangancarbonat ab Lager, 4836LK Breda, in den Niederlanden liefern. Die Mindestbestellmenge betr\u00e4gt 25 kg. Unser Manganese carbonate ist per Standard in 25 kg S\u00e4cken verf\u00fcgbar. Andere Verpackung auf Anfrage ist m\u00f6glich.\u00a0In der Regel erfolgt die Lieferung innerhalb von 2-3 Arbeitstagen. Selbstverst\u00e4ndlich sind wir in der Lage, allen Destinationen weltweit zu beliefern.<\/p>\n<h3>Kaufen Sie von Chemikaliengro\u00dfhandel Gentrochema BV !<\/h3>\n<p>Wir liefern unsere Chemischen Spezialprodukte weltweit an nur Unternehmen. Wir verkaufen NICHT an Privatpersonen<\/p>\n<div class=\"alert-yellow\" >\n<a href=\"https:\/\/www.gentrochema.nl\/de\/general-conditions-of-sale\/\" rel=\"noopener noreferrer\">F\u00fcr die allgemeine Liefer- und Zahlungsbedingungen, klicken Sie bitte hier<\/a><\/div>\n<div class=\"clearall\" ><\/div>\n\n<p>&nbsp;<\/p>","protected":false},"excerpt":{"rendered":"<p>Mangancarbonat oder Manganese carbonate haben wir st\u00e4ndig auf Lager in Breda \u2013 Hazeldonk, NL. Wir exportieren&#8230;<\/p>\n","protected":false},"author":8,"featured_media":0,"parent":0,"menu_order":0,"comment_status":"open","ping_status":"open","template":"","meta":{"footnotes":""},"categories":[4],"tags":[],"yst_prominent_words":[735,744,924,944],"class_list":["post-657","page","type-page","status-publish","hentry","category-products"],"_links":{"self":[{"href":"https:\/\/www.gentrochema.nl\/de\/wp-json\/wp\/v2\/pages\/657","targetHints":{"allow":["GET"]}}],"collection":[{"href":"https:\/\/www.gentrochema.nl\/de\/wp-json\/wp\/v2\/pages"}],"about":[{"href":"https:\/\/www.gentrochema.nl\/de\/wp-json\/wp\/v2\/types\/page"}],"author":[{"embeddable":true,"href":"https:\/\/www.gentrochema.nl\/de\/wp-json\/wp\/v2\/users\/8"}],"replies":[{"embeddable":true,"href":"https:\/\/www.gentrochema.nl\/de\/wp-json\/wp\/v2\/comments?post=657"}],"version-history":[{"count":6,"href":"https:\/\/www.gentrochema.nl\/de\/wp-json\/wp\/v2\/pages\/657\/revisions"}],"predecessor-version":[{"id":7081,"href":"https:\/\/www.gentrochema.nl\/de\/wp-json\/wp\/v2\/pages\/657\/revisions\/7081"}],"wp:attachment":[{"href":"https:\/\/www.gentrochema.nl\/de\/wp-json\/wp\/v2\/media?parent=657"}],"wp:term":[{"taxonomy":"category","embeddable":true,"href":"https:\/\/www.gentrochema.nl\/de\/wp-json\/wp\/v2\/categories?post=657"},{"taxonomy":"post_tag","embeddable":true,"href":"https:\/\/www.gentrochema.nl\/de\/wp-json\/wp\/v2\/tags?post=657"},{"taxonomy":"yst_prominent_words","embeddable":true,"href":"https:\/\/www.gentrochema.nl\/de\/wp-json\/wp\/v2\/yst_prominent_words?post=657"}],"curies":[{"name":"wp","href":"https:\/\/api.w.org\/{rel}","templated":true}]}}