{"id":646,"date":"2012-04-03T13:38:47","date_gmt":"2012-04-03T12:38:47","guid":{"rendered":"https:\/\/www.gentrochema.nl\/?p=646"},"modified":"2019-08-21T15:48:16","modified_gmt":"2019-08-21T14:48:16","slug":"chromium-oxide-green","status":"publish","type":"page","link":"https:\/\/www.gentrochema.nl\/de\/chromium-oxide-green\/","title":{"rendered":"Chromoxid gr\u00fcn"},"content":{"rendered":"<p>Chromoxid gr\u00fcn oder Chromium oxide green haben wir st\u00e4ndig auf Lager in Breda \u2013 Hazeldonk, NL. Wir exportieren die durch uns angebotenes Chromoxid weltweit an zahlreiche Kunden.<\/p>\n<p><a lang=\"de&quot;\" href=\"https:\/\/www.gentrochema.nl\/de\/general-information\/\" rel=\"noopener noreferrer\">Klicken Sie bitte hier um Ihre Anfrage zu schicken<\/a><\/p>\n<h2>Produkbeschreibung Chromoxid gr\u00fcn<\/h2>\n<p>Chromoxid&nbsp;gr\u00fcn oder Chrom(III)oxid ist ein chemischer Verbundstoff mit der Formel Cr<sub>2<\/sub>O<sub>3<\/sub>.&nbsp;Andere Namen sind :&nbsp;Chromsesquioxid und Dichromtrioxid.<\/p>\n<h3>Produktinformation<\/h3>\n<p>Chrom(III)oxid &nbsp;ist ein feines gr\u00fcnes Pulver. Es ist eines der wichtigsten Chromoxid und wird als Pigment (f\u00fcr Farben, Tinten, Keramik und Glas) und als wesentlicher Bestandteil bei bestimmten Feuerfest- Applikationen eingesetzt.<\/p>\n<h3>Produkteinzelheiten<\/h3>\n<p>| Chrom(III)oxid &nbsp;| CAS Nummer : 1308-38-9 | EC Nummer: 215-160-9 |<\/p>\n<h2>Sicherheitshinweise<\/h2>\n<p>Immer auf die geltenden Symbole und das Sicherheitsdatenblatt achten. Chrom(III)-oxid ist (im Gegensatz zum gef\u00e4hrlichen Chrom(VI)-oxid) <i>ungiftig<\/i>.<\/p>\n<h3>Sicherheitsdatenblatt-Zusammenfassung<\/h3>\n<table style=\"width: 775px; height: 146px;\">\n<tbody>\n<tr>\n<td><strong>Signalwort<\/strong><\/td>\n<td>Kein<\/td>\n<\/tr>\n<tr>\n<td><strong><strong>Gef\u00e4hrdungen<\/strong><\/strong><\/td>\n<td>Keine<\/td>\n<\/tr>\n<tr>\n<td><strong>Sicherheitshinweise<\/strong><\/td>\n<td>Keine<\/td>\n<\/tr>\n<tr>\n<td><strong>ADR \/ IMO \/ IATA<\/strong><\/td>\n<td>n.a.<\/td>\n<\/tr>\n<\/tbody>\n<\/table>\n<div class=\"alert-yellow\" >\n<a href=\"https:\/\/www.gentrochema.nl\/de\/msds-chrome-oxide-green\/\" rel=\"noopener noreferrer\">F\u00fcr das Sicherheitsdatenblatt (SDB), klicken Sie bitte hier<\/a><\/div>\n<div class=\"clearall\" ><\/div>\n\n<h2>&nbsp;<\/h2>\n<h2>Qualit\u00e4t<\/h2>\n<p>Das von uns angebotene Chrom Oxid, min. 99%, &nbsp;hat einen sehr geringen Cr<sup>6+<\/sup> Gehalt (sechswertiges Chrom(VI-oxid).<\/p>\n<p>K\u00f6rnung : 0 &#8211; 45 Micron<\/p>\n<h3>&nbsp;<\/h3>\n<h3>REACH-Verordnung EC 1907\/2006<\/h3>\n<p>Die Vorlieferanten der Gentrochema BV haben eine REACH Registrierung<\/p>\n<div class=\"alert-yellow\" >\n<a href=\"https:\/\/www.gentrochema.nl\/de\/general-information\/\" rel=\"noopener noreferrer\">Klicken Sie bitte hier um Ihre Anfrage zu schicken<\/a><\/div>\n<div class=\"clearall\" ><\/div>\n\n<h2>&nbsp;<\/h2>\n<h2>Lieferung und Verpackung<\/h2>\n<p>Wir k\u00f6nnen unser Chromoxid ab Lager, 4836LK Breda, in den Niederlanden liefern. Die Mindestbestellmenge betr\u00e4gt 25 kg. Unser Chrom(III)oxid ist per Standard in 25 kg S\u00e4cken verf\u00fcgbar. Andere Verpackung auf Anfrage ist m\u00f6glich.&nbsp;In der Regel erfolgt die Lieferung innerhalb von 2-3 Arbeitstagen. Selbstverst\u00e4ndlich sind wir in der Lage, allen Destinationen weltweit zu beliefern.<\/p>\n<h3>Kaufen Sie von Chemikaliengro\u00dfhandel Gentrochema BV !<\/h3>\n<p>Wir liefern unsere Chemischen Spezialprodukte weltweit an nur Unternehmen. Wir verkaufen NICHT an Privatpersonen<\/p>\n<div class=\"alert-yellow\" >\n<a href=\"https:\/\/www.gentrochema.nl\/de\/general-conditions-of-sale\/\" rel=\"noopener noreferrer\">F\u00fcr die allgemeine Liefer- und Zahlungsbedingungen, klicken Sie bitte hier<\/a><\/div>\n<div class=\"clearall\" ><\/div>\n<\/p>","protected":false},"excerpt":{"rendered":"<p>Chromoxid gr\u00fcn oder Chromium oxide green haben wir st\u00e4ndig auf Lager in Breda \u2013 Hazeldonk, NL&#8230;.<\/p>\n","protected":false},"author":8,"featured_media":0,"parent":0,"menu_order":0,"comment_status":"open","ping_status":"open","template":"page_sidebar.php","meta":{"footnotes":""},"categories":[4],"tags":[231,236,232,230,226,228,227,233,235,234,229],"yst_prominent_words":[1232,1228,1224,1218,1281,1280,1229,1225,1219,1231,1227,1221,1211,1216,1222,1223,1217,1230,1226,1220],"class_list":["post-646","page","type-page","status-publish","hentry","category-products","tag-ceramics","tag-ceramique","tag-chrome-green","tag-chromium-sesquioxide","tag-chromiumiiioxide","tag-chroom-groen","tag-cr2o3","tag-dichromtrioxid","tag-keramik","tag-pigment","tag-vuurvaste-toepassingen"],"_links":{"self":[{"href":"https:\/\/www.gentrochema.nl\/de\/wp-json\/wp\/v2\/pages\/646","targetHints":{"allow":["GET"]}}],"collection":[{"href":"https:\/\/www.gentrochema.nl\/de\/wp-json\/wp\/v2\/pages"}],"about":[{"href":"https:\/\/www.gentrochema.nl\/de\/wp-json\/wp\/v2\/types\/page"}],"author":[{"embeddable":true,"href":"https:\/\/www.gentrochema.nl\/de\/wp-json\/wp\/v2\/users\/8"}],"replies":[{"embeddable":true,"href":"https:\/\/www.gentrochema.nl\/de\/wp-json\/wp\/v2\/comments?post=646"}],"version-history":[{"count":0,"href":"https:\/\/www.gentrochema.nl\/de\/wp-json\/wp\/v2\/pages\/646\/revisions"}],"wp:attachment":[{"href":"https:\/\/www.gentrochema.nl\/de\/wp-json\/wp\/v2\/media?parent=646"}],"wp:term":[{"taxonomy":"category","embeddable":true,"href":"https:\/\/www.gentrochema.nl\/de\/wp-json\/wp\/v2\/categories?post=646"},{"taxonomy":"post_tag","embeddable":true,"href":"https:\/\/www.gentrochema.nl\/de\/wp-json\/wp\/v2\/tags?post=646"},{"taxonomy":"yst_prominent_words","embeddable":true,"href":"https:\/\/www.gentrochema.nl\/de\/wp-json\/wp\/v2\/yst_prominent_words?post=646"}],"curies":[{"name":"wp","href":"https:\/\/api.w.org\/{rel}","templated":true}]}}