{"id":44,"date":"2012-02-16T09:04:48","date_gmt":"2012-02-16T09:04:48","guid":{"rendered":"https:\/\/www.gentrochema.nl\/?p=44"},"modified":"2019-08-13T08:21:09","modified_gmt":"2019-08-13T07:21:09","slug":"gentrochema","status":"publish","type":"page","link":"https:\/\/www.gentrochema.nl\/de\/","title":{"rendered":"Herzlich Willkommen! Gern stellen wir uns vor."},"content":{"rendered":"<p>Gentrochema BV ist als international t\u00e4tiges Chemie-Handelsunternehmen der langj\u00e4hrig erprobte und verl\u00e4ssliche Partner f\u00fcr gleicherma\u00dfen Kunden und Lieferanten auf der ganzen Welt.<\/p>\n<p>Fokussiert insbesondere auf die Anforderungen der Industrie bem\u00fchen wir uns um immer neue Lieferquellen, um den Bedarf unserer Kunden zu wettbewerbsf\u00e4higen Preisen decken zu k\u00f6nnen .<\/p>\n<p>Wir unterhalten diverse Lagerst\u00e4tten in den Niederlanden, um unsere Produkte mit zum Gro\u00dfteil russischer oder chinesischer Provenienz termingerecht und optimal abgewickelt an unsere Kundschaft zu liefern.<\/p>\n<p>Unser Lager im Industriegebiet von Breda (in den Niederlanden) ist die Drehscheibe f\u00fcr die Verladung und den Versand unserer Produkte europaweit. \u00dcberseetransporte gleich welcher Gr\u00f6\u00dfenordnung wickeln wir \u00fcber Antwerpen und Rotterdam und von dort aus wettbewerbsf\u00e4hig weltweit ab. In Zusammenarbeit mit Loodet bv unserem Partner in allen Logistikfragen sind wir in der Lage, nahezu jede erforderliche Verpackung anzubieten, sprechen Sie uns an.<\/p>\n<p>Es ist uns ein Anliegen auf der Basis von Verbindlichkeit und in vertrauensvoller Zusammenarbeit die Qualit\u00e4t unseres Services st\u00e4ndig zu optimieren um so unseren Kunden flexible L\u00f6sungen bieten zu k\u00f6nnen.<\/p>\n<p>Wir freuen uns darauf, Ihnen als kompetenter Partner und verl\u00e4sslicher Lieferant (f\u00fcr chemikalische Rohstoffe \/ Chemikalien) unsere Leistungsf\u00e4higkeit unter Beweis stellen zu k\u00f6nnen.<\/p>\n<p>Vielen Dank.<\/p>","protected":false},"excerpt":{"rendered":"<p class=\"qtranxs-available-languages-message qtranxs-available-languages-message-de\">Leider ist der Eintrag nur auf <a href=\"https:\/\/www.gentrochema.nl\/en\/wp-json\/wp\/v2\/pages\/44\" class=\"qtranxs-available-language-link qtranxs-available-language-link-en\" title=\"English\">English<\/a> und <a href=\"https:\/\/www.gentrochema.nl\/nl\/wp-json\/wp\/v2\/pages\/44\" class=\"qtranxs-available-language-link qtranxs-available-language-link-nl\" title=\"Nederlands\">Nederlands<\/a> verf\u00fcgbar.<\/p>\n","protected":false},"author":8,"featured_media":0,"parent":0,"menu_order":0,"comment_status":"open","ping_status":"open","template":"","meta":{"footnotes":""},"categories":[1185],"tags":[],"yst_prominent_words":[],"class_list":["post-44","page","type-page","status-publish","hentry","category-algemeen"],"_links":{"self":[{"href":"https:\/\/www.gentrochema.nl\/de\/wp-json\/wp\/v2\/pages\/44","targetHints":{"allow":["GET"]}}],"collection":[{"href":"https:\/\/www.gentrochema.nl\/de\/wp-json\/wp\/v2\/pages"}],"about":[{"href":"https:\/\/www.gentrochema.nl\/de\/wp-json\/wp\/v2\/types\/page"}],"author":[{"embeddable":true,"href":"https:\/\/www.gentrochema.nl\/de\/wp-json\/wp\/v2\/users\/8"}],"replies":[{"embeddable":true,"href":"https:\/\/www.gentrochema.nl\/de\/wp-json\/wp\/v2\/comments?post=44"}],"version-history":[{"count":0,"href":"https:\/\/www.gentrochema.nl\/de\/wp-json\/wp\/v2\/pages\/44\/revisions"}],"wp:attachment":[{"href":"https:\/\/www.gentrochema.nl\/de\/wp-json\/wp\/v2\/media?parent=44"}],"wp:term":[{"taxonomy":"category","embeddable":true,"href":"https:\/\/www.gentrochema.nl\/de\/wp-json\/wp\/v2\/categories?post=44"},{"taxonomy":"post_tag","embeddable":true,"href":"https:\/\/www.gentrochema.nl\/de\/wp-json\/wp\/v2\/tags?post=44"},{"taxonomy":"yst_prominent_words","embeddable":true,"href":"https:\/\/www.gentrochema.nl\/de\/wp-json\/wp\/v2\/yst_prominent_words?post=44"}],"curies":[{"name":"wp","href":"https:\/\/api.w.org\/{rel}","templated":true}]}}