{"id":2818,"date":"2014-08-25T12:37:58","date_gmt":"2014-08-25T11:37:58","guid":{"rendered":"https:\/\/www.gentrochema.nl\/\/?p=2818"},"modified":"2023-10-13T13:08:40","modified_gmt":"2023-10-13T12:08:40","slug":"thiourea","status":"publish","type":"page","link":"https:\/\/www.gentrochema.nl\/de\/thiourea\/","title":{"rendered":"Thioharnstoff"},"content":{"rendered":"<p>Thioharnstoff \u00a0haben wir ab Dezember 2023 auf Lager in Rotterdam. Wir exportieren den durch uns angebotenen Thioharnstoff weltweit an zahlreiche Kunden. <a href=\"https:\/\/www.gentrochema.nl\/\/de\/general-information\/\" rel=\"noopener noreferrer\">Klicken Sie bitte hier um Ihre Anfrage zu schicken<\/a><\/p>\n<h2>Produktbeschreibung Thioharnstoff<\/h2>\n<p>Thioharnstoff, mit der Formel SC(NH<sub>2<\/sub>)<sub>2<\/sub>, ist ein\u00a0Derivat\u00a0des\u00a0Harnstoffs, dessen\u00a0Sauerstoffatom\u00a0durch ein\u00a0Schwefelatom\u00a0substituiert\u00a0ist.<\/p>\n<h3>Produktinformation<\/h3>\n<p>Thioharnstoff ( Englisch : Thiourea) ist ein weisser feiner Kristallinstoff. Als\u00a0Reaktant\u00a0dient Thioharnstoff vor allem zur Herstellung von\u00a0Thioharnstoffdioxid. Weitere wichtige Anwendungen sind: additiv\u00a0in\u00a0Sprengstoffen\u00a0(Sprengschlamm),\u00a0Metallveredelung (Kupferveredelung),\u00a0Metallreinigung (Silberreinigung),\u00a0Modifikation von Harzen,\u00a0Herstellung von Hilfsstoffen f\u00fcr die Textil- und Farbenindustrie und Herstellung von chemischen Zwischenstufen.<\/p>\n<h3><span style=\"line-height: 1.5\">Produkteinzelheiten<\/span><\/h3>\n<p>| Thiourea | CAS nr : 62-56-6 | EC nr: 200-543-5 |<\/p>\n<h2>Sicherheitshinweise<\/h2>\n<p>Achtung! \u00a0Es ist ein Gefahrstoff und kann Ihre Gesundheit und die Umwelt sch\u00e4digen, wenn falsch verwendet. Immer auf die geltenden Symbole und das Sicherheitsdatenblatt achten. Nur f\u00fcr den professionellen Einsatz!<\/p>\n<h3>Gefahrenpiktogramme<\/h3>\n<p><a href=\"https:\/\/www.gentrochema.nl\/wp-content\/uploads\/2019\/08\/images-e1566394863710.png\"><img loading=\"lazy\" decoding=\"async\" class=\"size-full wp-image-6663 alignnone\" src=\"https:\/\/www.gentrochema.nl\/wp-content\/uploads\/2019\/08\/images-e1566394863710.png\" alt=\"\" width=\"80\" height=\"80\" \/><\/a><a href=\"https:\/\/www.gentrochema.nl\/wp-content\/uploads\/2019\/08\/GHS-pictogram-pollu.svg_-e1566395359710.png\"><img loading=\"lazy\" decoding=\"async\" class=\"size-full wp-image-6666 alignnone\" src=\"https:\/\/www.gentrochema.nl\/wp-content\/uploads\/2019\/08\/GHS-pictogram-pollu.svg_-e1566395359710.png\" alt=\"\" width=\"80\" height=\"80\" \/><\/a><a href=\"https:\/\/www.gentrochema.nl\/wp-content\/uploads\/2019\/08\/hazard-98680_960_720-e1566394896917.png\"><img loading=\"lazy\" decoding=\"async\" class=\"size-full wp-image-6660 alignnone\" src=\"https:\/\/www.gentrochema.nl\/wp-content\/uploads\/2019\/08\/hazard-98680_960_720-e1566394896917.png\" alt=\"\" width=\"80\" height=\"80\" \/><\/a><\/p>\n<h3>Sicherheitsdatenblatt-zusammenfassung<\/h3>\n<table style=\"width: 775px;height: 146px\">\n<tbody>\n<tr>\n<td><strong>Signalwort<\/strong><\/td>\n<td>Achtung<\/td>\n<\/tr>\n<tr>\n<td><strong>Gef\u00e4hrdungen<\/strong><\/td>\n<td>H302, H351, H361d, H411<\/td>\n<\/tr>\n<tr>\n<td><strong>Sicherheitshinweise<\/strong><\/td>\n<td>P273, P281, P301+312, P330,P308+P313, P405<\/td>\n<\/tr>\n<tr>\n<td><strong>ADR \/ IMO \/ IATA<\/strong><\/td>\n<td>9, UN3077<\/td>\n<\/tr>\n<\/tbody>\n<\/table>\n<div class=\"alert-yellow\" >\n<a href=\"https:\/\/www.gentrochema.nl\/\/de\/msds-thiourea\/\" rel=\"noopener noreferrer\">F\u00fcr das Sicherheitsdatenblatt (SDS), klicken Sie bitte hier.<\/a><\/div>\n<div class=\"clearall\" ><\/div>\n\n<h2>Qualit\u00e4t<\/h2>\n<p>Unsere Qualit\u00e4t hat minimum 99 % SC(NH<sub>2<\/sub>)<sub>2<\/sub>, mit sehr geringen Verunreinigungen.<\/p>\n<h3>REACH-Verordnung EC 1907\/2006<\/h3>\n<p><span style=\"line-height: 1.5\">Gentrochema BV hat eine vollst\u00e4ndige REACH Registrierung <\/span><\/p>\n<p><span style=\"line-height: 1.5\"><div class=\"alert-yellow\" >\n<\/span><a style=\"line-height: 1.5\" href=\"https:\/\/www.gentrochema.nl\/\/de\/general-information\/\" rel=\"noopener noreferrer\"> Klicken Sie bitte hier um Ihre Anfrage zu schicken<\/a><span style=\"line-height: 1.5\"><\/div>\n<div class=\"clearall\" ><\/div>\n<\/span><\/p>\n<p><a href=\"https:\/\/www.gentrochema.nl\/\/wp-content\/uploads\/2016\/02\/3155024_31574_1-e1455876821383.jpg\" rel=\"attachment wp-att-4191\"><img loading=\"lazy\" decoding=\"async\" class=\"aligncenter wp-image-4191\" title=\"Thioharnstoff in 25 kg Sack\" src=\"https:\/\/www.gentrochema.nl\/\/wp-content\/uploads\/2016\/02\/3155024_31574_1-e1455876821383.jpg\" alt=\"Thiourea - Thioharnstoff\" width=\"167\" height=\"223\" srcset=\"https:\/\/www.gentrochema.nl\/wp-content\/uploads\/2016\/02\/3155024_31574_1-e1455876821383.jpg 1944w, https:\/\/www.gentrochema.nl\/wp-content\/uploads\/2016\/02\/3155024_31574_1-e1455876821383-225x300.jpg 225w, https:\/\/www.gentrochema.nl\/wp-content\/uploads\/2016\/02\/3155024_31574_1-e1455876821383-768x1024.jpg 768w\" sizes=\"auto, (max-width: 167px) 100vw, 167px\" \/><\/a><\/p>\n<h3>Lieferung und Verpackung:<\/h3>\n<p>Wir k\u00f6nnen diesen Stoff ab Lager, Spijkenisse (Rotterdam), in den Niederlanden liefern. Die Mindestbestellmenge betr\u00e4gt 25 kg. Unser Thioharnstoff ist per Standard in 25 kg S\u00e4cken verf\u00fcgbar. Andere Verpackung auf Anfrage ist m\u00f6glich.<\/p>\n<p>In der Regel erfolgt die Lieferung innerhalb von 2-3 Arbeitstagen. Selbstverst\u00e4ndlich sind wir in der Lage, allen Destinationen weltweit zu beliefern.<\/p>\n<h3>Kaufen Sie von Chemikaliengro\u00dfhandel Gentrochema BV !<\/h3>\n<p>Wir liefern unsere Chemischen Spezialprodukte weltweit an nur Unternehmen. Wir verkaufen NICHT an Privatpersonen<\/p>\n<div class=\"alert-yellow\" >\n<a href=\"https:\/\/www.gentrochema.nl\/\/de\/general-conditions-of-sale\/\" rel=\"noopener noreferrer\"> F\u00fcr die allgemeine Liefer- und Zahlungsbedingungen, klicken Sie bitte hier<\/a><\/div>\n<div class=\"clearall\" ><\/div>\n\n<p><b>\u00a0<\/b><\/p>","protected":false},"excerpt":{"rendered":"<p>Thioharnstoff \u00a0haben wir ab Dezember 2023 auf Lager in Rotterdam. Wir exportieren den durch uns angebotenen&#8230;<\/p>\n","protected":false},"author":2,"featured_media":0,"parent":0,"menu_order":0,"comment_status":"closed","ping_status":"closed","template":"","meta":{"footnotes":""},"categories":[4],"tags":[274,261,271,343,284,342,339,273,266,341,318,297],"yst_prominent_words":[1237,826,821,830,401,410,405,1240,411,400,398,1238,825,822,1241,407,406,831,1239,824],"class_list":["post-2818","page","type-page","status-publish","hentry","category-products","tag-fluides-metalliques","tag-fotografie","tag-fotoindustrie","tag-industrie-textile","tag-metaalveredeling","tag-metallveredelung","tag-photographic","tag-photographique","tag-surface-treatment","tag-textile-industry","tag-traitement-surface","tag-tratamiento-de-metals"],"_links":{"self":[{"href":"https:\/\/www.gentrochema.nl\/de\/wp-json\/wp\/v2\/pages\/2818","targetHints":{"allow":["GET"]}}],"collection":[{"href":"https:\/\/www.gentrochema.nl\/de\/wp-json\/wp\/v2\/pages"}],"about":[{"href":"https:\/\/www.gentrochema.nl\/de\/wp-json\/wp\/v2\/types\/page"}],"author":[{"embeddable":true,"href":"https:\/\/www.gentrochema.nl\/de\/wp-json\/wp\/v2\/users\/2"}],"replies":[{"embeddable":true,"href":"https:\/\/www.gentrochema.nl\/de\/wp-json\/wp\/v2\/comments?post=2818"}],"version-history":[{"count":8,"href":"https:\/\/www.gentrochema.nl\/de\/wp-json\/wp\/v2\/pages\/2818\/revisions"}],"predecessor-version":[{"id":6979,"href":"https:\/\/www.gentrochema.nl\/de\/wp-json\/wp\/v2\/pages\/2818\/revisions\/6979"}],"wp:attachment":[{"href":"https:\/\/www.gentrochema.nl\/de\/wp-json\/wp\/v2\/media?parent=2818"}],"wp:term":[{"taxonomy":"category","embeddable":true,"href":"https:\/\/www.gentrochema.nl\/de\/wp-json\/wp\/v2\/categories?post=2818"},{"taxonomy":"post_tag","embeddable":true,"href":"https:\/\/www.gentrochema.nl\/de\/wp-json\/wp\/v2\/tags?post=2818"},{"taxonomy":"yst_prominent_words","embeddable":true,"href":"https:\/\/www.gentrochema.nl\/de\/wp-json\/wp\/v2\/yst_prominent_words?post=2818"}],"curies":[{"name":"wp","href":"https:\/\/api.w.org\/{rel}","templated":true}]}}