{"id":126,"date":"2012-02-16T09:55:42","date_gmt":"2012-02-16T09:55:42","guid":{"rendered":"https:\/\/www.gentrochema.nl\/?p=126"},"modified":"2026-05-14T10:27:12","modified_gmt":"2026-05-14T09:27:12","slug":"contact","status":"publish","type":"page","link":"https:\/\/www.gentrochema.nl\/de\/contact\/","title":{"rendered":"Kontakt"},"content":{"rendered":"<p><\/p>\n<h1 data-section-id=\"1scy2sh\" data-start=\"0\" data-end=\"21\">Kontakt Gentrochema<\/h1>\n<h2 data-section-id=\"rqsprc\" data-start=\"23\" data-end=\"41\">B\u00fcro &amp; Logistik<\/h2>\n<h3 data-section-id=\"nwt3zp\" data-start=\"43\" data-end=\"63\">Gentrochema BV<\/h3>\n<p data-start=\"64\" data-end=\"107\">Lage Ham 190<br data-start=\"76\" data-end=\"79\" \/>5102 AE Dongen<br data-start=\"93\" data-end=\"96\" \/>Niederlande<\/p>\n<hr data-start=\"109\" data-end=\"112\" \/>\n<h2 data-section-id=\"2o9hky\" data-start=\"114\" data-end=\"137\">Kontaktinformationen<\/h2>\n<p data-start=\"139\" data-end=\"172\">&#x1f4de; Telefon<br data-start=\"149\" data-end=\"152\" \/>&#x1f449; +31 (0)162 249020<\/p>\n<p data-start=\"174\" data-end=\"208\">&#x1f4e7; E-Mail<br data-start=\"183\" data-end=\"186\" \/>&#x1f449; <a class=\"decorated-link cursor-pointer\" href=\"mailto:info@gentrochema.nl\" rel=\"noopener\" data-start=\"189\" data-end=\"208\">info@gentrochema.nl<\/a><\/p>\n<p data-start=\"210\" data-end=\"244\">&#x1f310; Website<br data-start=\"220\" data-end=\"223\" \/>&#x1f449; <a class=\"decorated-link\" href=\"http:\/\/www.gentrochema.nl\/\" target=\"_new\" rel=\"noopener\" data-start=\"226\" data-end=\"244\">www.gentrochema.nl<\/a><\/p>\n<p data-start=\"246\" data-end=\"307\">Gesch\u00e4ftsf\u00fchrer<br data-start=\"261\" data-end=\"264\" \/>&#x1f449; Herr Wim van Loon<br data-start=\"284\" data-end=\"287\" \/>&#x1f4e7; <a class=\"decorated-link\" href=\"mailto:wl@gentrochema.nl\" rel=\"noopener\" data-start=\"290\" data-end=\"307\">wl@gentrochema.nl<\/a><\/p>\n<hr data-start=\"309\" data-end=\"312\" \/>\n<h2 data-section-id=\"zhdo0a\" data-start=\"314\" data-end=\"336\">Lagerung &amp; Logistik<\/h2>\n<p data-start=\"338\" data-end=\"734\">Gentrochema arbeitet mit strategisch gelegenen Lager- und Logistikpartnern in den Niederlanden zusammen, darunter Standorte in der N\u00e4he des Rotterdamer Hafens, Hazeldonk und wichtiger europ\u00e4ischer Transportkorridore. Dadurch k\u00f6nnen wir eine effiziente europ\u00e4ische Distribution, flexible Lagerkapazit\u00e4ten sowie eine zuverl\u00e4ssige Import-\/Exportabwicklung f\u00fcr industrielle Chemikalien gew\u00e4hrleisten.<\/p>\n<p data-start=\"736\" data-end=\"864\">Unser Logistiknetzwerk umfasst Lager- und Distributionsstandorte, die in Zusammenarbeit mit folgenden Partnern betrieben werden:<\/p>\n<h3 data-section-id=\"1p2hmvf\" data-start=\"866\" data-end=\"881\">LOODET BV<\/h3>\n<p data-start=\"882\" data-end=\"936\">Hazeldonk 6803<br data-start=\"896\" data-end=\"899\" \/>4836 LK Breda-Hazeldonk<br data-start=\"922\" data-end=\"925\" \/>Niederlande<\/p>\n<hr data-start=\"938\" data-end=\"941\" \/>\n<h3 data-section-id=\"7fa37d\" data-start=\"943\" data-end=\"976\">MARO Forwarding &amp; Logistics BV<\/h3>\n<p data-start=\"977\" data-end=\"1033\">Ambachtsstraat 2<br data-start=\"993\" data-end=\"996\" \/>3284 XW Zuid-Beijerland<br data-start=\"1019\" data-end=\"1022\" \/>Niederlande<\/p>\n<hr data-start=\"1035\" data-end=\"1038\" \/>\n<h3 data-section-id=\"40nwed\" data-start=\"1040\" data-end=\"1059\">CTG Logistics BV<\/h3>\n<p data-start=\"1060\" data-end=\"1132\">Propaanweg 53<br data-start=\"1073\" data-end=\"1076\" \/>3196 KH Vondelingenplaat (Hafen Rotterdam)<br data-start=\"1118\" data-end=\"1121\" \/>Niederlande<\/p>\n<p data-start=\"1134\" data-end=\"1137\">und<\/p>\n<p data-start=\"1139\" data-end=\"1210\">Butaanweg 5A<br data-start=\"1151\" data-end=\"1154\" \/>3196 KC Vondelingenplaat (Hafen Rotterdam)<br data-start=\"1196\" data-end=\"1199\" \/>Niederlande<\/p>\n<hr data-start=\"1212\" data-end=\"1215\" \/>\n<p data-start=\"1217\" data-end=\"1296\">Durch diese strategisch positionierten Logistikzentren unterst\u00fctzt Gentrochema:<\/p>\n<ul data-start=\"1298\" data-end=\"1485\">\n<li data-section-id=\"4axxoc\" data-start=\"1298\" data-end=\"1336\">Europ\u00e4ische Chemikalien-Distribution<\/li>\n<li data-section-id=\"1vpwx2q\" data-start=\"1337\" data-end=\"1363\">Import- &amp; Exportlogistik<\/li>\n<li data-section-id=\"poo9c0\" data-start=\"1364\" data-end=\"1383\">Containerhandling<\/li>\n<li data-section-id=\"13i6rqu\" data-start=\"1384\" data-end=\"1416\">ADR-konforme Transportl\u00f6sungen<\/li>\n<li data-section-id=\"1l3kczn\" data-start=\"1417\" data-end=\"1440\">Industrielle Lagerung<\/li>\n<li data-section-id=\"1ej781h\" data-start=\"1441\" data-end=\"1485\">Flexible Verpackungs- und Palettenl\u00f6sungen<\/li>\n<\/ul>\n<p data-start=\"1487\" data-end=\"1610\">Unser Lagernetzwerk erm\u00f6glicht zuverl\u00e4ssige Lieferungen innerhalb Europas sowie weltweite Versandm\u00f6glichkeiten auf Anfrage.<\/p>\n<hr data-start=\"1612\" data-end=\"1615\" \/>\n<h2 data-section-id=\"dwr6gc\" data-start=\"1617\" data-end=\"1645\">Unternehmensinformationen<\/h2>\n<p data-start=\"1647\" data-end=\"1707\">Umsatzsteuer-Identifikationsnummer (VAT)<br data-start=\"1687\" data-end=\"1690\" \/>&#x1f449; NL806207735B01<\/p>\n<p data-start=\"1709\" data-end=\"1748\">Handelskammernummer (KvK)<br data-start=\"1734\" data-end=\"1737\" \/>&#x1f449; 20086731<\/p>\n<hr data-start=\"1750\" data-end=\"1753\" \/>\n<h2 data-section-id=\"1fs8nc3\" data-start=\"1755\" data-end=\"1794\">Informationen oder Angebot anfordern<\/h2>\n<p data-start=\"1796\" data-end=\"2012\">F\u00fcr Produktinformationen, technische Spezifikationen, Preise, logistische M\u00f6glichkeiten oder allgemeine Anfragen nutzen Sie bitte unser <a href=\"https:\/\/www.gentrochema.nl\/en\/general-information\/\">Kontaktformular<\/a> oder kontaktieren Sie unser Team direkt per E-Mail oder Telefon.<\/p>\n<p data-start=\"2014\" data-end=\"2115\" data-is-last-node=\"\" data-is-only-node=\"\">Wir unterst\u00fctzen Sie gerne mit zuverl\u00e4ssigen chemischen Lieferl\u00f6sungen und schnellen Reaktionszeiten.<\/p>\n<p><\/p>","protected":false},"excerpt":{"rendered":"<p>Kontakt Gentrochema B\u00fcro &amp; Logistik Gentrochema BV Lage Ham 1905102 AE DongenNiederlande Kontaktinformationen &#x1f4de; Telefon&#x1f449; +31&#8230;<\/p>\n","protected":false},"author":8,"featured_media":0,"parent":0,"menu_order":0,"comment_status":"open","ping_status":"open","template":"","meta":{"footnotes":""},"categories":[22],"tags":[],"yst_prominent_words":[1163,924,1287,1334],"class_list":["post-126","page","type-page","status-publish","hentry","category-contact"],"_links":{"self":[{"href":"https:\/\/www.gentrochema.nl\/de\/wp-json\/wp\/v2\/pages\/126","targetHints":{"allow":["GET"]}}],"collection":[{"href":"https:\/\/www.gentrochema.nl\/de\/wp-json\/wp\/v2\/pages"}],"about":[{"href":"https:\/\/www.gentrochema.nl\/de\/wp-json\/wp\/v2\/types\/page"}],"author":[{"embeddable":true,"href":"https:\/\/www.gentrochema.nl\/de\/wp-json\/wp\/v2\/users\/8"}],"replies":[{"embeddable":true,"href":"https:\/\/www.gentrochema.nl\/de\/wp-json\/wp\/v2\/comments?post=126"}],"version-history":[{"count":10,"href":"https:\/\/www.gentrochema.nl\/de\/wp-json\/wp\/v2\/pages\/126\/revisions"}],"predecessor-version":[{"id":7154,"href":"https:\/\/www.gentrochema.nl\/de\/wp-json\/wp\/v2\/pages\/126\/revisions\/7154"}],"wp:attachment":[{"href":"https:\/\/www.gentrochema.nl\/de\/wp-json\/wp\/v2\/media?parent=126"}],"wp:term":[{"taxonomy":"category","embeddable":true,"href":"https:\/\/www.gentrochema.nl\/de\/wp-json\/wp\/v2\/categories?post=126"},{"taxonomy":"post_tag","embeddable":true,"href":"https:\/\/www.gentrochema.nl\/de\/wp-json\/wp\/v2\/tags?post=126"},{"taxonomy":"yst_prominent_words","embeddable":true,"href":"https:\/\/www.gentrochema.nl\/de\/wp-json\/wp\/v2\/yst_prominent_words?post=126"}],"curies":[{"name":"wp","href":"https:\/\/api.w.org\/{rel}","templated":true}]}}